{"id":1135,"date":"2021-09-08T09:48:21","date_gmt":"2021-09-08T07:48:21","guid":{"rendered":"https:\/\/antcube.shop\/?page_id=1135"},"modified":"2024-10-24T14:32:46","modified_gmt":"2024-10-24T12:32:46","slug":"fenntarthatosag","status":"publish","type":"page","link":"https:\/\/antcube.shop\/hu\/rolunk\/fenntarthatosag\/","title":{"rendered":"Fenntarthat\u00f3s\u00e1g"},"content":{"rendered":"<div id=\"gap-1631359235\" class=\"gap-element clearfix\" style=\"display:block; height:auto;\">\n\t\t\n<style>\n#gap-1631359235 {\n  padding-top: 181px;\n}\n@media (min-width:850px) {\n  #gap-1631359235 {\n    padding-top: 75px;\n  }\n}\n<\/style>\n\t<\/div>\n\t\n\n\n  <div class=\"banner has-hover\" id=\"banner-1365005162\">\n          <div class=\"banner-inner fill\">\n        <div class=\"banner-bg fill\" >\n            <img data-recalc-dims=\"1\" loading=\"lazy\" decoding=\"async\" width=\"1020\" height=\"574\" src=\"https:\/\/i0.wp.com\/antcube.shop\/wp-content\/uploads\/2021\/08\/caspian-dahlstrom-xXbaTOP31M4-unsplash-scaled.jpg?resize=1020%2C574&#038;ssl=1\" class=\"bg attachment-original size-original\" alt=\"\" \/>                        <div class=\"overlay\"><\/div>            \n                    <\/div>\n\t\t\n        <div class=\"banner-layers container\">\n            <div class=\"fill banner-link\"><\/div>            \n\n   <div id=\"text-box-1732738867\" class=\"text-box banner-layer x50 md-x50 lg-x50 y50 md-y50 lg-y50 res-text\">\n                                <div class=\"text-box-content text dark\">\n              \n              <div class=\"text-inner text-center\">\n                  \n\n<h3 class=\"uppercase\"><strong>Fenntarthat\u00f3s\u00e1g<\/strong><\/h3>\n<p>\u00a0<\/p>\n\n              <\/div>\n           <\/div>\n                            \n<style>\n#text-box-1732738867 {\n  width: 60%;\n}\n#text-box-1732738867 .text-box-content {\n  font-size: 100%;\n}\n<\/style>\n    <\/div>\n \n\n        <\/div>\n      <\/div>\n\n            \n<style>\n#banner-1365005162 {\n  padding-top: 60%;\n}\n#banner-1365005162 .overlay {\n  background-color: rgba(0, 0, 0, 0);\n}\n#banner-1365005162 .banner-bg img {\n  object-position: 51% 51%;\n}\n@media (min-width:550px) {\n  #banner-1365005162 {\n    padding-top: 500px;\n  }\n}\n<\/style>\n  <\/div>\n\n\n\t<div id=\"gap-854972890\" class=\"gap-element clearfix\" style=\"display:block; height:auto;\">\n\t\t\n<style>\n#gap-854972890 {\n  padding-top: 40px;\n}\n<\/style>\n\t<\/div>\n\t\n\n<div class=\"row\"  id=\"row-784279084\">\n\n\n\t<div id=\"col-1540910029\" class=\"col medium-7 small-12 large-6\"  >\n\t\t\t\t<div class=\"col-inner\"  >\n\t\t\t\n\t\t\t\n\n\t<div id=\"text-2760654395\" class=\"text\">\n\t\t\n\n<h2>Hogyan dolgozunk azon, hogy k\u00f6rnyezetbar\u00e1tabb\u00e1 v\u00e1ljunk<\/h2>\n<p align=\"CENTER\"><strong><span style=\"color: #ff0000;\">Mindannyian felel\u0151sek vagyunk ez\u00e9rt a bolyg\u00f3\u00e9rt !<\/span><\/strong><\/p>\n<p>Alap\u00edt\u00f3nk m\u00e1r akkor is ezt gondolta, amikor 20 \u00e9vvel ezel\u0151tt elind\u00edtotta az ANTSTORE-t. A term\u00e9szet meg\u00f3v\u00e1sa az\u00e1ltal, hogy \u00fcvegb\u0151l tartjuk a hangy\u00e1kat, az akril be\u00e1ll\u00edt\u00e1sok helyett.<\/p>\n<p>Meg\u00e9rtj\u00fck, hogy a F\u00f6ldnek nincs sz\u00fcks\u00e9ge r\u00e1nk, de nek\u00fcnk sz\u00fcks\u00e9g\u00fcnk van erre a csod\u00e1latos bolyg\u00f3ra. Ez\u00e9rt dolgozzunk egy\u00fctt term\u00e9szet\u00fcnk meg\u00f3v\u00e1s\u00e1\u00e9rt, h\u00e1l\u00e1sak vagyunk minden seg\u00edts\u00e9g\u00e9rt a k\u00f6rnyezetbar\u00e1t \u00e9s \u00fajrahasznos\u00edthat\u00f3 csomagol\u00e1sok kutat\u00e1s\u00e1ban \u00e9s fejleszt\u00e9s\u00e9ben, hogy ne legyen t\u00f6bb\u00e9 magasabb a polietil\u00e9n r\u00e9szecsk\u00e9k ar\u00e1nya a viz\u00fcnkben.<\/p>\n<p>Ez\u00e9rt most megtessz\u00fck az els\u0151 l\u00e9p\u00e9seket, hogy 2022 ut\u00e1n kiz\u00e1r\u00f3lag k\u00f6rnyezetbar\u00e1t csomagol\u00e1st haszn\u00e1ljunk. Tudjuk, hogy a csomagol\u00e1s megv\u00e1ltoztat\u00e1sa csak egy kis l\u00e9p\u00e9s egy v\u00e1llalat sz\u00e1m\u00e1ra a fenntarthat\u00f3s\u00e1g fel\u00e9, ez\u00e9rt dolgozunk a digitaliz\u00e1ci\u00f3n, a sz\u00e1ll\u00edt\u00e1si \u00fatvonalak optimaliz\u00e1l\u00e1s\u00e1n \u00e9s az oktat\u00e1son is.<\/p>\n<p>T\u00e1mogathat minket, ha megv\u00e1s\u00e1rolja term\u00e9keinket. Seg\u00edtsen nek\u00fcnk abban, hogy teljes\u00edts\u00fck k\u00f6teless\u00e9g\u00fcnket, hogy meg\u0151rizz\u00fck ezt a csod\u00e1latos z\u00f6ld bolyg\u00f3t \u00e9s annak minden v\u00e1ltozatos \u00e9letform\u00e1j\u00e1t. V\u00e1s\u00e1rl\u00e1s\u00e1val \u00d6n arra \u00f6szt\u00f6nzi Kutat\u00f3 \u00e9s Fejleszt\u0151 r\u00e9szleg\u00fcnket, hogy m\u00e9g t\u00f6bb fenntarthat\u00f3 megold\u00e1st dolgozzon ki mindannyiunk \u00e9rdek\u00e9ben.<\/p>\n<p>Tervezz\u00fck tov\u00e1bb\u00e1, hogy egy\u00fcttm\u0171k\u00f6d\u00fcnk egy \"\u00fcltess\u00fcnk f\u00e1t alap\u00edtv\u00e1nnyal\", hogy erdeink \u00fajra n\u00f6vekedni kezdjenek. Ezek a hangy\u00e1k sz\u00e1m\u00e1ra is a legfontosabb \u00e9l\u0151helyek k\u00f6z\u00e9 tartoznak! Hamarosan t\u00e1j\u00e9koztatjuk \u00d6n\u00f6ket a h\u00edrekr\u0151l.<\/p>\n\t\t\n<style>\n#text-2760654395 {\n  text-align: center;\n}\n<\/style>\n\t<\/div>\n\t\n\n\t\t<\/div>\n\t\t\t\t\t<\/div>\n\n\t\n\n\t<div id=\"col-1751659466\" class=\"col medium-5 small-12 large-6\"  >\n\t\t\t\t<div class=\"col-inner\"  >\n\t\t\t\n\t\t\t\n\n\t<div class=\"img has-hover x md-x lg-x y md-y lg-y\" id=\"image_1896790860\">\n\t\t\t\t\t\t\t\t<div class=\"img-inner dark\" >\n\t\t\t<img data-recalc-dims=\"1\" loading=\"lazy\" decoding=\"async\" width=\"1020\" height=\"681\" src=\"https:\/\/i0.wp.com\/antcube.shop\/wp-content\/uploads\/2021\/08\/mark-AddyORqTyCg-unsplash-scaled.jpg?resize=1020%2C681&#038;ssl=1\" class=\"attachment-original size-original\" alt=\"\" srcset=\"https:\/\/i0.wp.com\/antcube.shop\/wp-content\/uploads\/2021\/08\/mark-AddyORqTyCg-unsplash-scaled.jpg?w=2560&amp;ssl=1 2560w, https:\/\/i0.wp.com\/antcube.shop\/wp-content\/uploads\/2021\/08\/mark-AddyORqTyCg-unsplash-scaled.jpg?resize=510%2C341&amp;ssl=1 510w, https:\/\/i0.wp.com\/antcube.shop\/wp-content\/uploads\/2021\/08\/mark-AddyORqTyCg-unsplash-scaled.jpg?resize=599%2C400&amp;ssl=1 599w, https:\/\/i0.wp.com\/antcube.shop\/wp-content\/uploads\/2021\/08\/mark-AddyORqTyCg-unsplash-scaled.jpg?resize=1198%2C800&amp;ssl=1 1198w, https:\/\/i0.wp.com\/antcube.shop\/wp-content\/uploads\/2021\/08\/mark-AddyORqTyCg-unsplash-scaled.jpg?resize=768%2C513&amp;ssl=1 768w, https:\/\/i0.wp.com\/antcube.shop\/wp-content\/uploads\/2021\/08\/mark-AddyORqTyCg-unsplash-scaled.jpg?resize=1536%2C1026&amp;ssl=1 1536w, https:\/\/i0.wp.com\/antcube.shop\/wp-content\/uploads\/2021\/08\/mark-AddyORqTyCg-unsplash-scaled.jpg?resize=2048%2C1368&amp;ssl=1 2048w\" sizes=\"auto, (max-width: 1020px) 100vw, 1020px\" \/>\t\t\t\t\t\t\n\t\t\t\t\t<\/div>\n\t\t\t\t\t\t\t\t\n<style>\n#image_1896790860 {\n  width: 100%;\n}\n<\/style>\n\t<\/div>\n\t\n\n\n\t\t<\/div>\n\t\t\t\t\t<\/div>\n\n\t\n\n<\/div>","protected":false},"excerpt":{"rendered":"","protected":false},"author":1,"featured_media":0,"parent":104,"menu_order":0,"comment_status":"closed","ping_status":"closed","template":"","meta":{"_acf_changed":false,"content-type":"","_monsterinsights_skip_tracking":false,"_monsterinsights_sitenote_active":false,"_monsterinsights_sitenote_note":"","_monsterinsights_sitenote_category":0,"footnotes":""},"class_list":["post-1135","page","type-page","status-publish","hentry"],"acf":[],"aioseo_notices":[],"jetpack_sharing_enabled":true,"_links":{"self":[{"href":"https:\/\/antcube.shop\/hu\/wp-json\/wp\/v2\/pages\/1135","targetHints":{"allow":["GET"]}}],"collection":[{"href":"https:\/\/antcube.shop\/hu\/wp-json\/wp\/v2\/pages"}],"about":[{"href":"https:\/\/antcube.shop\/hu\/wp-json\/wp\/v2\/types\/page"}],"author":[{"embeddable":true,"href":"https:\/\/antcube.shop\/hu\/wp-json\/wp\/v2\/users\/1"}],"replies":[{"embeddable":true,"href":"https:\/\/antcube.shop\/hu\/wp-json\/wp\/v2\/comments?post=1135"}],"version-history":[{"count":10,"href":"https:\/\/antcube.shop\/hu\/wp-json\/wp\/v2\/pages\/1135\/revisions"}],"predecessor-version":[{"id":10349,"href":"https:\/\/antcube.shop\/hu\/wp-json\/wp\/v2\/pages\/1135\/revisions\/10349"}],"up":[{"embeddable":true,"href":"https:\/\/antcube.shop\/hu\/wp-json\/wp\/v2\/pages\/104"}],"wp:attachment":[{"href":"https:\/\/antcube.shop\/hu\/wp-json\/wp\/v2\/media?parent=1135"}],"curies":[{"name":"wp","href":"https:\/\/api.w.org\/{rel}","templated":true}]}}