{"id":10607,"date":"2024-11-29T12:11:26","date_gmt":"2024-11-29T11:11:26","guid":{"rendered":"https:\/\/antcube.shop\/?page_id=10607"},"modified":"2024-12-03T12:53:14","modified_gmt":"2024-12-03T11:53:14","slug":"a-hangyatartasra-vonatkozo-iranymutatasok","status":"publish","type":"page","link":"https:\/\/antcube.shop\/hu\/a-hangyatartasra-vonatkozo-iranymutatasok\/","title":{"rendered":"A hangyatart\u00e1sra vonatkoz\u00f3 ir\u00e1nymutat\u00e1sok"},"content":{"rendered":"<div id=\"gap-2137345979\" class=\"gap-element clearfix\" style=\"display:block; height:auto;\">\n\t\t\n<style>\n#gap-2137345979 {\n  padding-top: 190px;\n}\n<\/style>\n\t<\/div>\n\t\n\n<div class=\"row\"  id=\"row-1658306342\">\n\n\n\t<div id=\"col-2013584953\" class=\"col small-12 large-12\"  >\n\t\t\t\t<div class=\"col-inner\"  >\n\t\t\t\n\t\t\t\n\n<h1><b>A hangy\u00e1k tart\u00e1s\u00e1ra vonatkoz\u00f3 ir\u00e1nymutat\u00e1sok<\/b><\/h1>\n<h2><b>Fontos megjegyz\u00e9s a fajok \u00e9s a term\u00e9szetv\u00e9delemmel kapcsolatban<\/b><\/h2>\n<ul>\n<li style=\"font-weight: 400;\" aria-level=\"1\"><b>K\u00e1rosod\u00e1s \u00e9s betegs\u00e9g kock\u00e1zata:<\/b><span style=\"font-weight: 400;\"> Az \u00e9l\u0151 \u00e1llatok k\u00e1rt okozhatnak vagy betegs\u00e9geket terjeszthetnek. K\u00fcl\u00f6n\u00f6sen az allergi\u00e1soknak kell \u00f3vatosnak lenni\u00fck.<\/span><\/li>\n<li style=\"font-weight: 400;\" aria-level=\"1\"><b>Tilos kiadni:<\/b><span style=\"font-weight: 400;\"> A hangy\u00e1kat semmilyen k\u00f6r\u00fclm\u00e9nyek k\u00f6z\u00f6tt nem szabad szabadon engedni a vadonba az \u0151shonos \u00e9s idegenhonos n\u00f6v\u00e9ny- \u00e9s \u00e1llatvil\u00e1g v\u00e9delme \u00e9rdek\u00e9ben. A hangy\u00e1k hat\u00f3s\u00e1gi enged\u00e9ly n\u00e9lk\u00fcli szabadon enged\u00e9se a term\u00e9szetv\u00e9delmi jogszab\u00e1lyok szerint b\u00fcntetend\u0151 cselekm\u00e9ny. Felaj\u00e1nljuk, hogy a r\u00e9gi kol\u00f3ni\u00e1kat t\u00e9r\u00edt\u00e9smentesen visszavessz\u00fck.<\/span><\/li>\n<li style=\"font-weight: 400;\" aria-level=\"1\"><b>A faj azonos\u00edt\u00e1sa: <\/b><span style=\"font-weight: 400;\">A hangyafajokat legjobb tud\u00e1sunk szerint azonos\u00edtottuk. K\u00e9s\u0151bbi v\u00e1ltoz\u00e1sok eset\u00e9n joga van a kol\u00f3nia visszaszolg\u00e1ltat\u00e1s\u00e1ra.<\/span><\/li>\n<\/ul>\n<h2><b>Hangy\u00e1k elk\u00fcld\u00e9se<\/b><\/h2>\n<ul>\n<li style=\"font-weight: 400;\" aria-level=\"1\"><b>Sz\u00e1ll\u00edt\u00e1si ter\u00fclet: <\/b><span style=\"font-weight: 400;\">Az \u00e9l\u0151 \u00e1llatokat csak az EU-n bel\u00fcl sz\u00e1ll\u00edtj\u00e1k. A region\u00e1lis behozatali szab\u00e1lyokr\u00f3l a helyi \u00e1llateg\u00e9szs\u00e9g\u00fcgyi hivatalban kell \u00e9rdekl\u0151dni.<\/span><\/li>\n<li style=\"font-weight: 400;\" aria-level=\"1\"><b>H\u0151m\u00e9rs\u00e9klet a sz\u00e1ll\u00edt\u00e1s sor\u00e1n:<\/b>\n<ul>\n<li style=\"font-weight: 400;\" aria-level=\"2\"><b>\u00c9jszakai h\u0151m\u00e9rs\u00e9klet:<\/b>\n<ul>\n<li style=\"font-weight: 400;\" aria-level=\"3\"><span style=\"font-weight: 400;\">\u00c9szak- \u00e9s k\u00f6z\u00e9p-eur\u00f3pai fajok: <span data-text-color=\"alert\">&gt;0\u00b0C<\/span> (Express: <span data-text-color=\"alert\">&gt;-5\u00b0C<\/span> szigetel\u00e9ssel)<\/span><\/li>\n<li style=\"font-weight: 400;\" aria-level=\"3\"><span style=\"font-weight: 400;\">D\u00e9l-eur\u00f3pai fajok: <span data-text-color=\"secondary\">&gt;+5\u00b0C<\/span> (Express: <span data-text-color=\"secondary\">&gt;0\u00b0C<\/span> szigetel\u00e9ssel)<\/span><\/li>\n<li style=\"font-weight: 400;\" aria-level=\"3\"><span style=\"font-weight: 400;\">Tr\u00f3pusi fajok: <span data-text-color=\"secondary\">&gt;+10\u00b0C<\/span> (Express: <span data-text-color=\"secondary\">&gt;+5\u00b0C<\/span> h\u0151csomaggal)<\/span><\/li>\n<\/ul>\n<\/li>\n<li style=\"font-weight: 400;\" aria-level=\"2\"><b>Nappali h\u0151m\u00e9rs\u00e9klet: <\/b><span style=\"font-weight: 400;\">Maxim\u00e1lis <span data-text-color=\"alert\">+30\u00b0C<\/span> minden faj eset\u00e9ben.<\/span><\/li>\n<\/ul>\n<\/li>\n<\/ul>\n<p><span style=\"font-weight: 400;\">A megrendelt hangy\u00e1kat a megadott h\u0151m\u00e9rs\u00e9kleti tartom\u00e1nyokon k\u00edv\u00fcl nem sz\u00e1ll\u00edtjuk. A lehet\u0151 legkor\u00e1bbi id\u0151pontban ker\u00fclnek kisz\u00e1ll\u00edt\u00e1sra.<\/span><\/p>\n<p><span style=\"font-weight: 400;\">Err\u0151l k\u00fcl\u00f6n \u00e9rtes\u00edtj\u00fck \u00d6nt e-mailben.\u00a0<\/span><\/p>\n<h2><b>Hangyatart\u00e1s<\/b><\/h2>\n<ul>\n<li style=\"font-weight: 400;\" aria-level=\"1\"><span style=\"font-weight: 400;\">R\u00e9szletes tart\u00e1si inform\u00e1ci\u00f3k az adott faj term\u00e9kle\u00edr\u00e1s\u00e1ban tal\u00e1lhat\u00f3k.<\/span><\/li>\n<\/ul>\n<h3><b>Probl\u00e9m\u00e1k a hangy\u00e1k tart\u00e1s\u00e1val<\/b><\/h3>\n<ol>\n<li><b> hangyapusztul\u00e1s - lehets\u00e9ges okok<\/b><\/li>\n<\/ol>\n<ul>\n<li style=\"font-weight: 400;\" aria-level=\"1\"><b>V\u00edzmin\u0151s\u00e9g:<\/b>\n<ul>\n<li style=\"font-weight: 400;\" aria-level=\"2\"><span style=\"font-weight: 400;\">A csapv\u00edz a kl\u00f3r vagy a r\u00e9z miatt m\u00e9rgez\u0151 lehet a hangy\u00e1k sz\u00e1m\u00e1ra.<\/span><\/li>\n<li style=\"font-weight: 400;\" aria-level=\"2\"><b>Aj\u00e1nl\u00e1s: <\/b><span style=\"font-weight: 400;\">Sz\u0171rt vagy es\u0151vizet haszn\u00e1ljon, ne desztill\u00e1lt vizet.<\/span><\/li>\n<\/ul>\n<\/li>\n<li style=\"font-weight: 400;\" aria-level=\"1\"><b>Al\u00e1t\u00e9t:<\/b>\n<ul>\n<li style=\"font-weight: 400;\" aria-level=\"2\"><span style=\"font-weight: 400;\">A mad\u00e1rhomok fert\u0151tlen\u00edt\u0151szereket tartalmaz, amelyek k\u00e1ros\u00edthatj\u00e1k a hangy\u00e1kat.<\/span><\/li>\n<li style=\"font-weight: 400;\" aria-level=\"2\"><b>Aj\u00e1nl\u00e1s: <\/b><span style=\"font-weight: 400;\">Haszn\u00e1lja a haszn\u00e1latra k\u00e9sz <\/span><b>padl\u00f3alapok <\/b><span style=\"font-weight: 400;\">vagy kezeletlen kvarchomok, \u00e9s el\u0151tte mossuk vagy s\u00fcss\u00fck meg.<\/span><\/li>\n<\/ul>\n<\/li>\n<li style=\"font-weight: 400;\" aria-level=\"1\"><b>N\u00f6v\u00e9nyek:<\/b>\n<ul>\n<li style=\"font-weight: 400;\" aria-level=\"2\"><span style=\"font-weight: 400;\">A bark\u00e1cs\u00e1ruh\u00e1zakb\u00f3l vagy kert\u00e9szeti k\u00f6zpontokb\u00f3l sz\u00e1rmaz\u00f3 \u00e9l\u0151 n\u00f6v\u00e9nyeket gyakran peszticidekkel kezelik.<\/span><\/li>\n<li style=\"font-weight: 400;\" aria-level=\"2\"><b>Aj\u00e1nl\u00e1s: <\/b><span style=\"font-weight: 400;\">Haszn\u00e1ljon szerves n\u00f6v\u00e9nyeket vagy terr\u00e1riumokra szakosodott boltokban kaphat\u00f3 n\u00f6v\u00e9nyeket.<\/span><\/li>\n<li style=\"font-weight: 400;\" aria-level=\"2\"><span style=\"font-weight: 400;\">Alternat\u00edvak\u00e9nt olyan n\u00f6v\u00e9nyeket is haszn\u00e1lhat, amelyeket legal\u00e1bb egy \u00e9vig n\u00f6v\u00e9nyv\u00e9d\u0151 szerek vagy m\u0171tr\u00e1gy\u00e1k hozz\u00e1ad\u00e1sa n\u00e9lk\u00fcl tartott otthon\u00e1ban.<\/span><\/li>\n<\/ul>\n<\/li>\n<li style=\"font-weight: 400;\" aria-level=\"1\"><b>Tiszt\u00edt\u00e1s:<\/b>\n<ul>\n<li style=\"font-weight: 400;\" aria-level=\"2\"><span style=\"font-weight: 400;\">Az \u00fcvegtiszt\u00edt\u00f3szerek \u00e9s a vegyi anyagok k\u00e1rosak.<\/span><\/li>\n<li style=\"font-weight: 400;\" aria-level=\"2\"><b>Aj\u00e1nl\u00e1s: <\/b><span style=\"font-weight: 400;\">Haszn\u00e1ljon tiszta vizes tiszt\u00edt\u00f3szert vagy szerves tiszt\u00edt\u00f3szert.<\/span><\/li>\n<\/ul>\n<\/li>\n<li style=\"font-weight: 400;\" aria-level=\"1\"><b>Formicarium \u00e9p\u00edt\u00e9se:<\/b>\n<ul>\n<li style=\"font-weight: 400;\" aria-level=\"2\"><span style=\"font-weight: 400;\">Az old\u00f3szereket vagy antibakteri\u00e1lis szilikont tartalmaz\u00f3 anyagok nem alkalmasak.<\/span><\/li>\n<li style=\"font-weight: 400;\" aria-level=\"2\"><b>Aj\u00e1nl\u00e1s: <\/b><span style=\"font-weight: 400;\">Haszn\u00e1ljon old\u00f3szermentes anyagokat vagy akv\u00e1riumi szilikont.<\/span><\/li>\n<\/ul>\n<\/li>\n<li style=\"font-weight: 400;\" aria-level=\"1\"><b>Etet\u00e9s:<\/b>\n<ul>\n<li style=\"font-weight: 400;\" aria-level=\"2\"><span style=\"font-weight: 400;\">A tart\u00f3s\u00edt\u00f3szerek \u00e9s a parazit\u00e1k az \u00e9lelmiszer-\u00e1llatokban k\u00e1rosak lehetnek. Ezenk\u00edv\u00fcl a t\u00f6megesen teny\u00e9sztett \u00e9lelmiszer-\u00e1llatok gyakran atk\u00e1kkal fert\u0151z\u00f6ttek, amelyek k\u00e1ros\u00edthatj\u00e1k a hangy\u00e1kat.\u00a0<\/span><\/li>\n<li style=\"font-weight: 400;\" aria-level=\"2\"><b>Aj\u00e1nl\u00e1s: <\/b><span style=\"font-weight: 400;\">Haszn\u00e1ljon bio\u00e9lelmiszereket vagy a term\u00e9szetb\u0151l sz\u00e1rmaz\u00f3 rovarokat, amelyeket a peszticidekkel esetleg szennyezett utakt\u00f3l \u00e9s f\u00f6ldekt\u0151l t\u00e1vol gy\u0171jt\u00f6ttek \u00f6ssze.<\/span><\/li>\n<\/ul>\n<\/li>\n<li style=\"font-weight: 400;\" aria-level=\"1\"><b>H\u0151m\u00e9rs\u00e9klet:<\/b>\n<ul>\n<li style=\"font-weight: 400;\" aria-level=\"2\"><span style=\"font-weight: 400;\">A Formicaria a k\u00f6zvetlen napf\u00e9ny hat\u00e1s\u00e1ra jelent\u0151sen felmelegedhet.<\/span><\/li>\n<li style=\"font-weight: 400;\" aria-level=\"2\"><b>Aj\u00e1nl\u00e1s: <\/b><span style=\"font-weight: 400;\">Haszn\u00e1ljon min\/max funkci\u00f3val rendelkez\u0151 h\u0151m\u00e9r\u0151t.<\/span><\/li>\n<\/ul>\n<\/li>\n<li style=\"font-weight: 400;\" aria-level=\"1\"><b>T\u00e9li \u00e1lom:<\/b>\n<ul>\n<li style=\"font-weight: 400;\" aria-level=\"2\"><span style=\"font-weight: 400;\">A t\u00e9li \u00e1lom alatt \u00fcgyelj\u00fcnk arra, hogy a f\u00e9szek nedves legyen, hogy elker\u00fclj\u00fck a kisz\u00e1rad\u00e1st.<\/span><\/li>\n<\/ul>\n<\/li>\n<\/ul>\n<ol start=\"2\">\n<li><b> a kir\u00e1lyn\u0151 nem tojik - lehets\u00e9ges okok<\/b><\/li>\n<\/ol>\n<ul>\n<li style=\"font-weight: 400;\" aria-level=\"1\"><b>Szezon: <\/b><span style=\"font-weight: 400;\">Az eur\u00f3pai fajok \u0151sszel\/t\u00e9len nem raknak toj\u00e1sokat.<\/span><b>.<\/b><\/li>\n<li style=\"font-weight: 400;\" aria-level=\"1\"><b>Stressz: <\/b><span style=\"font-weight: 400;\">A sz\u00e1ll\u00edt\u00e1s vagy a f\u00e9szek zavar\u00e1sa elbizonytalan\u00edthatja a kir\u00e1lyn\u0151t.<\/span><\/li>\n<li style=\"font-weight: 400;\" aria-level=\"1\"><b>Feh\u00e9rjehi\u00e1ny: <\/b><span style=\"font-weight: 400;\">A k\u00f6lt\u00e9s fejl\u0151d\u00e9s\u00e9hez feh\u00e9rj\u00e9ben gazdag t\u00e1pl\u00e1l\u00e9kra van sz\u00fcks\u00e9g.<\/span><\/li>\n<li style=\"font-weight: 400;\" aria-level=\"1\"><b>Rejtett toj\u00e1sok: <\/b><span style=\"font-weight: 400;\">A toj\u00e1sok a sz\u00e1ll\u00edt\u00f3tart\u00e1lyban vagy a vatt\u00e1ban tal\u00e1lhat\u00f3k.<\/span><\/li>\n<li style=\"font-weight: 400;\" aria-level=\"1\"><b>\u00c9ghajlat: <\/b><span style=\"font-weight: 400;\">Az optim\u00e1lis k\u00f6r\u00fclm\u00e9nyek (szubsztr\u00e1t, s\u00f6t\u00e9ts\u00e9g, h\u0151m\u00e9rs\u00e9klet, p\u00e1ratartalom) elengedhetetlenek.<\/span><\/li>\n<li style=\"font-weight: 400;\" aria-level=\"1\"><b>Aj\u00e1nl\u00e1s: <\/b><span style=\"font-weight: 400;\">A kezd\u0151knek olyan fajokat kell v\u00e1lasztaniuk, amelyekr\u0151l sok tapasztalati jelent\u00e9s \u00e1ll rendelkez\u00e9sre.<\/span><\/li>\n<\/ul>\n<p><span style=\"font-weight: 400;\">Ezek az ir\u00e1nymutat\u00e1sok alapvet\u0151 inform\u00e1ci\u00f3kat ny\u00fajtanak a hangy\u00e1k sikeres tart\u00e1s\u00e1r\u00f3l. Ha b\u00e1rmilyen k\u00e9rd\u00e9se vagy probl\u00e9m\u00e1ja van, aj\u00e1nlott, hogy forduljon tapasztalt tart\u00f3khoz vagy szak\u00fczletekhez.<\/span><\/p>\n\n\t\t<\/div>\n\t\t\t\t\t<\/div>\n\n\t\n\n<\/div>","protected":false},"excerpt":{"rendered":"","protected":false},"author":1,"featured_media":0,"parent":0,"menu_order":0,"comment_status":"closed","ping_status":"closed","template":"","meta":{"_acf_changed":false,"content-type":"","_monsterinsights_skip_tracking":false,"_monsterinsights_sitenote_active":false,"_monsterinsights_sitenote_note":"","_monsterinsights_sitenote_category":0,"footnotes":""},"class_list":["post-10607","page","type-page","status-publish","hentry"],"acf":[],"aioseo_notices":[],"jetpack_sharing_enabled":true,"_links":{"self":[{"href":"https:\/\/antcube.shop\/hu\/wp-json\/wp\/v2\/pages\/10607","targetHints":{"allow":["GET"]}}],"collection":[{"href":"https:\/\/antcube.shop\/hu\/wp-json\/wp\/v2\/pages"}],"about":[{"href":"https:\/\/antcube.shop\/hu\/wp-json\/wp\/v2\/types\/page"}],"author":[{"embeddable":true,"href":"https:\/\/antcube.shop\/hu\/wp-json\/wp\/v2\/users\/1"}],"replies":[{"embeddable":true,"href":"https:\/\/antcube.shop\/hu\/wp-json\/wp\/v2\/comments?post=10607"}],"version-history":[{"count":5,"href":"https:\/\/antcube.shop\/hu\/wp-json\/wp\/v2\/pages\/10607\/revisions"}],"predecessor-version":[{"id":10717,"href":"https:\/\/antcube.shop\/hu\/wp-json\/wp\/v2\/pages\/10607\/revisions\/10717"}],"wp:attachment":[{"href":"https:\/\/antcube.shop\/hu\/wp-json\/wp\/v2\/media?parent=10607"}],"curies":[{"name":"wp","href":"https:\/\/api.w.org\/{rel}","templated":true}]}}