{"id":102,"date":"2013-08-11T19:22:53","date_gmt":"2013-08-11T19:22:53","guid":{"rendered":"http:\/\/localhost:8888\/test\/?page_id=532"},"modified":"2025-02-17T15:02:29","modified_gmt":"2025-02-17T14:02:29","slug":"kapcsolatfelvetel","status":"publish","type":"page","link":"https:\/\/antcube.shop\/hu\/kapcsolatfelvetel\/","title":{"rendered":"Kapcsolat"},"content":{"rendered":"<div id=\"gap-1041216467\" class=\"gap-element clearfix\" style=\"display:block; height:auto;\">\n\t\t\n<style>\n#gap-1041216467 {\n  padding-top: 30px;\n}\n<\/style>\n\t<\/div>\n\t\n\n<div class=\"row\"  id=\"row-540269600\">\n\n\n\t<div id=\"col-1256172504\" class=\"col medium-6 large-6\"  >\n\t\t\t\t<div class=\"col-inner\"  >\n\t\t\t\n\t\t\t\n\n<div class=\"container section-title-container\" ><h3 class=\"section-title section-title-normal\"><b aria-hidden=\"true\"><\/b><span class=\"section-title-main\" >Gyakran ism\u00e9telt k\u00e9rd\u00e9sek<\/span><b aria-hidden=\"true\"><\/b><\/h3><\/div>\n\n<p class=\"lead\">K\u00e9rj\u00fck, olvassa el <a href=\"https:\/\/antcube.shop\/faq-shop\/\">GYIK<\/a> miel\u0151tt \u00fczenetet k\u00fcldene nek\u00fcnk.<\/p>\n<div class=\"accordion\">\n\n\t<div id=\"accordion-3669037544\" class=\"accordion-item\">\n\t\t<a id=\"accordion-3669037544-label\" class=\"accordion-title plain\" href=\"#accordion-item-you-do-not-know-what-ant-species-to-keep-or-which-formicarium-you-should-use?\" aria-expanded=\"false\" aria-controls=\"accordion-3669037544-content\">\n\t\t\t<button class=\"toggle\" aria-label=\"Toggle\"><i class=\"icon-angle-down\" aria-hidden=\"true\"><\/i><\/button>\n\t\t\t<span>Nem tudja, hogy milyen hangyafajokat tartson, vagy melyik Formicariumot haszn\u00e1lja?<\/span>\n\t\t<\/a>\n\t\t<div id=\"accordion-3669037544-content\" class=\"accordion-inner\" aria-labelledby=\"accordion-3669037544-label\">\n\t\t\t\n\n<p>Pr\u00f3b\u00e1lja ki \"Ant Finder\" vagy \"Formicarium Finder\" - Online \u00fcgyf\u00e9lszolg\u00e1latunk<\/p>\n<p><a href=\"https:\/\/antcube.shop\/ant-finder\/\">Tal\u00e1lja meg a hangyafajokat<\/a><\/p>\n<p><a href=\"https:\/\/antcube.shop\/formicarium-finder\/\">Keresse meg a Formicariumot<\/a><\/p>\n\n\t\t<\/div>\n\t<\/div>\n\t\n\t<div id=\"accordion-2397682810\" class=\"accordion-item\">\n\t\t<a id=\"accordion-2397682810-label\" class=\"accordion-title plain\" href=\"#accordion-item-what-are-the-delivery-times-and-charges-for-orders-from-the-online-shop?\" aria-expanded=\"false\" aria-controls=\"accordion-2397682810-content\">\n\t\t\t<button class=\"toggle\" aria-label=\"Toggle\"><i class=\"icon-angle-down\" aria-hidden=\"true\"><\/i><\/button>\n\t\t\t<span>Milyen sz\u00e1ll\u00edt\u00e1si hat\u00e1rid\u0151k \u00e9s d\u00edjak vonatkoznak az online \u00e1ruh\u00e1zb\u00f3l t\u00f6rt\u00e9n\u0151 megrendel\u00e9sekre?<\/span>\n\t\t<\/a>\n\t\t<div id=\"accordion-2397682810-content\" class=\"accordion-inner\" aria-labelledby=\"accordion-2397682810-label\">\n\t\t\t\n\n<p>A v\u00e1rhat\u00f3 sz\u00e1ll\u00edt\u00e1si id\u0151kr\u0151l itt tal\u00e1l inform\u00e1ci\u00f3kat:<\/p>\n<p><a href=\"https:\/\/antcube.shop\/delivery-times\/\">Sz\u00e1ll\u00edt\u00e1si id\u0151k<\/a><\/p>\n<p>Ha a becs\u00fclt sz\u00e1ll\u00edt\u00e1si k\u00f6lts\u00e9gekr\u0151l \u00e9s a sz\u00e1ll\u00edt\u00e1si korl\u00e1toz\u00e1sokr\u00f3l szeretne t\u00e1j\u00e9koz\u00f3dni, k\u00e9rj\u00fck, n\u00e9zze meg itt:<\/p>\n<p><a href=\"https:\/\/antcube.shop\/shipping-costs-delivery-restrictions\/\">Sz\u00e1ll\u00edt\u00e1si k\u00f6lts\u00e9gek\/ sz\u00e1ll\u00edt\u00e1si korl\u00e1toz\u00e1sok<\/a><\/p>\n\n\t\t<\/div>\n\t<\/div>\n\t\n\t<div id=\"accordion-1706958718\" class=\"accordion-item\">\n\t\t<a id=\"accordion-1706958718-label\" class=\"accordion-title plain\" href=\"#accordion-item-you-have-questions-about-returns-or-refunds?\" aria-expanded=\"false\" aria-controls=\"accordion-1706958718-content\">\n\t\t\t<button class=\"toggle\" aria-label=\"Toggle\"><i class=\"icon-angle-down\" aria-hidden=\"true\"><\/i><\/button>\n\t\t\t<span>K\u00e9rd\u00e9se van a visszak\u00fcld\u00e9ssel vagy visszat\u00e9r\u00edt\u00e9ssel kapcsolatban?<\/span>\n\t\t<\/a>\n\t\t<div id=\"accordion-1706958718-content\" class=\"accordion-inner\" aria-labelledby=\"accordion-1706958718-label\">\n\t\t\t\n\n<p><a href=\"https:\/\/antcube.shop\/refund-policy\/\">Visszat\u00e9r\u00edt\u00e9si politika<\/a><\/p>\n<p><a href=\"https:\/\/antcube.shop\/terms-and-conditions\/\">Felt\u00e9telek \u00e9s kik\u00f6t\u00e9sek<\/a><\/p>\n\n\t\t<\/div>\n\t<\/div>\n\t\n\t<div id=\"accordion-1508893554\" class=\"accordion-item\">\n\t\t<a id=\"accordion-1508893554-label\" class=\"accordion-title plain\" href=\"#accordion-item-which-payment-methods-are-accepted-in-the-online-shop?\" aria-expanded=\"false\" aria-controls=\"accordion-1508893554-content\">\n\t\t\t<button class=\"toggle\" aria-label=\"Toggle\"><i class=\"icon-angle-down\" aria-hidden=\"true\"><\/i><\/button>\n\t\t\t<span>Milyen fizet\u00e9si m\u00f3dokat fogadunk el az online \u00e1ruh\u00e1zban?<\/span>\n\t\t<\/a>\n\t\t<div id=\"accordion-1508893554-content\" class=\"accordion-inner\" aria-labelledby=\"accordion-1508893554-label\">\n\t\t\t\n\n<p>Az elfogadott fizet\u00e9si m\u00f3dok \u00e1ttekint\u00e9s\u00e9t itt tal\u00e1lja:<\/p>\n<p><a href=\"https:\/\/antcube.shop\/payment-methods\/\">Fizet\u00e9si m\u00f3dok<\/a><\/p>\n\n\t\t<\/div>\n\t<\/div>\n\t\n\t<div id=\"accordion-4078484652\" class=\"accordion-item\">\n\t\t<a id=\"accordion-4078484652-label\" class=\"accordion-title plain\" href=\"#accordion-item-you-are-looking-for-user-manuals-for-your-starter-set?\" aria-expanded=\"false\" aria-controls=\"accordion-4078484652-content\">\n\t\t\t<button class=\"toggle\" aria-label=\"Toggle\"><i class=\"icon-angle-down\" aria-hidden=\"true\"><\/i><\/button>\n\t\t\t<span>Haszn\u00e1lati \u00fatmutat\u00f3t keres a kezd\u0151 szetthez?<\/span>\n\t\t<\/a>\n\t\t<div id=\"accordion-4078484652-content\" class=\"accordion-inner\" aria-labelledby=\"accordion-4078484652-label\">\n\t\t\t\n\n<p>Itt tal\u00e1l PDF felhaszn\u00e1l\u00f3i k\u00e9zik\u00f6nyveket nyomtat\u00e1sra vagy let\u00f6lt\u00e9sre:<\/p>\n<p><a href=\"https:\/\/antcube.shop\/download\/\">Let\u00f6lt\u00e9s<\/a><\/p>\n\n\t\t<\/div>\n\t<\/div>\n\t\n\t<div id=\"accordion-1518699755\" class=\"accordion-item\">\n\t\t<a id=\"accordion-1518699755-label\" class=\"accordion-title plain\" href=\"#accordion-item-you-need-more-information-about-certain-ant-species-or-ant-keeping-in-general?\" aria-expanded=\"false\" aria-controls=\"accordion-1518699755-content\">\n\t\t\t<button class=\"toggle\" aria-label=\"Toggle\"><i class=\"icon-angle-down\" aria-hidden=\"true\"><\/i><\/button>\n\t\t\t<span>T\u00f6bb inform\u00e1ci\u00f3ra van sz\u00fcks\u00e9ge bizonyos hangyafajokr\u00f3l vagy \u00e1ltal\u00e1ban a hangyatart\u00e1sr\u00f3l?<\/span>\n\t\t<\/a>\n\t\t<div id=\"accordion-1518699755-content\" class=\"accordion-inner\" aria-labelledby=\"accordion-1518699755-label\">\n\t\t\t\n\n<p>A hangy\u00e1kkal \u00e9s a hangyatart\u00e1ssal kapcsolatos gyakran ism\u00e9telt k\u00e9rd\u00e9seket itt tal\u00e1lja:<\/p>\n<p><a href=\"https:\/\/antcube.shop\/faq-ants\/\">GYIK hangy\u00e1k<\/a><\/p>\n<p><a href=\"https:\/\/antcube.shop\/catching-queen-ants\/\">Hogyan fogjuk el a hangyakir\u00e1lyn\u0151t<\/a><\/p>\n<p><a href=\"https:\/\/antcube.shop\/ant-species\/\">Tudjon meg t\u00f6bbet a hangy\u00e1kr\u00f3l<\/a><\/p>\n<p><a href=\"https:\/\/antcube.shop\/social-media\/\">N\u00e9zze meg YouTube csatorn\u00e1inkat, ott hasznos tippeket \u00e9s inform\u00e1ci\u00f3kat tal\u00e1lhat.<\/a><\/p>\n\n\t\t<\/div>\n\t<\/div>\n\t\n\t<div id=\"accordion-700304520\" class=\"accordion-item\">\n\t\t<a id=\"accordion-700304520-label\" class=\"accordion-title plain\" href=\"#accordion-item-you-have-questions-about-our-products?\" aria-expanded=\"false\" aria-controls=\"accordion-700304520-content\">\n\t\t\t<button class=\"toggle\" aria-label=\"Toggle\"><i class=\"icon-angle-down\" aria-hidden=\"true\"><\/i><\/button>\n\t\t\t<span>K\u00e9rd\u00e9se van a term\u00e9keinkkel kapcsolatban?<\/span>\n\t\t<\/a>\n\t\t<div id=\"accordion-700304520-content\" class=\"accordion-inner\" aria-labelledby=\"accordion-700304520-label\">\n\t\t\t\n\n<p>Ha k\u00e9rd\u00e9se van a term\u00e9keinkkel kapcsolatban, k\u00e9rj\u00fck, el\u0151sz\u00f6r n\u00e9zze meg a term\u00e9kle\u00edr\u00e1st a boltunkban.<\/p>\n<p>Egy\u00e9bk\u00e9nt tov\u00e1bbi inform\u00e1ci\u00f3kat itt tal\u00e1l:<\/p>\n<p><a href=\"https:\/\/antcube.shop\/product-information\/\">Term\u00e9kinform\u00e1ci\u00f3<\/a><\/p>\n\n\t\t<\/div>\n\t<\/div>\n\t\n\n<\/div>\n\t<div id=\"gap-124561721\" class=\"gap-element clearfix\" style=\"display:block; height:auto;\">\n\t\t\n<style>\n#gap-124561721 {\n  padding-top: 60px;\n}\n<\/style>\n\t<\/div>\n\t\n\n\t<div class=\"img has-hover x md-x lg-x y md-y lg-y\" id=\"image_1995915080\">\n\t\t\t\t\t\t\t\t<div class=\"img-inner dark\" >\n\t\t\t<img data-recalc-dims=\"1\" loading=\"lazy\" decoding=\"async\" width=\"900\" height=\"900\" src=\"https:\/\/i0.wp.com\/antcube.shop\/wp-content\/uploads\/2021\/09\/Firmeneingang.jpg?resize=900%2C900&#038;ssl=1\" class=\"attachment-original size-original\" alt=\"ANTSTORE bej\u00e1rat\" srcset=\"https:\/\/i0.wp.com\/antcube.shop\/wp-content\/uploads\/2021\/09\/Firmeneingang.jpg?w=900&amp;ssl=1 900w, https:\/\/i0.wp.com\/antcube.shop\/wp-content\/uploads\/2021\/09\/Firmeneingang.jpg?resize=247%2C247&amp;ssl=1 247w, https:\/\/i0.wp.com\/antcube.shop\/wp-content\/uploads\/2021\/09\/Firmeneingang.jpg?resize=100%2C100&amp;ssl=1 100w, https:\/\/i0.wp.com\/antcube.shop\/wp-content\/uploads\/2021\/09\/Firmeneingang.jpg?resize=510%2C510&amp;ssl=1 510w, https:\/\/i0.wp.com\/antcube.shop\/wp-content\/uploads\/2021\/09\/Firmeneingang.jpg?resize=400%2C400&amp;ssl=1 400w, https:\/\/i0.wp.com\/antcube.shop\/wp-content\/uploads\/2021\/09\/Firmeneingang.jpg?resize=800%2C800&amp;ssl=1 800w, https:\/\/i0.wp.com\/antcube.shop\/wp-content\/uploads\/2021\/09\/Firmeneingang.jpg?resize=280%2C280&amp;ssl=1 280w, https:\/\/i0.wp.com\/antcube.shop\/wp-content\/uploads\/2021\/09\/Firmeneingang.jpg?resize=768%2C768&amp;ssl=1 768w\" sizes=\"auto, (max-width: 900px) 100vw, 900px\" \/>\t\t\t\t\t\t\n\t\t\t\t\t<\/div>\n\t\t\t\t\t\t\t\t\n<style>\n#image_1995915080 {\n  width: 100%;\n}\n<\/style>\n\t<\/div>\n\t\n\n\n\t\t<\/div>\n\t\t\t\t\t<\/div>\n\n\t\n\n\t<div id=\"col-1879384156\" class=\"col medium-6 large-6\"  >\n\t\t\t\t<div class=\"col-inner\"  >\n\t\t\t\n\t\t\t\n\n<div class=\"container section-title-container\" ><h3 class=\"section-title section-title-normal\"><b aria-hidden=\"true\"><\/b><span class=\"section-title-main\" >Kapcsolatfelv\u00e9tel<\/span><b aria-hidden=\"true\"><\/b><\/h3><\/div>\n\n<ul>\n<li><strong>E-mail<\/strong>: contact@antcube.de<\/li>\n<li><strong>Telefon<\/strong>: <a href=\"tel:+49 30 439703870\">+49 30 439703870<\/a><\/li>\n<\/ul>\n<p><strong>Munkaid\u0151 <\/strong>(UTC\/GMT +1):<\/p>\n<ul>\n<li>Keddt\u0151l p\u00e9ntekig 10:00 - 12:00 \u00e9s 13:00 - 18:00 k\u00f6z\u00f6tt.<\/li>\n<\/ul>\n<div class=\"container section-title-container\" ><h3 class=\"section-title section-title-normal\"><b aria-hidden=\"true\"><\/b><span class=\"section-title-main\" >L\u00e1togasson el \u00fczlet\u00fcnkbe<\/span><b aria-hidden=\"true\"><\/b><\/h3><\/div>\n\n<p><strong>C\u00edm:<\/strong><\/p>\n<ul>\n<li>Utca: Selerweg 41<\/li>\n<li>Postai ir\u00e1ny\u00edt\u00f3sz\u00e1m: D - 12169<\/li>\n<li>V\u00e1ros: Berlin<\/li>\n<li>Orsz\u00e1g:<\/li>\n<li>Ker\u00fclet: Steglitz-Zehlendorf<\/li>\n<\/ul>\n<p><strong>Nyitva tart\u00e1s<\/strong> (UTC\/GMT +1)<\/p>\n<ul>\n<li>Keddt\u0151l p\u00e9ntekig 13:00 - 18:00<\/li>\n<\/ul>\n<p><iframe loading=\"lazy\" style=\"border: 0;\" src=\"https:\/\/www.google.com\/maps\/embed?pb=!1m18!1m12!1m3!1d2431.3708399886823!2d13.335121715997175!3d52.454311048847416!2m3!1f0!2f0!3f0!3m2!1i1024!2i768!4f13.1!3m3!1m2!1s0x47a85a9242e5bc07%3A0xc44ee1d5a0728440!2sANTSTORE!5e0!3m2!1sde!2sde!4v1632470583913!5m2!1sde!2sde\" width=\"600\" height=\"450\" allowfullscreen=\"allowfullscreen\"><\/iframe><\/p>\n\n\t\t<\/div>\n\t\t\t\t\t<\/div>\n\n\t\n\n<\/div>","protected":false},"excerpt":{"rendered":"","protected":false},"author":1,"featured_media":27,"parent":0,"menu_order":0,"comment_status":"closed","ping_status":"closed","template":"page-blank.php","meta":{"_acf_changed":false,"content-type":"","_monsterinsights_skip_tracking":false,"_monsterinsights_sitenote_active":false,"_monsterinsights_sitenote_note":"","_monsterinsights_sitenote_category":0,"footnotes":""},"class_list":["post-102","page","type-page","status-publish","has-post-thumbnail","hentry"],"acf":[],"aioseo_notices":[],"jetpack_sharing_enabled":true,"_links":{"self":[{"href":"https:\/\/antcube.shop\/hu\/wp-json\/wp\/v2\/pages\/102","targetHints":{"allow":["GET"]}}],"collection":[{"href":"https:\/\/antcube.shop\/hu\/wp-json\/wp\/v2\/pages"}],"about":[{"href":"https:\/\/antcube.shop\/hu\/wp-json\/wp\/v2\/types\/page"}],"author":[{"embeddable":true,"href":"https:\/\/antcube.shop\/hu\/wp-json\/wp\/v2\/users\/1"}],"replies":[{"embeddable":true,"href":"https:\/\/antcube.shop\/hu\/wp-json\/wp\/v2\/comments?post=102"}],"version-history":[{"count":10,"href":"https:\/\/antcube.shop\/hu\/wp-json\/wp\/v2\/pages\/102\/revisions"}],"predecessor-version":[{"id":11083,"href":"https:\/\/antcube.shop\/hu\/wp-json\/wp\/v2\/pages\/102\/revisions\/11083"}],"wp:featuredmedia":[{"embeddable":true,"href":"https:\/\/antcube.shop\/hu\/wp-json\/wp\/v2\/media\/27"}],"wp:attachment":[{"href":"https:\/\/antcube.shop\/hu\/wp-json\/wp\/v2\/media?parent=102"}],"curies":[{"name":"wp","href":"https:\/\/api.w.org\/{rel}","templated":true}]}}