{"id":9886,"date":"2024-10-08T15:19:28","date_gmt":"2024-10-08T13:19:28","guid":{"rendered":"https:\/\/antcube.shop\/en\/product\/ameisenarena-rahmen-30x30-5cm\/"},"modified":"2026-04-02T09:54:47","modified_gmt":"2026-04-02T07:54:47","slug":"cadre-de-la-fourmiliere-30x30-5cm","status":"publish","type":"product","link":"https:\/\/antcube.shop\/fr\/produit\/cadre-de-la-fourmiliere-30x30-5cm\/","title":{"rendered":"Cadre pour l'ar\u00e8ne de la fourmi 30\u00d730 - 5cm"},"content":{"rendered":"<p><strong>Dimensions (LxlxH) :<\/strong> 30x30x0,4 cm<br \/>\n5cm de large<\/p>\n<p><strong>Mat\u00e9riau :<\/strong> verre flott\u00e9<\/p>\n<p><strong>Couleur :<\/strong> limpide \/ transparent<\/p>\n<p><strong>Contenu :<\/strong><br \/>\n1x cadre de la fourmili\u00e8re<\/p>\n<p><strong>Description :<\/strong><br \/>\nCadre en verre pour la fourmili\u00e8re comme protection contre les fuites<\/p>\n<p><strong>Application :<\/strong><br \/>\nLe cadre de la fourmili\u00e8re est un cadre en verre qui est plac\u00e9 au-dessus de la fourmili\u00e8re et dont la face inf\u00e9rieure est munie d'une protection contre l'\u00e9vasion (huile, poudre ou vernis) afin d'emp\u00eacher les fourmis de s'\u00e9chapper.<\/p>\n<p><strong>Note :<\/strong><br \/>\nL'article \u00e9tant en verre et donc fragile, il doit \u00eatre manipul\u00e9 avec beaucoup de pr\u00e9cautions. Le verre est d\u00e9coup\u00e9 conform\u00e9ment \u00e0 la norme DIN 1249 avec une tol\u00e9rance de +\/- 1 mm. Une protection suppl\u00e9mentaire contre l'effraction est indispensable pour les esp\u00e8ces de fourmis de tr\u00e8s petite taille.<\/p>","protected":false},"excerpt":{"rendered":"<p>Dimensions (LxLxH) : 30x30x0,4 cm 5cm de large Mat\u00e9riau : verre flott\u00e9 Couleur : cristal \/ transparent Contenu : 1x cadre pour fourmili\u00e8re Description : Cadre en verre pour la fourmili\u00e8re en tant que protection contre les fuites : Le cadre pour la fourmili\u00e8re est un cadre en verre qui est plac\u00e9 au-dessus d'une fourmili\u00e8re et qui sert de protection contre les fuites.","protected":false},"featured_media":10126,"comment_status":"open","ping_status":"closed","template":"","meta":{"_acf_changed":false,"content-type":"","_monsterinsights_skip_tracking":false,"_monsterinsights_sitenote_active":false,"_monsterinsights_sitenote_note":"","_monsterinsights_sitenote_category":0},"product_brand":[484],"product_cat":[91,93],"product_tag":[],"class_list":{"0":"post-9886","1":"product","2":"type-product","3":"status-publish","4":"has-post-thumbnail","6":"product_brand-antcube","7":"product_cat-formicarium-modules","8":"product_cat-arena-frame","10":"first","11":"instock","12":"taxable","13":"shipping-taxable","14":"purchasable","15":"product-type-simple"},"acf":[],"aioseo_notices":[],"jetpack_sharing_enabled":true,"_links":{"self":[{"href":"https:\/\/antcube.shop\/fr\/wp-json\/wp\/v2\/product\/9886","targetHints":{"allow":["GET"]}}],"collection":[{"href":"https:\/\/antcube.shop\/fr\/wp-json\/wp\/v2\/product"}],"about":[{"href":"https:\/\/antcube.shop\/fr\/wp-json\/wp\/v2\/types\/product"}],"replies":[{"embeddable":true,"href":"https:\/\/antcube.shop\/fr\/wp-json\/wp\/v2\/comments?post=9886"}],"wp:featuredmedia":[{"embeddable":true,"href":"https:\/\/antcube.shop\/fr\/wp-json\/wp\/v2\/media\/10126"}],"wp:attachment":[{"href":"https:\/\/antcube.shop\/fr\/wp-json\/wp\/v2\/media?parent=9886"}],"wp:term":[{"taxonomy":"product_brand","embeddable":true,"href":"https:\/\/antcube.shop\/fr\/wp-json\/wp\/v2\/product_brand?post=9886"},{"taxonomy":"product_cat","embeddable":true,"href":"https:\/\/antcube.shop\/fr\/wp-json\/wp\/v2\/product_cat?post=9886"},{"taxonomy":"product_tag","embeddable":true,"href":"https:\/\/antcube.shop\/fr\/wp-json\/wp\/v2\/product_tag?post=9886"}],"curies":[{"name":"wp","href":"https:\/\/api.w.org\/{rel}","templated":true}]}}