{"id":9884,"date":"2024-10-08T15:18:28","date_gmt":"2024-10-08T13:18:28","guid":{"rendered":"https:\/\/antcube.shop\/en\/product\/abdeckung-hybrid-60x30\/"},"modified":"2026-04-02T12:12:13","modified_gmt":"2026-04-02T10:12:13","slug":"couverture-hybride-60x30","status":"publish","type":"product","link":"https:\/\/antcube.shop\/fr\/produit\/couverture-hybride-60x30\/","title":{"rendered":"Couverture hybride 60\u00d730"},"content":{"rendered":"<p>Couvercle en verre + treillis en acier inoxydable sans danger pour les fourmis et les drosophiles. M\u00eame les plus petites esp\u00e8ces ne peuvent pas passer \u00e0 travers les fines mailles en acier inoxydable et m\u00eame les fourmis coupeuses de feuilles ne peuvent pas les couper.<\/p>\n<p><strong>Dimensions (LxlxH) :<\/strong> 60x30x0,4 cm<br \/>\n<strong>Connexions :<\/strong> 3x trou de 50mm<br \/>\n11,7x 47,5 cm surface de ventilation<\/p>\n<p><strong>Mat\u00e9riau :<\/strong> verre flott\u00e9, grille en acier inoxydable<\/p>\n<p><strong>Couleur :<\/strong> limpide \/ transparent<\/p>\n<p><strong>Contenu :<\/strong><br \/>\n1x couverture hybride 60\u00d730<br \/>\n1x points de fixation \u00e0 4 pcs.<\/p>\n<p><strong>Description :<\/strong><br \/>\nCouvercle en verre pour la fourmili\u00e8re comme protection contre les fuites<\/p>\n<p><strong>Application :<\/strong><br \/>\nLa couverture en verre de la fourmili\u00e8re est plac\u00e9e sur une fourmili\u00e8re et est \u00e9galement utilis\u00e9e pour la r\u00e9gulation du climat.<br \/>\nDiff\u00e9rents modules de contr\u00f4le climatique peuvent \u00eatre ins\u00e9r\u00e9s dans les ouvertures de 50 mm, par exemple des grilles de ventilation, un \u00e9clairage ou une humidification.<br \/>\nPour emp\u00eacher les fourmis de s'\u00e9chapper par les ouvertures, il faut appliquer une protection contre les fuites (huile, poudre ou vernis) sur la face inf\u00e9rieure autour des trous.<\/p>\n<p><strong>Note :<\/strong><br \/>\nL'objet \u00e9tant en verre et donc fragile, il doit \u00eatre manipul\u00e9 avec beaucoup de pr\u00e9cautions.<\/p>","protected":false},"excerpt":{"rendered":"<p>Couvercle en verre + treillis en acier inoxydable sans danger pour les fourmis et les drosophiles. M\u00eame les plus petites esp\u00e8ces ne peuvent pas passer \u00e0 travers le fin grillage en acier inoxydable et m\u00eame les fourmis coupeuses de feuilles ne peuvent pas le couper. Dimensions (LxLxH) : 30x30x0,4 cm Connexions : 2x 50mm trou 11.7 x 17.5 cm surface d'a\u00e9ration Mat\u00e9riau : verre flott\u00e9, grille en acier inoxydable Couleur : cristal clair \/ transparent","protected":false},"featured_media":9891,"comment_status":"open","ping_status":"closed","template":"","meta":{"_acf_changed":false,"content-type":"","_monsterinsights_skip_tracking":false,"_monsterinsights_sitenote_active":false,"_monsterinsights_sitenote_note":"","_monsterinsights_sitenote_category":0},"product_brand":[484],"product_cat":[257,91,92],"product_tag":[],"class_list":{"0":"post-9884","1":"product","2":"type-product","3":"status-publish","4":"has-post-thumbnail","6":"product_brand-antcube","7":"product_cat-new-innovatve-products","8":"product_cat-formicarium-modules","9":"product_cat-arena-cover","11":"first","12":"instock","13":"taxable","14":"shipping-taxable","15":"purchasable","16":"product-type-simple"},"acf":[],"aioseo_notices":[],"jetpack_sharing_enabled":true,"_links":{"self":[{"href":"https:\/\/antcube.shop\/fr\/wp-json\/wp\/v2\/product\/9884","targetHints":{"allow":["GET"]}}],"collection":[{"href":"https:\/\/antcube.shop\/fr\/wp-json\/wp\/v2\/product"}],"about":[{"href":"https:\/\/antcube.shop\/fr\/wp-json\/wp\/v2\/types\/product"}],"replies":[{"embeddable":true,"href":"https:\/\/antcube.shop\/fr\/wp-json\/wp\/v2\/comments?post=9884"}],"wp:featuredmedia":[{"embeddable":true,"href":"https:\/\/antcube.shop\/fr\/wp-json\/wp\/v2\/media\/9891"}],"wp:attachment":[{"href":"https:\/\/antcube.shop\/fr\/wp-json\/wp\/v2\/media?parent=9884"}],"wp:term":[{"taxonomy":"product_brand","embeddable":true,"href":"https:\/\/antcube.shop\/fr\/wp-json\/wp\/v2\/product_brand?post=9884"},{"taxonomy":"product_cat","embeddable":true,"href":"https:\/\/antcube.shop\/fr\/wp-json\/wp\/v2\/product_cat?post=9884"},{"taxonomy":"product_tag","embeddable":true,"href":"https:\/\/antcube.shop\/fr\/wp-json\/wp\/v2\/product_tag?post=9884"}],"curies":[{"name":"wp","href":"https:\/\/api.w.org\/{rel}","templated":true}]}}