{"id":9881,"date":"2024-10-08T15:16:54","date_gmt":"2024-10-08T13:16:54","guid":{"rendered":"https:\/\/antcube.shop\/en\/product\/abdeckung-edelstahlgitter-20x20\/"},"modified":"2026-03-23T15:57:00","modified_gmt":"2026-03-23T14:57:00","slug":"couvercle-de-grille-en-acier-inoxydable-20x20","status":"publish","type":"product","link":"https:\/\/antcube.shop\/fr\/produit\/couvercle-de-grille-en-acier-inoxydable-20x20\/","title":{"rendered":"Couvercle de grille en acier inoxydable 20\u00d720"},"content":{"rendered":"<p>Couvercle en verre + treillis en acier inoxydable sans danger pour les fourmis et les drosophiles. M\u00eame les plus petites esp\u00e8ces ne peuvent pas passer \u00e0 travers les fines mailles en acier inoxydable et m\u00eame les fourmis coupeuses de feuilles ne peuvent pas les couper.<\/p>\n<p><strong>Dimensions (LxlxH) :<\/strong> 20x20x0,4 cm<br \/>\n11,7\u00d711,7 cm surface de ventilation<\/p>\n<p><strong>Mat\u00e9riau :<\/strong> verre flott\u00e9, grille en acier inoxydable<\/p>\n<p><strong>Couleur :<\/strong> limpide \/ transparent<\/p>\n<p><strong>Contenu :<\/strong><br \/>\n1x couvercle grille en acier inoxydable 20\u00d720<br \/>\n1x points de fixation \u00e0 4 pcs.<\/p>\n<p><strong>Description :<\/strong><br \/>\nCouvercle en verre pour la fourmili\u00e8re comme protection contre les fuites<\/p>\n<p><strong>Application :<\/strong><br \/>\nLa housse de fourmili\u00e8re est plac\u00e9e sur une fourmili\u00e8re et sert \u00e9galement \u00e0 r\u00e9guler le climat.<\/p>\n<p><strong>Note :<\/strong><br \/>\nL'objet \u00e9tant en verre et donc fragile, il doit \u00eatre manipul\u00e9 avec beaucoup de pr\u00e9cautions.<\/p>","protected":false},"excerpt":{"rendered":"<p>Couvercle en verre + treillis en acier inoxydable sans danger pour les fourmis et les drosophiles. M\u00eame les plus petites esp\u00e8ces ne peuvent pas passer \u00e0 travers le fin grillage en acier inoxydable et m\u00eame les fourmis coupeuses de feuilles ne peuvent pas le couper. Dimensions (LxLxH) : 30x30x0,4 cm 17,5x17,5 cm zone de ventilation Mat\u00e9riau : verre flott\u00e9, grille en acier inoxydable Couleur : cristal \/ transparent Contenu : 1x couvercle grille en acier inoxydable","protected":false},"featured_media":9889,"comment_status":"open","ping_status":"closed","template":"","meta":{"_acf_changed":false,"content-type":"","_monsterinsights_skip_tracking":false,"_monsterinsights_sitenote_active":false,"_monsterinsights_sitenote_note":"","_monsterinsights_sitenote_category":0},"product_brand":[484],"product_cat":[257,91,92],"product_tag":[],"class_list":{"0":"post-9881","1":"product","2":"type-product","3":"status-publish","4":"has-post-thumbnail","6":"product_brand-antcube","7":"product_cat-new-innovatve-products","8":"product_cat-formicarium-modules","9":"product_cat-arena-cover","11":"first","12":"instock","13":"taxable","14":"shipping-taxable","15":"purchasable","16":"product-type-simple"},"acf":[],"aioseo_notices":[],"jetpack_sharing_enabled":true,"_links":{"self":[{"href":"https:\/\/antcube.shop\/fr\/wp-json\/wp\/v2\/product\/9881","targetHints":{"allow":["GET"]}}],"collection":[{"href":"https:\/\/antcube.shop\/fr\/wp-json\/wp\/v2\/product"}],"about":[{"href":"https:\/\/antcube.shop\/fr\/wp-json\/wp\/v2\/types\/product"}],"replies":[{"embeddable":true,"href":"https:\/\/antcube.shop\/fr\/wp-json\/wp\/v2\/comments?post=9881"}],"wp:featuredmedia":[{"embeddable":true,"href":"https:\/\/antcube.shop\/fr\/wp-json\/wp\/v2\/media\/9889"}],"wp:attachment":[{"href":"https:\/\/antcube.shop\/fr\/wp-json\/wp\/v2\/media?parent=9881"}],"wp:term":[{"taxonomy":"product_brand","embeddable":true,"href":"https:\/\/antcube.shop\/fr\/wp-json\/wp\/v2\/product_brand?post=9881"},{"taxonomy":"product_cat","embeddable":true,"href":"https:\/\/antcube.shop\/fr\/wp-json\/wp\/v2\/product_cat?post=9881"},{"taxonomy":"product_tag","embeddable":true,"href":"https:\/\/antcube.shop\/fr\/wp-json\/wp\/v2\/product_tag?post=9881"}],"curies":[{"name":"wp","href":"https:\/\/api.w.org\/{rel}","templated":true}]}}