{"id":9355,"date":"2024-09-17T16:30:37","date_gmt":"2024-09-17T14:30:37","guid":{"rendered":"https:\/\/antcube.shop\/en\/product\/tranke-cylinder-gros\/"},"modified":"2026-04-05T11:59:18","modified_gmt":"2026-04-05T09:59:18","slug":"cylindre-tranke-gros","status":"publish","type":"product","link":"https:\/\/antcube.shop\/fr\/produit\/cylindre-tranke-gros\/","title":{"rendered":"Abreuvoir Cylindre grand mod\u00e8le"},"content":{"rendered":"<p><strong>Dimensions :<\/strong> 37x26x27 mm, 10ml<\/p>\n<p><strong>Couleur :<\/strong> clair comme de l'eau de roche<\/p>\n<p><strong>Mat\u00e9riau :<\/strong> PMMA<\/p>\n<p><strong>Description :<\/strong> Les fourmis peuvent ainsi se procurer suffisamment d'humidit\u00e9 dans leur formarium. La tension superficielle de l'eau emp\u00eache l'abreuvoir de fuir.<\/p>\n<p><strong>Attention :<\/strong><br \/>\nDans le cas des petites esp\u00e8ces de fourmis, une \u00e9ponge, une grille ou du sable fin doivent \u00eatre plac\u00e9s devant la sortie de l'abreuvoir pour des raisons de s\u00e9curit\u00e9. Sinon, des ouvri\u00e8res peuvent p\u00e9n\u00e9trer dans l'abreuvoir. Une \u00e9ponge de 24 mm convient parfaitement.<\/p>","protected":false},"excerpt":{"rendered":"<p><strong>Dimensions :<\/strong> 37x26x27 mm, 10ml<\/p>","protected":false},"featured_media":9436,"comment_status":"open","ping_status":"closed","template":"","meta":{"_acf_changed":false,"content-type":"","_monsterinsights_skip_tracking":false,"_monsterinsights_sitenote_active":false,"_monsterinsights_sitenote_note":"","_monsterinsights_sitenote_category":0},"product_brand":[],"product_cat":[115,117],"product_tag":[],"class_list":{"0":"post-9355","1":"product","2":"type-product","3":"status-publish","4":"has-post-thumbnail","6":"product_cat-food-and-feeding","7":"product_cat-drinkers-for-ants","9":"first","10":"instock","11":"taxable","12":"shipping-taxable","13":"purchasable","14":"product-type-simple"},"acf":[],"aioseo_notices":[],"jetpack_sharing_enabled":true,"_links":{"self":[{"href":"https:\/\/antcube.shop\/fr\/wp-json\/wp\/v2\/product\/9355","targetHints":{"allow":["GET"]}}],"collection":[{"href":"https:\/\/antcube.shop\/fr\/wp-json\/wp\/v2\/product"}],"about":[{"href":"https:\/\/antcube.shop\/fr\/wp-json\/wp\/v2\/types\/product"}],"replies":[{"embeddable":true,"href":"https:\/\/antcube.shop\/fr\/wp-json\/wp\/v2\/comments?post=9355"}],"wp:featuredmedia":[{"embeddable":true,"href":"https:\/\/antcube.shop\/fr\/wp-json\/wp\/v2\/media\/9436"}],"wp:attachment":[{"href":"https:\/\/antcube.shop\/fr\/wp-json\/wp\/v2\/media?parent=9355"}],"wp:term":[{"taxonomy":"product_brand","embeddable":true,"href":"https:\/\/antcube.shop\/fr\/wp-json\/wp\/v2\/product_brand?post=9355"},{"taxonomy":"product_cat","embeddable":true,"href":"https:\/\/antcube.shop\/fr\/wp-json\/wp\/v2\/product_cat?post=9355"},{"taxonomy":"product_tag","embeddable":true,"href":"https:\/\/antcube.shop\/fr\/wp-json\/wp\/v2\/product_tag?post=9355"}],"curies":[{"name":"wp","href":"https:\/\/api.w.org\/{rel}","templated":true}]}}