{"id":9349,"date":"2024-09-17T16:27:32","date_gmt":"2024-09-17T14:27:32","guid":{"rendered":"https:\/\/antcube.shop\/en\/product\/antcube-popcorn-nest-60x30-l\/"},"modified":"2026-03-02T09:48:53","modified_gmt":"2026-03-02T08:48:53","slug":"antcube-nid-a-popcorn-60x30-l","status":"publish","type":"product","link":"https:\/\/antcube.shop\/fr\/produit\/antcube-nid-a-popcorn-60x30-l\/","title":{"rendered":"ANTCUBE - Nid \u00e0 pop-corn 60\u00d730 - L"},"content":{"rendered":"<p><strong>Dimensions :<\/strong> 583x237x19 mm<\/p>\n<p><strong>Mat\u00e9riau :<\/strong> Popcorn press\u00e9 avec du saccharose et des prot\u00e9ines<\/p>\n<p><strong>Ne convient qu'aux<\/strong> notre taille L fourmili\u00e8res<\/p>\n<p><strong>Description :<\/strong> Ce nid \u00e0 pop-corn avec des passages et des chambres pr\u00e9fabriqu\u00e9s est parfait comme grenier pour les fourmis Messor, par exemple, mais aussi pour d'autres esp\u00e8ces de fourmis qui collectent des grains. Un trou permet d'acc\u00e9der au nid. Le nid en pop-corn absorbe l'humidit\u00e9 et peut donc r\u00e9tr\u00e9cir.<strong> il doit toujours \u00eatre conserv\u00e9 au sec.<\/strong> Messor barbarus accepte tr\u00e8s bien notre nid de pop-corn ANTCUBE comme grenier. Au fil du temps, les fourmis commencent \u00e0 agrandir le nid de pop-corn et \u00e0 manger le mat\u00e9riel de nidification.<\/p>\n<p>Le nid en pop-corn ne doit \u00eatre utilis\u00e9 que pour les esp\u00e8ces de fourmis qui ont besoin de tr\u00e8s peu ou pas d'humidit\u00e9 dans la zone du nid.<\/p>","protected":false},"excerpt":{"rendered":"<p><strong>Taille : L<\/strong><\/p>","protected":false},"featured_media":9449,"comment_status":"open","ping_status":"closed","template":"","meta":{"_acf_changed":false,"content-type":"","_monsterinsights_skip_tracking":false,"_monsterinsights_sitenote_active":false,"_monsterinsights_sitenote_note":"","_monsterinsights_sitenote_category":0},"product_brand":[484],"product_cat":[257,344,87],"product_tag":[],"class_list":{"0":"post-9349","1":"product","2":"type-product","3":"status-publish","4":"has-post-thumbnail","6":"product_brand-antcube","7":"product_cat-new-innovatve-products","8":"product_cat-popcorn","9":"product_cat-nest-insets","11":"first","12":"instock","13":"taxable","14":"shipping-taxable","15":"purchasable","16":"product-type-simple"},"acf":[],"aioseo_notices":[],"jetpack_sharing_enabled":true,"_links":{"self":[{"href":"https:\/\/antcube.shop\/fr\/wp-json\/wp\/v2\/product\/9349","targetHints":{"allow":["GET"]}}],"collection":[{"href":"https:\/\/antcube.shop\/fr\/wp-json\/wp\/v2\/product"}],"about":[{"href":"https:\/\/antcube.shop\/fr\/wp-json\/wp\/v2\/types\/product"}],"replies":[{"embeddable":true,"href":"https:\/\/antcube.shop\/fr\/wp-json\/wp\/v2\/comments?post=9349"}],"wp:featuredmedia":[{"embeddable":true,"href":"https:\/\/antcube.shop\/fr\/wp-json\/wp\/v2\/media\/9449"}],"wp:attachment":[{"href":"https:\/\/antcube.shop\/fr\/wp-json\/wp\/v2\/media?parent=9349"}],"wp:term":[{"taxonomy":"product_brand","embeddable":true,"href":"https:\/\/antcube.shop\/fr\/wp-json\/wp\/v2\/product_brand?post=9349"},{"taxonomy":"product_cat","embeddable":true,"href":"https:\/\/antcube.shop\/fr\/wp-json\/wp\/v2\/product_cat?post=9349"},{"taxonomy":"product_tag","embeddable":true,"href":"https:\/\/antcube.shop\/fr\/wp-json\/wp\/v2\/product_tag?post=9349"}],"curies":[{"name":"wp","href":"https:\/\/api.w.org\/{rel}","templated":true}]}}