{"id":9346,"date":"2024-09-17T16:26:01","date_gmt":"2024-09-17T14:26:01","guid":{"rendered":"https:\/\/antcube.shop\/en\/product\/ameisenarena-abdeckung-30x15\/"},"modified":"2026-04-01T13:28:20","modified_gmt":"2026-04-01T11:28:20","slug":"ameisenarena-abdeckung-30x15","status":"publish","type":"product","link":"https:\/\/antcube.shop\/fr\/produit\/ameisenarena-abdeckung-30x15\/","title":{"rendered":"Ar\u00e8ne de fourmis couvrant 30\u00d715"},"content":{"rendered":"<p><strong>Dimensions (LxlxH) :<\/strong> 30x15x0,4 cm<\/p>\n<p><strong>Mat\u00e9riau :<\/strong> verre flott\u00e9<\/p>\n<p><strong>Couleur :<\/strong> limpide \/ transparent<\/p>\n<p><strong>Contenu :<\/strong><br \/>\n1x couverture de l'ar\u00e8ne des fourmis<br \/>\n1x points de fixation \u00e0 4 pcs.<\/p>\n<p><strong>Description :<\/strong><br \/>\nCouvercle en verre pour la fourmili\u00e8re comme protection contre les fuites. Convient \u00e0 nos fourmili\u00e8res murales.<\/p>\n<p><strong>Application :<\/strong><br \/>\nLa couverture en verre de la fourmili\u00e8re est plac\u00e9e sur une fourmili\u00e8re et est \u00e9galement utilis\u00e9e pour la r\u00e9gulation du climat.<br \/>\nDiff\u00e9rents modules de contr\u00f4le climatique peuvent \u00eatre ins\u00e9r\u00e9s dans les ouvertures de 50 mm, par exemple des grilles de ventilation, un \u00e9clairage ou une humidification.<br \/>\nPour emp\u00eacher les fourmis de sortir par les ouvertures, une protection contre les fuites (huile, poudre ou vernis) doit \u00eatre appliqu\u00e9e sur la face inf\u00e9rieure autour des trous.<\/p>\n<p><strong>Note :<\/strong><br \/>\nL'objet \u00e9tant en verre et donc fragile, il doit \u00eatre manipul\u00e9 avec beaucoup de pr\u00e9cautions.<\/p>","protected":false},"excerpt":{"rendered":"<p>Dimensions (LxLxH) : 30x15x0,4 cm Mat\u00e9riau : verre flott\u00e9 Couleur : cristal \/ transparent Contenu : 1x couvercle de fourmili\u00e8re 1x points de fixation \u00e0 4 pcs. Description : Couvercle en verre pour la fourmili\u00e8re en tant que protection contre les fuites. Convient \u00e0 nos fourmili\u00e8res murales. Application : Le couvercle en verre pour la fourmili\u00e8re est plac\u00e9 sur la fourmili\u00e8re et est \u00e9galement utilis\u00e9 pour prot\u00e9ger la fourmili\u00e8re.","protected":false},"featured_media":9465,"comment_status":"open","ping_status":"closed","template":"","meta":{"_acf_changed":false,"content-type":"","_monsterinsights_skip_tracking":false,"_monsterinsights_sitenote_active":false,"_monsterinsights_sitenote_note":"","_monsterinsights_sitenote_category":0},"product_brand":[484],"product_cat":[91,92],"product_tag":[],"class_list":{"0":"post-9346","1":"product","2":"type-product","3":"status-publish","4":"has-post-thumbnail","6":"product_brand-antcube","7":"product_cat-formicarium-modules","8":"product_cat-arena-cover","10":"first","11":"instock","12":"taxable","13":"shipping-taxable","14":"purchasable","15":"product-type-simple"},"acf":[],"aioseo_notices":[],"jetpack_sharing_enabled":true,"_links":{"self":[{"href":"https:\/\/antcube.shop\/fr\/wp-json\/wp\/v2\/product\/9346","targetHints":{"allow":["GET"]}}],"collection":[{"href":"https:\/\/antcube.shop\/fr\/wp-json\/wp\/v2\/product"}],"about":[{"href":"https:\/\/antcube.shop\/fr\/wp-json\/wp\/v2\/types\/product"}],"replies":[{"embeddable":true,"href":"https:\/\/antcube.shop\/fr\/wp-json\/wp\/v2\/comments?post=9346"}],"wp:featuredmedia":[{"embeddable":true,"href":"https:\/\/antcube.shop\/fr\/wp-json\/wp\/v2\/media\/9465"}],"wp:attachment":[{"href":"https:\/\/antcube.shop\/fr\/wp-json\/wp\/v2\/media?parent=9346"}],"wp:term":[{"taxonomy":"product_brand","embeddable":true,"href":"https:\/\/antcube.shop\/fr\/wp-json\/wp\/v2\/product_brand?post=9346"},{"taxonomy":"product_cat","embeddable":true,"href":"https:\/\/antcube.shop\/fr\/wp-json\/wp\/v2\/product_cat?post=9346"},{"taxonomy":"product_tag","embeddable":true,"href":"https:\/\/antcube.shop\/fr\/wp-json\/wp\/v2\/product_tag?post=9346"}],"curies":[{"name":"wp","href":"https:\/\/api.w.org\/{rel}","templated":true}]}}