{"id":9330,"date":"2024-09-17T16:18:59","date_gmt":"2024-09-17T14:18:59","guid":{"rendered":"https:\/\/antcube.shop\/en\/product\/alpha-ants-mini-scheibenmagnet-eckig\/"},"modified":"2026-03-31T18:19:04","modified_gmt":"2026-03-31T16:19:04","slug":"alpha-ants-mini-scheibenmagnet-eckig","status":"publish","type":"product","link":"https:\/\/antcube.shop\/fr\/produit\/alpha-ants-mini-scheibenmagnet-eckig\/","title":{"rendered":"Aimant mini-disque Alpha Ants - carr\u00e9"},"content":{"rendered":"<p><strong>Description :<\/strong> Vous connaissez le probl\u00e8me : vos fourmis ont \u00e0 nouveau sali les vitres du nid ou les ont recouvertes de sable ? Avec ce petit aimant mini-disque, vous pouvez d\u00e9gager les passages et les chambres de l'aquarium.<\/p>\n<p>Il s'agit d'aimants de qualit\u00e9 tr\u00e8s puissants. Vous pouvez utiliser un aimant de guidage pour d\u00e9placer le petit aimant de nettoyage autour du formarium et nettoyer les vitres sales de l'int\u00e9rieur.<\/p>\n<p><strong>Note :<\/strong> Ne laissez pas les aimants s'entrechoquer car ils sont fragiles.<\/p>\n<p><strong>Contenu :<\/strong> 2 aimants \u00e0 disque extra-forts (10x10x4 mm et 3x2x2 mm)<\/p>","protected":false},"excerpt":{"rendered":"<p>Description : Vous connaissez le probl\u00e8me : vos fourmis ont \u00e0 nouveau sali les vitres du nid ou les ont recouvertes de sable ? Avec ce petit aimant mini-disque, vous pouvez d\u00e9gager les passages et les chambres de l'aquarium. Il s'agit d'aimants de qualit\u00e9 tr\u00e8s puissants. Vous pouvez utiliser un aimant de guidage pour d\u00e9placer","protected":false},"featured_media":9804,"comment_status":"open","ping_status":"closed","template":"","meta":{"_acf_changed":false,"content-type":"","_monsterinsights_skip_tracking":false,"_monsterinsights_sitenote_active":false,"_monsterinsights_sitenote_note":"","_monsterinsights_sitenote_category":0},"product_brand":[],"product_cat":[237],"product_tag":[],"class_list":{"0":"post-9330","1":"product","2":"type-product","3":"status-publish","4":"has-post-thumbnail","6":"product_cat-tools","8":"first","9":"instock","10":"taxable","11":"shipping-taxable","12":"purchasable","13":"product-type-simple"},"acf":[],"aioseo_notices":[],"jetpack_sharing_enabled":true,"_links":{"self":[{"href":"https:\/\/antcube.shop\/fr\/wp-json\/wp\/v2\/product\/9330","targetHints":{"allow":["GET"]}}],"collection":[{"href":"https:\/\/antcube.shop\/fr\/wp-json\/wp\/v2\/product"}],"about":[{"href":"https:\/\/antcube.shop\/fr\/wp-json\/wp\/v2\/types\/product"}],"replies":[{"embeddable":true,"href":"https:\/\/antcube.shop\/fr\/wp-json\/wp\/v2\/comments?post=9330"}],"wp:featuredmedia":[{"embeddable":true,"href":"https:\/\/antcube.shop\/fr\/wp-json\/wp\/v2\/media\/9804"}],"wp:attachment":[{"href":"https:\/\/antcube.shop\/fr\/wp-json\/wp\/v2\/media?parent=9330"}],"wp:term":[{"taxonomy":"product_brand","embeddable":true,"href":"https:\/\/antcube.shop\/fr\/wp-json\/wp\/v2\/product_brand?post=9330"},{"taxonomy":"product_cat","embeddable":true,"href":"https:\/\/antcube.shop\/fr\/wp-json\/wp\/v2\/product_cat?post=9330"},{"taxonomy":"product_tag","embeddable":true,"href":"https:\/\/antcube.shop\/fr\/wp-json\/wp\/v2\/product_tag?post=9330"}],"curies":[{"name":"wp","href":"https:\/\/api.w.org\/{rel}","templated":true}]}}