{"id":9329,"date":"2024-09-17T16:18:36","date_gmt":"2024-09-17T14:18:36","guid":{"rendered":"https:\/\/antcube.shop\/en\/product\/alpha-ants-mini-scheibenmagnet-rund\/"},"modified":"2026-03-02T09:49:08","modified_gmt":"2026-03-02T08:49:08","slug":"alpha-ants-mini-disc-magnet-round","status":"publish","type":"product","link":"https:\/\/antcube.shop\/fr\/produit\/alpha-ants-mini-disc-magnet-round\/","title":{"rendered":"Aimant mini disque Alpha Ants - rond"},"content":{"rendered":"<p><strong>Description :<\/strong> Vous connaissez le probl\u00e8me : vos fourmis ont \u00e0 nouveau sali les vitres du nid ou les ont recouvertes de sable ? Avec ces petits aimants mini-disques 10x10x4 mm et 4x4x2 mm, vous pouvez \u00e0 nouveau d\u00e9gager les passages et les chambres dans l'aquarium.<\/p>\n<p>Il s'agit d'aimants de qualit\u00e9 tr\u00e8s puissants. Vous pouvez utiliser un aimant de guidage pour d\u00e9placer le petit aimant de nettoyage autour du formarium et nettoyer les vitres sales de l'int\u00e9rieur.<\/p>\n<p><strong>Note :<\/strong> Ne laissez pas les aimants s'entrechoquer car ils sont fragiles.<\/p>\n<p><strong>Contenu :<\/strong> 2 aimants disques extra-forts recouverts de feutre.<\/p>","protected":false},"excerpt":{"rendered":"<p>Description : Vous connaissez le probl\u00e8me : vos fourmis ont \u00e0 nouveau sali les vitres du nid ou les ont recouvertes de sable ? Avec ces petits aimants mini-disques 10x10x4 mm et 4x4x2 mm, vous pouvez \u00e0 nouveau d\u00e9gager les passages et les chambres dans l'aquarium. Il s'agit d'aimants de qualit\u00e9 extra-forte. Vous","protected":false},"featured_media":9810,"comment_status":"open","ping_status":"closed","template":"","meta":{"_acf_changed":false,"content-type":"","_monsterinsights_skip_tracking":false,"_monsterinsights_sitenote_active":false,"_monsterinsights_sitenote_note":"","_monsterinsights_sitenote_category":0},"product_brand":[],"product_cat":[237],"product_tag":[],"class_list":{"0":"post-9329","1":"product","2":"type-product","3":"status-publish","4":"has-post-thumbnail","6":"product_cat-tools","8":"first","9":"instock","10":"taxable","11":"shipping-taxable","12":"purchasable","13":"product-type-simple"},"acf":[],"aioseo_notices":[],"jetpack_sharing_enabled":true,"_links":{"self":[{"href":"https:\/\/antcube.shop\/fr\/wp-json\/wp\/v2\/product\/9329","targetHints":{"allow":["GET"]}}],"collection":[{"href":"https:\/\/antcube.shop\/fr\/wp-json\/wp\/v2\/product"}],"about":[{"href":"https:\/\/antcube.shop\/fr\/wp-json\/wp\/v2\/types\/product"}],"replies":[{"embeddable":true,"href":"https:\/\/antcube.shop\/fr\/wp-json\/wp\/v2\/comments?post=9329"}],"wp:featuredmedia":[{"embeddable":true,"href":"https:\/\/antcube.shop\/fr\/wp-json\/wp\/v2\/media\/9810"}],"wp:attachment":[{"href":"https:\/\/antcube.shop\/fr\/wp-json\/wp\/v2\/media?parent=9329"}],"wp:term":[{"taxonomy":"product_brand","embeddable":true,"href":"https:\/\/antcube.shop\/fr\/wp-json\/wp\/v2\/product_brand?post=9329"},{"taxonomy":"product_cat","embeddable":true,"href":"https:\/\/antcube.shop\/fr\/wp-json\/wp\/v2\/product_cat?post=9329"},{"taxonomy":"product_tag","embeddable":true,"href":"https:\/\/antcube.shop\/fr\/wp-json\/wp\/v2\/product_tag?post=9329"}],"curies":[{"name":"wp","href":"https:\/\/api.w.org\/{rel}","templated":true}]}}