{"id":9321,"date":"2024-09-17T16:15:23","date_gmt":"2024-09-17T14:15:23","guid":{"rendered":"https:\/\/antcube.shop\/en\/product\/formicarienunterlage-60x30cm\/"},"modified":"2026-04-13T09:32:24","modified_gmt":"2026-04-13T07:32:24","slug":"tampon-pour-formicarium-60x30cm","status":"publish","type":"product","link":"https:\/\/antcube.shop\/fr\/produit\/tampon-pour-formicarium-60x30cm\/","title":{"rendered":"Tampon pour formicarium - 60x30cm"},"content":{"rendered":"<p><strong>Dimensions :<\/strong> 600 x 300 x 4mm<\/p>\n<p><strong>Mat\u00e9riau :<\/strong> Mousse PE<\/p>\n<p><strong>Couleur :<\/strong> gris<\/p>\n<p><strong>Contenu :<\/strong> 1 pc.<\/p>\n<p><strong>Description :<\/strong><br \/>\nLe coussin du formicarium est en mousse souple.<br \/>\nIl prot\u00e8ge le formicarium et le meuble sur lequel il repose des rayures.<br \/>\nLe tapis sert \u00e9galement d'isolant thermique qui compense les moindres irr\u00e9gularit\u00e9s et prot\u00e8ge des vibrations.<\/p>","protected":false},"excerpt":{"rendered":"<p>Dimensions : 600 x 300 x 4mm Mat\u00e9riau : Mousse PE Couleur : gris Contenu : 1 pc. Description : Le tampon pour formicarium est fabriqu\u00e9 en mousse souple. Il prot\u00e8ge le formicarium et le meuble sur lequel il repose contre les rayures. Le tapis sert \u00e9galement d'isolant thermique qui compense les moindres irr\u00e9gularit\u00e9s.","protected":false},"featured_media":9584,"comment_status":"open","ping_status":"closed","template":"","meta":{"_acf_changed":false,"content-type":"","_monsterinsights_skip_tracking":false,"_monsterinsights_sitenote_active":false,"_monsterinsights_sitenote_note":"","_monsterinsights_sitenote_category":0},"product_brand":[484],"product_cat":[119,239],"product_tag":[],"class_list":{"0":"post-9321","1":"product","2":"type-product","3":"status-publish","4":"has-post-thumbnail","6":"product_brand-antcube","7":"product_cat-formicarium-components","8":"product_cat-useful-additions","10":"first","11":"instock","12":"taxable","13":"shipping-taxable","14":"purchasable","15":"product-type-simple"},"acf":[],"aioseo_notices":[],"jetpack_sharing_enabled":true,"_links":{"self":[{"href":"https:\/\/antcube.shop\/fr\/wp-json\/wp\/v2\/product\/9321","targetHints":{"allow":["GET"]}}],"collection":[{"href":"https:\/\/antcube.shop\/fr\/wp-json\/wp\/v2\/product"}],"about":[{"href":"https:\/\/antcube.shop\/fr\/wp-json\/wp\/v2\/types\/product"}],"replies":[{"embeddable":true,"href":"https:\/\/antcube.shop\/fr\/wp-json\/wp\/v2\/comments?post=9321"}],"wp:featuredmedia":[{"embeddable":true,"href":"https:\/\/antcube.shop\/fr\/wp-json\/wp\/v2\/media\/9584"}],"wp:attachment":[{"href":"https:\/\/antcube.shop\/fr\/wp-json\/wp\/v2\/media?parent=9321"}],"wp:term":[{"taxonomy":"product_brand","embeddable":true,"href":"https:\/\/antcube.shop\/fr\/wp-json\/wp\/v2\/product_brand?post=9321"},{"taxonomy":"product_cat","embeddable":true,"href":"https:\/\/antcube.shop\/fr\/wp-json\/wp\/v2\/product_cat?post=9321"},{"taxonomy":"product_tag","embeddable":true,"href":"https:\/\/antcube.shop\/fr\/wp-json\/wp\/v2\/product_tag?post=9321"}],"curies":[{"name":"wp","href":"https:\/\/api.w.org\/{rel}","templated":true}]}}