{"id":9320,"date":"2024-09-17T16:15:03","date_gmt":"2024-09-17T14:15:03","guid":{"rendered":"https:\/\/antcube.shop\/en\/product\/formicarienunterlage-20x10cm\/"},"modified":"2026-04-15T18:35:09","modified_gmt":"2026-04-15T16:35:09","slug":"tampon-pour-formicarium-20x10cm","status":"publish","type":"product","link":"https:\/\/antcube.shop\/fr\/produit\/tampon-pour-formicarium-20x10cm\/","title":{"rendered":"Tampon pour formicarium - 20x10cm"},"content":{"rendered":"<p><strong>Dimensions :<\/strong> 200 x 100 x 4mm<\/p>\n<p><strong>Mat\u00e9riau :<\/strong> Mousse PE<\/p>\n<p><strong>Couleur :<\/strong> gris<\/p>\n<p><strong>Contenu :<\/strong> 1 pc.<\/p>\n<p><strong>Description :<\/strong><br \/>\nLe coussin du formicarium est en mousse souple.<br \/>\nIl prot\u00e8ge le formicarium ainsi que le meuble sur lequel il repose, des rayures.<br \/>\nLe tapis sert \u00e9galement d'isolant thermique qui compense les moindres irr\u00e9gularit\u00e9s et prot\u00e8ge des vibrations.<\/p>","protected":false},"excerpt":{"rendered":"<p>Dimensions : 200 x 100 x 4mm Mat\u00e9riau : Mousse PE Couleur : gris Contenu : 1 pc. Description : Le tampon pour formicarium est fabriqu\u00e9 en mousse souple. Il prot\u00e8ge le formicarium ainsi que les meubles sur lesquels il repose contre les rayures. Le coussin sert \u00e9galement d'isolant thermique qui compense les moindres irr\u00e9gularit\u00e9s et prot\u00e8ge \u00e9galement les meubles.","protected":false},"featured_media":9589,"comment_status":"open","ping_status":"closed","template":"","meta":{"_acf_changed":false,"content-type":"","_monsterinsights_skip_tracking":false,"_monsterinsights_sitenote_active":false,"_monsterinsights_sitenote_note":"","_monsterinsights_sitenote_category":0},"product_brand":[484],"product_cat":[119,239],"product_tag":[],"class_list":{"0":"post-9320","1":"product","2":"type-product","3":"status-publish","4":"has-post-thumbnail","6":"product_brand-antcube","7":"product_cat-formicarium-components","8":"product_cat-useful-additions","10":"first","11":"instock","12":"taxable","13":"shipping-taxable","14":"purchasable","15":"product-type-simple"},"acf":[],"aioseo_notices":[],"jetpack_sharing_enabled":true,"_links":{"self":[{"href":"https:\/\/antcube.shop\/fr\/wp-json\/wp\/v2\/product\/9320","targetHints":{"allow":["GET"]}}],"collection":[{"href":"https:\/\/antcube.shop\/fr\/wp-json\/wp\/v2\/product"}],"about":[{"href":"https:\/\/antcube.shop\/fr\/wp-json\/wp\/v2\/types\/product"}],"replies":[{"embeddable":true,"href":"https:\/\/antcube.shop\/fr\/wp-json\/wp\/v2\/comments?post=9320"}],"wp:featuredmedia":[{"embeddable":true,"href":"https:\/\/antcube.shop\/fr\/wp-json\/wp\/v2\/media\/9589"}],"wp:attachment":[{"href":"https:\/\/antcube.shop\/fr\/wp-json\/wp\/v2\/media?parent=9320"}],"wp:term":[{"taxonomy":"product_brand","embeddable":true,"href":"https:\/\/antcube.shop\/fr\/wp-json\/wp\/v2\/product_brand?post=9320"},{"taxonomy":"product_cat","embeddable":true,"href":"https:\/\/antcube.shop\/fr\/wp-json\/wp\/v2\/product_cat?post=9320"},{"taxonomy":"product_tag","embeddable":true,"href":"https:\/\/antcube.shop\/fr\/wp-json\/wp\/v2\/product_tag?post=9320"}],"curies":[{"name":"wp","href":"https:\/\/api.w.org\/{rel}","templated":true}]}}