{"id":9319,"date":"2024-09-17T16:14:42","date_gmt":"2024-09-17T14:14:42","guid":{"rendered":"https:\/\/antcube.shop\/en\/product\/antcube-rote-folie-60x30-filter\/"},"modified":"2026-03-31T09:51:35","modified_gmt":"2026-03-31T07:51:35","slug":"antcube-rote-folie-60x30-filtre","status":"publish","type":"product","link":"https:\/\/antcube.shop\/fr\/produit\/antcube-rote-folie-60x30-filtre\/","title":{"rendered":"ANTCUBE - Feuille rouge 30\u00d730 - Filtre"},"content":{"rendered":"<p><strong>Dimensions :<\/strong> 59x24cm<\/p>\n<p><strong>Mat\u00e9riau :<\/strong> PVC<\/p>\n<p><strong>Description :<\/strong> Le film transparent rouge est utilis\u00e9 pour donner aux fourmis l'impression d'\u00eatre sous terre. Nous recommandons donc d'utiliser ce produit au moins partiellement dans la zone du nid. N\u00e9anmoins, les fourmis peuvent toujours \u00eatre facilement observ\u00e9es dans le nid. D\u00e9coup\u00e9 sur mesure pour ANTCUBE \"Fourmili\u00e8re 60x30cm S\/M\/L - debout\".<\/p>\n<p>Ce film filtrant a un meilleur effet de filtrage de la lumi\u00e8re que le film de couverture normal. R\u00e9siste \u00e0 des temp\u00e9ratures allant jusqu'\u00e0 180\u00b0C<\/p>\n<p>Le film filtrant adh\u00e8re de lui-m\u00eame \u00e0 la ferme ou au nid par une pression l\u00e9g\u00e8re et r\u00e9guli\u00e8re. Il est \u00e9galement possible de le fixer \u00e0 l'aide d'un ruban adh\u00e9sif transparent. Il suffit de le fixer \u00e0 l'aide de deux petites bandes dans les coins sup\u00e9rieurs, de sorte que le film puisse \u00eatre soulev\u00e9 ult\u00e9rieurement pour mieux voir la zone de nidification.<\/p>","protected":false},"excerpt":{"rendered":"<p>Dimensions : 59x24cm Mat\u00e9riau : PVC Description : Le film transparent rouge est utilis\u00e9 pour donner aux fourmis l'impression d'\u00eatre sous terre. Nous recommandons donc d'utiliser ce produit au moins partiellement dans la zone du nid. N\u00e9anmoins, les fourmis peuvent toujours \u00eatre facilement observ\u00e9es dans le nid. D\u00e9coup\u00e9 sur mesure pour ANTCUBE \"Fourmili\u00e8re 60x30cm S\/M\/L - debout\". Ce produit","protected":false},"featured_media":9826,"comment_status":"open","ping_status":"closed","template":"","meta":{"_acf_changed":false,"content-type":"","_monsterinsights_skip_tracking":false,"_monsterinsights_sitenote_active":false,"_monsterinsights_sitenote_note":"","_monsterinsights_sitenote_category":0},"product_brand":[],"product_cat":[119,239],"product_tag":[],"class_list":{"0":"post-9319","1":"product","2":"type-product","3":"status-publish","4":"has-post-thumbnail","6":"product_cat-formicarium-components","7":"product_cat-useful-additions","9":"first","10":"instock","11":"taxable","12":"shipping-taxable","13":"purchasable","14":"product-type-simple"},"acf":[],"aioseo_notices":[],"jetpack_sharing_enabled":true,"_links":{"self":[{"href":"https:\/\/antcube.shop\/fr\/wp-json\/wp\/v2\/product\/9319","targetHints":{"allow":["GET"]}}],"collection":[{"href":"https:\/\/antcube.shop\/fr\/wp-json\/wp\/v2\/product"}],"about":[{"href":"https:\/\/antcube.shop\/fr\/wp-json\/wp\/v2\/types\/product"}],"replies":[{"embeddable":true,"href":"https:\/\/antcube.shop\/fr\/wp-json\/wp\/v2\/comments?post=9319"}],"wp:featuredmedia":[{"embeddable":true,"href":"https:\/\/antcube.shop\/fr\/wp-json\/wp\/v2\/media\/9826"}],"wp:attachment":[{"href":"https:\/\/antcube.shop\/fr\/wp-json\/wp\/v2\/media?parent=9319"}],"wp:term":[{"taxonomy":"product_brand","embeddable":true,"href":"https:\/\/antcube.shop\/fr\/wp-json\/wp\/v2\/product_brand?post=9319"},{"taxonomy":"product_cat","embeddable":true,"href":"https:\/\/antcube.shop\/fr\/wp-json\/wp\/v2\/product_cat?post=9319"},{"taxonomy":"product_tag","embeddable":true,"href":"https:\/\/antcube.shop\/fr\/wp-json\/wp\/v2\/product_tag?post=9319"}],"curies":[{"name":"wp","href":"https:\/\/api.w.org\/{rel}","templated":true}]}}