{"id":9317,"date":"2024-09-17T16:13:59","date_gmt":"2024-09-17T14:13:59","guid":{"rendered":"https:\/\/antcube.shop\/en\/product\/ameisen-ausbruchsschutz-set\/"},"modified":"2026-04-13T09:30:49","modified_gmt":"2026-04-13T07:30:49","slug":"kit-de-protection-contre-les-fourmis","status":"publish","type":"product","link":"https:\/\/antcube.shop\/fr\/produit\/kit-de-protection-contre-les-fourmis\/","title":{"rendered":"Kit de protection contre les fourmis"},"content":{"rendered":"<p><strong>Contenu :<\/strong><br \/>\n1x huile de protection contre les fourmis 10ml (\u00e0 base d'huile de k\u00e9ros\u00e8ne)<br \/>\n1x poudre de protection contre les fourmis 10ml (\u00e0 base de talc)<br \/>\n1x vernis anti-fourmis 10ml (\u00e0 base de PTFE)<br \/>\n3x brosse en mousse sp\u00e9ciale pour l'application du mat\u00e9riau de protection des foyers<br \/>\nR\u00e9cipient de m\u00e9lange 3x pour le dosage ou le m\u00e9lange.<\/p>\n<p><strong>Description :<\/strong> Nous avons rassembl\u00e9 une petite s\u00e9rie de mat\u00e9riels de protection contre les \u00e9pid\u00e9mies les plus efficaces afin que vous puissiez tester la protection contre les \u00e9pid\u00e9mies la mieux adapt\u00e9e \u00e0 votre colonie.<\/p>\n<p><a href=\"https:\/\/www.antstore.net\/shop\/images\/documents\/ant%20escape%20protection%20lacquer%20EN.pdf\">Fiche de donn\u00e9es de s\u00e9curit\u00e9 pour la peinture anti-fourmis (anglais), (PDF 0.2 MB)<\/a><br \/>\n(Contient : Instructions de s\u00e9curit\u00e9)<\/p>\n<p><a href=\"https:\/\/www.antstore.net\/shop\/images\/documents\/ant_escape_protection_oil_en.pdf\">Fiche de donn\u00e9es de s\u00e9curit\u00e9 pour l'huile de protection contre les fourmis (anglais) , (PDF 0.1 MB)<\/a><br \/>\n(Contient : Instructions de s\u00e9curit\u00e9)<\/p>","protected":false},"excerpt":{"rendered":"<p>Contenu : 1x huile anti-fourmis 10ml (\u00e0 base d'huile de k\u00e9ros\u00e8ne) 1x poudre anti-fourmis 10ml (\u00e0 base de talc) 1x vernis anti-fourmis 10ml (\u00e0 base de PTFE) 3x brosse en mousse sp\u00e9ciale pour l'application du mat\u00e9riel anti-fourmis 3x r\u00e9cipient de m\u00e9lange pour le dosage ou le m\u00e9lange. Description : Nous avons rassembl\u00e9 un petit ensemble de produits de protection contre les \u00e9pid\u00e9mies les plus efficaces.","protected":false},"featured_media":9591,"comment_status":"open","ping_status":"closed","template":"","meta":{"_acf_changed":false,"content-type":"","_monsterinsights_skip_tracking":false,"_monsterinsights_sitenote_active":false,"_monsterinsights_sitenote_note":"","_monsterinsights_sitenote_category":0},"product_brand":[484],"product_cat":[237],"product_tag":[],"class_list":{"0":"post-9317","1":"product","2":"type-product","3":"status-publish","4":"has-post-thumbnail","6":"product_brand-antcube","7":"product_cat-tools","9":"first","10":"instock","11":"taxable","12":"shipping-taxable","13":"purchasable","14":"product-type-simple"},"acf":[],"aioseo_notices":[],"jetpack_sharing_enabled":true,"_links":{"self":[{"href":"https:\/\/antcube.shop\/fr\/wp-json\/wp\/v2\/product\/9317","targetHints":{"allow":["GET"]}}],"collection":[{"href":"https:\/\/antcube.shop\/fr\/wp-json\/wp\/v2\/product"}],"about":[{"href":"https:\/\/antcube.shop\/fr\/wp-json\/wp\/v2\/types\/product"}],"replies":[{"embeddable":true,"href":"https:\/\/antcube.shop\/fr\/wp-json\/wp\/v2\/comments?post=9317"}],"wp:featuredmedia":[{"embeddable":true,"href":"https:\/\/antcube.shop\/fr\/wp-json\/wp\/v2\/media\/9591"}],"wp:attachment":[{"href":"https:\/\/antcube.shop\/fr\/wp-json\/wp\/v2\/media?parent=9317"}],"wp:term":[{"taxonomy":"product_brand","embeddable":true,"href":"https:\/\/antcube.shop\/fr\/wp-json\/wp\/v2\/product_brand?post=9317"},{"taxonomy":"product_cat","embeddable":true,"href":"https:\/\/antcube.shop\/fr\/wp-json\/wp\/v2\/product_cat?post=9317"},{"taxonomy":"product_tag","embeddable":true,"href":"https:\/\/antcube.shop\/fr\/wp-json\/wp\/v2\/product_tag?post=9317"}],"curies":[{"name":"wp","href":"https:\/\/api.w.org\/{rel}","templated":true}]}}