{"id":9316,"date":"2024-09-17T16:13:38","date_gmt":"2024-09-17T14:13:38","guid":{"rendered":"https:\/\/antcube.shop\/en\/product\/ameisen-ausbruchsschutz-lack-10ml\/"},"modified":"2026-04-07T09:37:58","modified_gmt":"2026-04-07T07:37:58","slug":"ameisen-ausbruchsschutz-lack-10ml","status":"publish","type":"product","link":"https:\/\/antcube.shop\/fr\/produit\/ameisen-ausbruchsschutz-lack-10ml\/","title":{"rendered":"Vernis anti-fourmis 10ml"},"content":{"rendered":"<p><strong>Contenu :<\/strong> 10 ml (quantit\u00e9 suffisante pour environ 10 m\u00e8tres d'une bande de 20 mm de large)<\/p>\n<p><strong>Couleur :<\/strong> blanc laiteux<\/p>\n<p><strong>Mat\u00e9riau :<\/strong> \u00e0 base de PTFE<\/p>\n<p><strong>Description :<\/strong> Le vernis est la protection anti-rupture id\u00e9ale pour les fourmis ; un type de plastique qui est aussi souvent utilis\u00e9 comme anti-adh\u00e9sif - \u00e9galement recommand\u00e9 par les scientifiques H\u00f6lldobler et Wilson comme protection anti-rupture dans les \u00e9levages de fourmis. Les fourmis ne trouvent aucune prise sur le film appliqu\u00e9 et glissent. Le rev\u00eatement est durable et ne doit donc pas \u00eatre renouvel\u00e9 aussi souvent que d'autres solutions.<\/p>\n<p><strong>Avantage :<\/strong><br \/>\n- S'il est appliqu\u00e9 proprement, aucun renouvellement n'est n\u00e9cessaire.<br \/>\n- Id\u00e9al pour les surfaces en verre.<\/p>\n<p><strong>Inconv\u00e9nient :<\/strong><br \/>\n- Ne convient pas aux formariums \u00e0 forte humidit\u00e9, car le vernis est soluble dans l'eau.<br \/>\n- Le vernis n'est pas adapt\u00e9 aux surfaces en plastique car celles-ci sont auto-graissantes.<br \/>\n- L'application doit \u00eatre pratiqu\u00e9e au pr\u00e9alable, car la surface \"vernie\" ne doit pas devenir rugueuse ou ray\u00e9e.<\/p>\n<p><strong>Application :<\/strong> Bien agiter avant utilisation. Le vernis peut \u00eatre utilis\u00e9 tel quel ou dilu\u00e9 avec de l'eau jusqu'\u00e0 un maximum de 1:10. Il peut \u00eatre appliqu\u00e9 \u00e0 l'aide d'un pinceau ou simplement goutt\u00e9 soigneusement sur les surfaces \u00e0 traiter. Le film doit \u00eatre environ trois fois plus large au bord que la longueur des fourmis. Le plus simple est de masquer la zone avec du ruban adh\u00e9sif et d'appliquer la peinture en se couchant sur le c\u00f4t\u00e9 du r\u00e9servoir. Le temps de s\u00e9chage par face est d'environ 45 minutes, mais peut varier l\u00e9g\u00e8rement en fonction de l'\u00e9paisseur de l'application.<\/p>\n<p><strong>Remarque importante :<\/strong> \u00c9viter le contact avec les yeux. En cas de contact avec les yeux, rincer imm\u00e9diatement et abondamment \u00e0 l'eau et consulter un m\u00e9decin. Ne pas fumer pendant l'application. N'utiliser que dans des endroits bien ventil\u00e9s. Tenir hors de port\u00e9e des enfants ! La peinture peut changer de consistance de mani\u00e8re irr\u00e9versible \u00e0 des temp\u00e9ratures inf\u00e9rieures \u00e0 z\u00e9ro. C'est pourquoi nous ne livrons qu'\u00e0 des temp\u00e9ratures sup\u00e9rieures \u00e0 0\u00b0C !<\/p>\n<p><a href=\"https:\/\/www.antstore.net\/shop\/images\/documents\/ant%20escape%20protection%20lacquer%20EN.pdf\">Fiche de donn\u00e9es de s\u00e9curit\u00e9 pour la peinture de protection contre les fourmis (anglais) , (PDF 0.2 MB)<\/a><br \/>\n(Contient : Instructions de s\u00e9curit\u00e9)<\/p>\n<p>&nbsp;<\/p>","protected":false},"excerpt":{"rendered":"<p>Contenu : 10 ml (quantit\u00e9 suffisante non dilu\u00e9e pour environ 10 m\u00e8tres d'une bande de 20 mm de large) Couleur : blanc laiteux Mat\u00e9riau : A base de PTFE Description : Le vernis est la protection anti-rupture id\u00e9ale pour les fourmis ; un type de plastique qui est \u00e9galement souvent utilis\u00e9 comme anti-adh\u00e9sif - \u00e9galement recommand\u00e9 par les scientifiques H\u00f6lldobler et Wilson comme protection anti-rupture pour les fourmis.","protected":false},"featured_media":9592,"comment_status":"open","ping_status":"closed","template":"","meta":{"_acf_changed":false,"content-type":"","_monsterinsights_skip_tracking":false,"_monsterinsights_sitenote_active":false,"_monsterinsights_sitenote_note":"","_monsterinsights_sitenote_category":0},"product_brand":[484],"product_cat":[237],"product_tag":[],"class_list":{"0":"post-9316","1":"product","2":"type-product","3":"status-publish","4":"has-post-thumbnail","6":"product_brand-antcube","7":"product_cat-tools","9":"first","10":"instock","11":"taxable","12":"shipping-taxable","13":"purchasable","14":"product-type-simple"},"acf":[],"aioseo_notices":[],"jetpack_sharing_enabled":true,"_links":{"self":[{"href":"https:\/\/antcube.shop\/fr\/wp-json\/wp\/v2\/product\/9316","targetHints":{"allow":["GET"]}}],"collection":[{"href":"https:\/\/antcube.shop\/fr\/wp-json\/wp\/v2\/product"}],"about":[{"href":"https:\/\/antcube.shop\/fr\/wp-json\/wp\/v2\/types\/product"}],"replies":[{"embeddable":true,"href":"https:\/\/antcube.shop\/fr\/wp-json\/wp\/v2\/comments?post=9316"}],"wp:featuredmedia":[{"embeddable":true,"href":"https:\/\/antcube.shop\/fr\/wp-json\/wp\/v2\/media\/9592"}],"wp:attachment":[{"href":"https:\/\/antcube.shop\/fr\/wp-json\/wp\/v2\/media?parent=9316"}],"wp:term":[{"taxonomy":"product_brand","embeddable":true,"href":"https:\/\/antcube.shop\/fr\/wp-json\/wp\/v2\/product_brand?post=9316"},{"taxonomy":"product_cat","embeddable":true,"href":"https:\/\/antcube.shop\/fr\/wp-json\/wp\/v2\/product_cat?post=9316"},{"taxonomy":"product_tag","embeddable":true,"href":"https:\/\/antcube.shop\/fr\/wp-json\/wp\/v2\/product_tag?post=9316"}],"curies":[{"name":"wp","href":"https:\/\/api.w.org\/{rel}","templated":true}]}}