{"id":9315,"date":"2024-09-17T16:13:12","date_gmt":"2024-09-17T14:13:12","guid":{"rendered":"https:\/\/antcube.shop\/en\/product\/ameisen-ausbruchsschutz-pulver-10ml\/"},"modified":"2026-04-02T15:40:30","modified_gmt":"2026-04-02T13:40:30","slug":"poudre-de-protection-contre-les-fourmis-10ml","status":"publish","type":"product","link":"https:\/\/antcube.shop\/fr\/produit\/poudre-de-protection-contre-les-fourmis-10ml\/","title":{"rendered":"Poudre de protection contre les fourmis 10ml"},"content":{"rendered":"<p><strong>Contenu :<\/strong> 8g\/10ml (suffisant pour environ un m\u00e8tre d'une bande de 2cm de large)<\/p>\n<p><strong>Couleur :<\/strong> blanc, mat<\/p>\n<p><strong>Mat\u00e9riau :<\/strong> \u00e0 base de talc<\/p>\n<p><strong>Description :<\/strong> La poudre emp\u00eache les fourmis d'\u00e9clater. Il suffit de m\u00e9langer la poudre avec de l'eau et de l'appliquer \u00e0 l'aide d'un pinceau \u00e0 environ 1 cm sous le bord int\u00e9rieur du formarium. L'eau s'\u00e9vapore et il reste une fine couche de talc.<\/p>\n<p><strong>Avantage :<\/strong> tr\u00e8s efficace, durable<\/p>\n<p><strong>Inconv\u00e9nient :<\/strong> La couche de poudre peut se d\u00e9tacher si l'on agite le formicarium. Une quantit\u00e9 relativement importante est n\u00e9cessaire par rapport \u00e0 l'huile ou au vernis de protection des foyers.<\/p>\n<p><strong>Application :<\/strong> Le film doit \u00eatre appliqu\u00e9 sur un bord environ trois fois plus large que la longueur des fourmis.<\/p>","protected":false},"excerpt":{"rendered":"<p>Contenu : 8g\/10ml (suffisant pour environ un m\u00e8tre d'une bande de 2cm de large) Couleur : blanc, mat Mat\u00e9riau : \u00e0 base de talc Description : La poudre emp\u00eache les fourmis d'\u00e9clater en m\u00e9langeant la poudre avec de l'eau et en l'appliquant \u00e0 l'aide d'un pinceau \u00e0 environ 1 cm sous le bord int\u00e9rieur du formarium. L'eau s'\u00e9vapore et une fine couche de talc se forme.","protected":false},"featured_media":9596,"comment_status":"open","ping_status":"closed","template":"","meta":{"_acf_changed":false,"content-type":"","_monsterinsights_skip_tracking":false,"_monsterinsights_sitenote_active":false,"_monsterinsights_sitenote_note":"","_monsterinsights_sitenote_category":0},"product_brand":[],"product_cat":[237],"product_tag":[],"class_list":{"0":"post-9315","1":"product","2":"type-product","3":"status-publish","4":"has-post-thumbnail","6":"product_cat-tools","8":"first","9":"instock","10":"taxable","11":"shipping-taxable","12":"purchasable","13":"product-type-simple"},"acf":[],"aioseo_notices":[],"jetpack_sharing_enabled":true,"_links":{"self":[{"href":"https:\/\/antcube.shop\/fr\/wp-json\/wp\/v2\/product\/9315","targetHints":{"allow":["GET"]}}],"collection":[{"href":"https:\/\/antcube.shop\/fr\/wp-json\/wp\/v2\/product"}],"about":[{"href":"https:\/\/antcube.shop\/fr\/wp-json\/wp\/v2\/types\/product"}],"replies":[{"embeddable":true,"href":"https:\/\/antcube.shop\/fr\/wp-json\/wp\/v2\/comments?post=9315"}],"wp:featuredmedia":[{"embeddable":true,"href":"https:\/\/antcube.shop\/fr\/wp-json\/wp\/v2\/media\/9596"}],"wp:attachment":[{"href":"https:\/\/antcube.shop\/fr\/wp-json\/wp\/v2\/media?parent=9315"}],"wp:term":[{"taxonomy":"product_brand","embeddable":true,"href":"https:\/\/antcube.shop\/fr\/wp-json\/wp\/v2\/product_brand?post=9315"},{"taxonomy":"product_cat","embeddable":true,"href":"https:\/\/antcube.shop\/fr\/wp-json\/wp\/v2\/product_cat?post=9315"},{"taxonomy":"product_tag","embeddable":true,"href":"https:\/\/antcube.shop\/fr\/wp-json\/wp\/v2\/product_tag?post=9315"}],"curies":[{"name":"wp","href":"https:\/\/api.w.org\/{rel}","templated":true}]}}