{"id":9314,"date":"2024-09-17T16:12:51","date_gmt":"2024-09-17T14:12:51","guid":{"rendered":"https:\/\/antcube.shop\/en\/product\/gitterkappe-fein-fur-gittereinsatz-acryl-50mm\/"},"modified":"2026-02-23T10:53:58","modified_gmt":"2026-02-23T09:53:58","slug":"capuchon-de-grille-fin-pour-insert-de-grille-acrylique-50mm","status":"publish","type":"product","link":"https:\/\/antcube.shop\/fr\/produit\/capuchon-de-grille-fin-pour-insert-de-grille-acrylique-50mm\/","title":{"rendered":"Capuchon de grille fin - pour insert de grille acrylique 50mm"},"content":{"rendered":"<p><strong>Quantit\u00e9 :<\/strong> 1 pi\u00e8ce<\/p>\n<p><strong>Dimensions :<\/strong> 51x12mm<\/p>\n<p><strong>Couleur :<\/strong> transparent<\/p>\n<p><strong>Mat\u00e9riau :<\/strong> plastique<\/p>\n<p><strong>Description :<\/strong> Ce capuchon avec une grille tr\u00e8s fine (0,2-0,3 mm) pour la \"grille acrylique 50 mm - transparente\" et la \"fourmili\u00e8re - ventilateur\" emp\u00eache les petites fourmis de s'\u00e9chapper par les larges fentes d'a\u00e9ration de la grille. Le capuchon est fix\u00e9 \u00e0 l'insert par le bas.<\/p>\n<p><strong>Note :<\/strong> Veuillez noter que cet article ne peut \u00eatre utilis\u00e9 qu'en conjonction avec l'article : \"005044 Insert de grille acrylique 50 mm - transparent\" ou le \"Ventilateur de fourmili\u00e8re\" !<\/p>","protected":false},"excerpt":{"rendered":"<p>Quantit\u00e9 : 1 pi\u00e8ce Dimensions : 51x12mm Couleur : transparent Mat\u00e9riau : plastique Description : Ce capuchon avec une grille tr\u00e8s fine (0,2-0,3 mm) pour l'insert \"Grille acrylique 50 mm - transparent\" et \"Fourmili\u00e8re - ventilateur\" emp\u00eache les petites fourmis de s'\u00e9chapper par les larges fentes d'a\u00e9ration de l'insert. Le capuchon est fix\u00e9 \u00e0 l'insert \u00e0 partir de","protected":false},"featured_media":9832,"comment_status":"open","ping_status":"closed","template":"","meta":{"_acf_changed":false,"content-type":"","_monsterinsights_skip_tracking":false,"_monsterinsights_sitenote_active":false,"_monsterinsights_sitenote_note":"","_monsterinsights_sitenote_category":0},"product_brand":[485],"product_cat":[119,238],"product_tag":[],"class_list":{"0":"post-9314","1":"product","2":"type-product","3":"status-publish","4":"has-post-thumbnail","6":"product_brand-antstore","7":"product_cat-formicarium-components","8":"product_cat-grid-caps-plugs-and-inserts","10":"first","11":"instock","12":"taxable","13":"shipping-taxable","14":"purchasable","15":"product-type-simple"},"acf":[],"aioseo_notices":[],"jetpack_sharing_enabled":true,"_links":{"self":[{"href":"https:\/\/antcube.shop\/fr\/wp-json\/wp\/v2\/product\/9314","targetHints":{"allow":["GET"]}}],"collection":[{"href":"https:\/\/antcube.shop\/fr\/wp-json\/wp\/v2\/product"}],"about":[{"href":"https:\/\/antcube.shop\/fr\/wp-json\/wp\/v2\/types\/product"}],"replies":[{"embeddable":true,"href":"https:\/\/antcube.shop\/fr\/wp-json\/wp\/v2\/comments?post=9314"}],"wp:featuredmedia":[{"embeddable":true,"href":"https:\/\/antcube.shop\/fr\/wp-json\/wp\/v2\/media\/9832"}],"wp:attachment":[{"href":"https:\/\/antcube.shop\/fr\/wp-json\/wp\/v2\/media?parent=9314"}],"wp:term":[{"taxonomy":"product_brand","embeddable":true,"href":"https:\/\/antcube.shop\/fr\/wp-json\/wp\/v2\/product_brand?post=9314"},{"taxonomy":"product_cat","embeddable":true,"href":"https:\/\/antcube.shop\/fr\/wp-json\/wp\/v2\/product_cat?post=9314"},{"taxonomy":"product_tag","embeddable":true,"href":"https:\/\/antcube.shop\/fr\/wp-json\/wp\/v2\/product_tag?post=9314"}],"curies":[{"name":"wp","href":"https:\/\/api.w.org\/{rel}","templated":true}]}}