{"id":9310,"date":"2024-09-17T16:11:08","date_gmt":"2024-09-17T14:11:08","guid":{"rendered":"https:\/\/antcube.shop\/en\/product\/gitterkappe-32mm-edelstahl\/"},"modified":"2026-03-23T10:48:04","modified_gmt":"2026-03-23T09:48:04","slug":"capuchon-de-grille-32mm-acier-inoxydable","status":"publish","type":"product","link":"https:\/\/antcube.shop\/fr\/produit\/capuchon-de-grille-32mm-acier-inoxydable\/","title":{"rendered":"Capuchon de grille - 32mm - Acier inoxydable"},"content":{"rendered":"<p><strong>Quantit\u00e9 :<\/strong> 1 pi\u00e8ce<\/p>\n<p><strong>Dimensions :<\/strong> 32 mm (diam\u00e8tre int\u00e9rieur), 40\u00d78 mm (dimensions ext\u00e9rieures)<\/p>\n<p><strong>Couleur :<\/strong> transparent<\/p>\n<p><strong>Mat\u00e9riau :<\/strong> acier inoxydable, verre acrylique<\/p>\n<p><strong>Description :<\/strong><br \/>\nCe capuchon \u00e0 grille en acier inoxydable tr\u00e8s fin (0,2 mm) peut \u00eatre fix\u00e9 \u00e0 une douille, un tube ou un embout de tuyau et assure une bonne ventilation du formarium sans que les fourmis ne puissent s'\u00e9chapper. La grille en acier inoxydable et le cadre en verre acrylique sont tous deux transparents.<\/p>\n<p><strong>Note :<\/strong> Convient \u00e9galement aux esp\u00e8ces tr\u00e8s mordantes telles que les fourmis coupeuses de feuilles !<\/p>","protected":false},"excerpt":{"rendered":"<p>Quantit\u00e9 : 1 pi\u00e8ce Dimensions : 40mm (diam\u00e8tre int\u00e9rieur), 50x8mm (dimensions ext\u00e9rieures) Couleur : transparent Mat\u00e9riau : acier inoxydable, verre acrylique Description : Ce capuchon de grille avec une grille tr\u00e8s fine en acier inoxydable (0,2 mm) peut \u00eatre fix\u00e9 \u00e0 une douille, un tube ou une extr\u00e9mit\u00e9 de tuyau et assure une bonne ventilation du formarium sans que les fourmis ne puissent s'\u00e9chapper. Les deux grilles en acier inoxydable","protected":false},"featured_media":9840,"comment_status":"open","ping_status":"closed","template":"","meta":{"_acf_changed":false,"content-type":"","_monsterinsights_skip_tracking":false,"_monsterinsights_sitenote_active":false,"_monsterinsights_sitenote_note":"","_monsterinsights_sitenote_category":0},"product_brand":[485],"product_cat":[119,238],"product_tag":[],"class_list":{"0":"post-9310","1":"product","2":"type-product","3":"status-publish","4":"has-post-thumbnail","6":"product_brand-antstore","7":"product_cat-formicarium-components","8":"product_cat-grid-caps-plugs-and-inserts","10":"first","11":"instock","12":"taxable","13":"shipping-taxable","14":"purchasable","15":"product-type-simple"},"acf":[],"aioseo_notices":[],"jetpack_sharing_enabled":true,"_links":{"self":[{"href":"https:\/\/antcube.shop\/fr\/wp-json\/wp\/v2\/product\/9310","targetHints":{"allow":["GET"]}}],"collection":[{"href":"https:\/\/antcube.shop\/fr\/wp-json\/wp\/v2\/product"}],"about":[{"href":"https:\/\/antcube.shop\/fr\/wp-json\/wp\/v2\/types\/product"}],"replies":[{"embeddable":true,"href":"https:\/\/antcube.shop\/fr\/wp-json\/wp\/v2\/comments?post=9310"}],"wp:featuredmedia":[{"embeddable":true,"href":"https:\/\/antcube.shop\/fr\/wp-json\/wp\/v2\/media\/9840"}],"wp:attachment":[{"href":"https:\/\/antcube.shop\/fr\/wp-json\/wp\/v2\/media?parent=9310"}],"wp:term":[{"taxonomy":"product_brand","embeddable":true,"href":"https:\/\/antcube.shop\/fr\/wp-json\/wp\/v2\/product_brand?post=9310"},{"taxonomy":"product_cat","embeddable":true,"href":"https:\/\/antcube.shop\/fr\/wp-json\/wp\/v2\/product_cat?post=9310"},{"taxonomy":"product_tag","embeddable":true,"href":"https:\/\/antcube.shop\/fr\/wp-json\/wp\/v2\/product_tag?post=9310"}],"curies":[{"name":"wp","href":"https:\/\/api.w.org\/{rel}","templated":true}]}}