{"id":9309,"date":"2024-09-17T16:10:44","date_gmt":"2024-09-17T14:10:44","guid":{"rendered":"https:\/\/antcube.shop\/en\/product\/einsteckeinsatz-fein-fur-gittereinsatz-acryl-50-mm\/"},"modified":"2026-03-24T16:45:14","modified_gmt":"2026-03-24T15:45:14","slug":"einsteckeinsatz-fein-fur-gittereinsatz-acryl-50-mm","status":"publish","type":"product","link":"https:\/\/antcube.shop\/fr\/produit\/einsteckeinsatz-fein-fur-gittereinsatz-acryl-50-mm\/","title":{"rendered":"Insert fin - pour grille acrylique 50 mm"},"content":{"rendered":"<p><strong>Quantit\u00e9 :<\/strong> 1 pi\u00e8ce<\/p>\n<p><strong>Dimensions :<\/strong> 50x10mm<\/p>\n<p><strong>Couleur :<\/strong> transparent<\/p>\n<p><strong>Mat\u00e9riau :<\/strong> plastique<\/p>\n<p><strong>Description :<\/strong><br \/>\nCet insert \u00e0 mailles tr\u00e8s fines (0,2-0,3 mm) pour l'\"insert en filet acrylique 50 mm - transparent\" emp\u00eache les petites fourmis de s'\u00e9chapper par les larges fentes d'a\u00e9ration de l'insert en filet. L'insert est ins\u00e9r\u00e9 dans la grille par le bas.<\/p>\n<p>Convient \u00e9galement aux esp\u00e8ces tr\u00e8s mordantes telles que les fourmis coupeuses de feuilles !<\/p>\n<p><strong>Note :<\/strong> Veuillez noter que vous ne pouvez utiliser cet article qu'en conjonction avec l'article : \"005044 Insert de grille acrylique 50 mm - transparent\" !<\/p>","protected":false},"excerpt":{"rendered":"<p>Quantit\u00e9 : 1 pi\u00e8ce Dimensions : 50x10mm Couleur : transparent Mat\u00e9riau : plastique Description : Cet insert \u00e0 mailles tr\u00e8s fines (0,2-0,3 mm) pour l'\"insert en filet acrylique 50 mm - transparent\" emp\u00eache les petites fourmis de s'\u00e9chapper par les larges fentes d'a\u00e9ration de l'insert en filet. L'insert est ins\u00e9r\u00e9 dans la grille par le bas. Convient \u00e9galement pour les","protected":false},"featured_media":9842,"comment_status":"open","ping_status":"closed","template":"","meta":{"_acf_changed":false,"content-type":"","_monsterinsights_skip_tracking":false,"_monsterinsights_sitenote_active":false,"_monsterinsights_sitenote_note":"","_monsterinsights_sitenote_category":0},"product_brand":[],"product_cat":[119,238],"product_tag":[],"class_list":{"0":"post-9309","1":"product","2":"type-product","3":"status-publish","4":"has-post-thumbnail","6":"product_cat-formicarium-components","7":"product_cat-grid-caps-plugs-and-inserts","9":"first","10":"outofstock","11":"taxable","12":"shipping-taxable","13":"purchasable","14":"product-type-simple"},"acf":[],"aioseo_notices":[],"jetpack_sharing_enabled":true,"_links":{"self":[{"href":"https:\/\/antcube.shop\/fr\/wp-json\/wp\/v2\/product\/9309","targetHints":{"allow":["GET"]}}],"collection":[{"href":"https:\/\/antcube.shop\/fr\/wp-json\/wp\/v2\/product"}],"about":[{"href":"https:\/\/antcube.shop\/fr\/wp-json\/wp\/v2\/types\/product"}],"replies":[{"embeddable":true,"href":"https:\/\/antcube.shop\/fr\/wp-json\/wp\/v2\/comments?post=9309"}],"wp:featuredmedia":[{"embeddable":true,"href":"https:\/\/antcube.shop\/fr\/wp-json\/wp\/v2\/media\/9842"}],"wp:attachment":[{"href":"https:\/\/antcube.shop\/fr\/wp-json\/wp\/v2\/media?parent=9309"}],"wp:term":[{"taxonomy":"product_brand","embeddable":true,"href":"https:\/\/antcube.shop\/fr\/wp-json\/wp\/v2\/product_brand?post=9309"},{"taxonomy":"product_cat","embeddable":true,"href":"https:\/\/antcube.shop\/fr\/wp-json\/wp\/v2\/product_cat?post=9309"},{"taxonomy":"product_tag","embeddable":true,"href":"https:\/\/antcube.shop\/fr\/wp-json\/wp\/v2\/product_tag?post=9309"}],"curies":[{"name":"wp","href":"https:\/\/api.w.org\/{rel}","templated":true}]}}