{"id":9308,"date":"2024-09-17T16:10:24","date_gmt":"2024-09-17T14:10:24","guid":{"rendered":"https:\/\/antcube.shop\/en\/product\/dosierfilter-16mm\/"},"modified":"2026-04-13T09:32:28","modified_gmt":"2026-04-13T07:32:28","slug":"filtre-de-dosage-16mm","status":"publish","type":"product","link":"https:\/\/antcube.shop\/fr\/produit\/filtre-de-dosage-16mm\/","title":{"rendered":"Filtre doseur 16mm"},"content":{"rendered":"<p><strong>Dimensions :<\/strong> 20 mm de long, 14 mm de diam\u00e8tre pour les tubes \u00e0 nid de 16 mm<\/p>\n<p><strong>Contenu :<\/strong><br \/>\n1x filtre de dosage<\/p>\n<p><strong>Mat\u00e9riau :<\/strong> Milieu filtrant<\/p>\n<p><strong>Description :<\/strong> Le filtre doseur s\u00e9pare les fourmis du r\u00e9servoir d'eau dans le tube du nid. Cependant, les forces capillaires permettent \u00e0 suffisamment d'humidit\u00e9 de passer \u00e0 travers le filtre pour alimenter les fourmis.<\/p>\n<p><strong>Couleurs :<\/strong> blanc<\/p>","protected":false},"excerpt":{"rendered":"<p>Dimensions : 20mm de long, 14mm de diam\u00e8tre pour les tubes de 16mm Contenu : 1x filtre de dosage Mat\u00e9riau : M\u00e9dia filtrant Description : Le filtre de dosage s\u00e9pare les fourmis du r\u00e9servoir d'eau dans le tube de nidification. Cependant, les forces capillaires permettent \u00e0 suffisamment d'humidit\u00e9 de passer \u00e0 travers le filtre pour alimenter les fourmis. Couleurs : blanc<\/p>","protected":false},"featured_media":9847,"comment_status":"open","ping_status":"closed","template":"","meta":{"_acf_changed":false,"content-type":"","_monsterinsights_skip_tracking":false,"_monsterinsights_sitenote_active":false,"_monsterinsights_sitenote_note":"","_monsterinsights_sitenote_category":0},"product_brand":[],"product_cat":[237],"product_tag":[],"class_list":{"0":"post-9308","1":"product","2":"type-product","3":"status-publish","4":"has-post-thumbnail","6":"product_cat-tools","8":"first","9":"instock","10":"taxable","11":"shipping-taxable","12":"purchasable","13":"product-type-simple"},"acf":[],"aioseo_notices":[],"jetpack_sharing_enabled":true,"_links":{"self":[{"href":"https:\/\/antcube.shop\/fr\/wp-json\/wp\/v2\/product\/9308","targetHints":{"allow":["GET"]}}],"collection":[{"href":"https:\/\/antcube.shop\/fr\/wp-json\/wp\/v2\/product"}],"about":[{"href":"https:\/\/antcube.shop\/fr\/wp-json\/wp\/v2\/types\/product"}],"replies":[{"embeddable":true,"href":"https:\/\/antcube.shop\/fr\/wp-json\/wp\/v2\/comments?post=9308"}],"wp:featuredmedia":[{"embeddable":true,"href":"https:\/\/antcube.shop\/fr\/wp-json\/wp\/v2\/media\/9847"}],"wp:attachment":[{"href":"https:\/\/antcube.shop\/fr\/wp-json\/wp\/v2\/media?parent=9308"}],"wp:term":[{"taxonomy":"product_brand","embeddable":true,"href":"https:\/\/antcube.shop\/fr\/wp-json\/wp\/v2\/product_brand?post=9308"},{"taxonomy":"product_cat","embeddable":true,"href":"https:\/\/antcube.shop\/fr\/wp-json\/wp\/v2\/product_cat?post=9308"},{"taxonomy":"product_tag","embeddable":true,"href":"https:\/\/antcube.shop\/fr\/wp-json\/wp\/v2\/product_tag?post=9308"}],"curies":[{"name":"wp","href":"https:\/\/api.w.org\/{rel}","templated":true}]}}