{"id":9307,"date":"2024-09-17T16:10:04","date_gmt":"2024-09-17T14:10:04","guid":{"rendered":"https:\/\/antcube.shop\/en\/product\/formicarienstopfen-fur-13mm-bohrung\/"},"modified":"2026-04-04T12:46:28","modified_gmt":"2026-04-04T10:46:28","slug":"formicarienstopfen-fur-13mm-bohrung","status":"publish","type":"product","link":"https:\/\/antcube.shop\/fr\/produit\/formicarienstopfen-fur-13mm-bohrung\/","title":{"rendered":"Bouchon de formarium pour trou de 13 mm"},"content":{"rendered":"<p><strong>Quantit\u00e9 :<\/strong> 1 pi\u00e8ce<\/p>\n<p><strong>Dimensions :<\/strong> 18\u00d79 mm<\/p>\n<p><strong>Mat\u00e9riau :<\/strong> plastique PE<\/p>\n<p><strong>Couleur :<\/strong> transparent, laiteux<\/p>\n<p><strong>Description :<\/strong> Pour l'obturation des ouvertures rondes de 4 mm de diam\u00e8tre dans le formica<br \/>\nSur demande, nous pouvons \u00e9galement d\u00e9couper des trous dans les bouchons, moyennant un suppl\u00e9ment de prix.<br \/>\nLes d\u00e9coupes suivantes sont recommand\u00e9es pour les \u00e9l\u00e9ments suivants, par exemple :<br \/>\n10 mm, par exemple pour un tuyau ou un tube 10 mm<\/p>","protected":false},"excerpt":{"rendered":"<p>Quantit\u00e9 : 1 pi\u00e8ce Dimensions : 18x9 mm Mat\u00e9riau : Plastique PE Couleur : transparent, laiteux Description : Pour fermer les ouvertures rondes dans les formariums d'un diam\u00e8tre de 13 mm. Sur demande, nous pouvons \u00e9galement d\u00e9couper des trous dans les bouchons, moyennant un suppl\u00e9ment de prix. Les d\u00e9coupes suivantes sont recommand\u00e9es pour les articles suivants, par exemple : 10 mm, par exemple pour un tuyau ou un tuyau d'arrosage.","protected":false},"featured_media":9849,"comment_status":"open","ping_status":"closed","template":"","meta":{"_acf_changed":false,"content-type":"","_monsterinsights_skip_tracking":false,"_monsterinsights_sitenote_active":false,"_monsterinsights_sitenote_note":"","_monsterinsights_sitenote_category":0},"product_brand":[],"product_cat":[119,238],"product_tag":[],"class_list":{"0":"post-9307","1":"product","2":"type-product","3":"status-publish","4":"has-post-thumbnail","6":"product_cat-formicarium-components","7":"product_cat-grid-caps-plugs-and-inserts","9":"first","10":"instock","11":"taxable","12":"shipping-taxable","13":"purchasable","14":"product-type-simple"},"acf":[],"aioseo_notices":[],"jetpack_sharing_enabled":true,"_links":{"self":[{"href":"https:\/\/antcube.shop\/fr\/wp-json\/wp\/v2\/product\/9307","targetHints":{"allow":["GET"]}}],"collection":[{"href":"https:\/\/antcube.shop\/fr\/wp-json\/wp\/v2\/product"}],"about":[{"href":"https:\/\/antcube.shop\/fr\/wp-json\/wp\/v2\/types\/product"}],"replies":[{"embeddable":true,"href":"https:\/\/antcube.shop\/fr\/wp-json\/wp\/v2\/comments?post=9307"}],"wp:featuredmedia":[{"embeddable":true,"href":"https:\/\/antcube.shop\/fr\/wp-json\/wp\/v2\/media\/9849"}],"wp:attachment":[{"href":"https:\/\/antcube.shop\/fr\/wp-json\/wp\/v2\/media?parent=9307"}],"wp:term":[{"taxonomy":"product_brand","embeddable":true,"href":"https:\/\/antcube.shop\/fr\/wp-json\/wp\/v2\/product_brand?post=9307"},{"taxonomy":"product_cat","embeddable":true,"href":"https:\/\/antcube.shop\/fr\/wp-json\/wp\/v2\/product_cat?post=9307"},{"taxonomy":"product_tag","embeddable":true,"href":"https:\/\/antcube.shop\/fr\/wp-json\/wp\/v2\/product_tag?post=9307"}],"curies":[{"name":"wp","href":"https:\/\/api.w.org\/{rel}","templated":true}]}}