{"id":9295,"date":"2024-09-17T16:04:43","date_gmt":"2024-09-17T14:04:43","guid":{"rendered":"https:\/\/antcube.shop\/en\/product\/lp-schlauchverbinder-i-10\/"},"modified":"2026-04-01T10:50:04","modified_gmt":"2026-04-01T08:50:04","slug":"lp-schlauchverbinder-i-10","status":"publish","type":"product","link":"https:\/\/antcube.shop\/fr\/produit\/lp-schlauchverbinder-i-10\/","title":{"rendered":"Connecteur du tuyau LP I 10"},"content":{"rendered":"<p><strong>Utilisez :<\/strong> Pour les tuyaux d'un diam\u00e8tre int\u00e9rieur de 9-10 mm<\/p>\n<p><strong>Mat\u00e9riau :<\/strong> PP<\/p>","protected":false},"excerpt":{"rendered":"<p>Utilisation : Pour les tuyaux d'un diam\u00e8tre int\u00e9rieur de 9-10 mm Mat\u00e9riau : PP<\/p>","protected":false},"featured_media":9876,"comment_status":"open","ping_status":"closed","template":"","meta":{"_acf_changed":false,"content-type":"","_monsterinsights_skip_tracking":false,"_monsterinsights_sitenote_active":false,"_monsterinsights_sitenote_note":"","_monsterinsights_sitenote_category":0},"product_brand":[],"product_cat":[119,121],"product_tag":[],"class_list":{"0":"post-9295","1":"product","2":"type-product","3":"status-publish","4":"has-post-thumbnail","6":"product_cat-formicarium-components","7":"product_cat-connectors","9":"first","10":"instock","11":"taxable","12":"shipping-taxable","13":"purchasable","14":"product-type-simple"},"acf":[],"aioseo_notices":[],"jetpack_sharing_enabled":true,"_links":{"self":[{"href":"https:\/\/antcube.shop\/fr\/wp-json\/wp\/v2\/product\/9295","targetHints":{"allow":["GET"]}}],"collection":[{"href":"https:\/\/antcube.shop\/fr\/wp-json\/wp\/v2\/product"}],"about":[{"href":"https:\/\/antcube.shop\/fr\/wp-json\/wp\/v2\/types\/product"}],"replies":[{"embeddable":true,"href":"https:\/\/antcube.shop\/fr\/wp-json\/wp\/v2\/comments?post=9295"}],"wp:featuredmedia":[{"embeddable":true,"href":"https:\/\/antcube.shop\/fr\/wp-json\/wp\/v2\/media\/9876"}],"wp:attachment":[{"href":"https:\/\/antcube.shop\/fr\/wp-json\/wp\/v2\/media?parent=9295"}],"wp:term":[{"taxonomy":"product_brand","embeddable":true,"href":"https:\/\/antcube.shop\/fr\/wp-json\/wp\/v2\/product_brand?post=9295"},{"taxonomy":"product_cat","embeddable":true,"href":"https:\/\/antcube.shop\/fr\/wp-json\/wp\/v2\/product_cat?post=9295"},{"taxonomy":"product_tag","embeddable":true,"href":"https:\/\/antcube.shop\/fr\/wp-json\/wp\/v2\/product_tag?post=9295"}],"curies":[{"name":"wp","href":"https:\/\/api.w.org\/{rel}","templated":true}]}}