{"id":9292,"date":"2024-09-17T15:59:51","date_gmt":"2024-09-17T13:59:51","guid":{"rendered":"https:\/\/antcube.shop\/en\/product\/pilz-von-atta-cephalotes\/"},"modified":"2026-03-11T14:16:11","modified_gmt":"2026-03-11T13:16:11","slug":"champignon-de-latta-cephalotes","status":"publish","type":"product","link":"https:\/\/antcube.shop\/fr\/produit\/champignon-de-latta-cephalotes\/","title":{"rendered":"Champignon d'Atta cephalotes"},"content":{"rendered":"<p><span data-text-color=\"alert\"><strong>L'exp\u00e9dition n'est possible qu'en Allemagne !<\/strong><\/span><\/p>\n<p><strong>Quantit\u00e9 :<\/strong> (ensemble)<br \/>\n1x tube de transport<br \/>\n1x bouchon perm\u00e9able \u00e0 l'air<br \/>\n1x champignon frais d'au moins 1cm\u00b3<\/p>\n<p><strong>Description :<\/strong> Nous proposons un champignon de remplacement pour les cas d'urgence o\u00f9 le champignon des fourmis coupeuses de feuilles d\u00e9cline ou meurt en raison d'une temp\u00e9rature ou d'une humidit\u00e9 incorrectes ou pour d'autres raisons.<br \/>\nUne unit\u00e9 de 1cm\u00b3 est suffisante pour red\u00e9marrer une colonie de 11 \u00e0 25 animaux.<br \/>\nLe champignon fourni peut contenir de petits gardiens de champignons (mini-travailleurs).<br \/>\nCes petits travailleurs ne constituent pas un probl\u00e8me pour la colonie existante, car ils ne s'occupent que du champignon.<\/p>\n<p><strong>Utilisez :<\/strong><br \/>\nChampignon = pour les esp\u00e8ces de fourmis mangeuses de champignons<br \/>\nIl s'agit d'un aliment complet (single feed)<br \/>\nLe conteneur de transport doit \u00eatre ouvert et plac\u00e9 \u00e0 c\u00f4t\u00e9 de la colonie de fourmis. Les animaux transporteront alors eux-m\u00eames les morceaux de champignons.<\/p>\n<p><strong>Stockage :<\/strong> 25\u00b0C et 90% humidit\u00e9<\/p>\n<p><strong>Contient :<\/strong><br \/>\ndes morceaux de champignons frais et originaux des esp\u00e8ces de fourmis nomm\u00e9es.<\/p>\n<p><strong>Note :<\/strong><br \/>\nPour plus d'informations, veuillez vous r\u00e9f\u00e9rer \u00e0 la notice.<\/p>\n<p>Num\u00e9ro d'information +49 30 439703870<\/p>\n<p><strong>Inspections v\u00e9t\u00e9rinaires et alimentaires responsables :<\/strong><br \/>\nCabinet v\u00e9t\u00e9rinaire Steglitz<br \/>\nK\u00f6nigin-Luise-Str. 92<br \/>\n14195 Berlin<\/p>","protected":false},"excerpt":{"rendered":"<p>Alimentation compl\u00e8te<\/p>","protected":false},"featured_media":9777,"comment_status":"open","ping_status":"closed","template":"","meta":{"_acf_changed":false,"content-type":"","_monsterinsights_skip_tracking":false,"_monsterinsights_sitenote_active":false,"_monsterinsights_sitenote_note":"","_monsterinsights_sitenote_category":0},"product_brand":[],"product_cat":[115,116],"product_tag":[],"class_list":{"0":"post-9292","1":"product","2":"type-product","3":"status-publish","4":"has-post-thumbnail","6":"product_cat-food-and-feeding","7":"product_cat-food","9":"first","10":"instock","11":"taxable","12":"shipping-taxable","13":"purchasable","14":"product-type-simple"},"acf":[],"aioseo_notices":[],"jetpack_sharing_enabled":true,"_links":{"self":[{"href":"https:\/\/antcube.shop\/fr\/wp-json\/wp\/v2\/product\/9292","targetHints":{"allow":["GET"]}}],"collection":[{"href":"https:\/\/antcube.shop\/fr\/wp-json\/wp\/v2\/product"}],"about":[{"href":"https:\/\/antcube.shop\/fr\/wp-json\/wp\/v2\/types\/product"}],"replies":[{"embeddable":true,"href":"https:\/\/antcube.shop\/fr\/wp-json\/wp\/v2\/comments?post=9292"}],"wp:featuredmedia":[{"embeddable":true,"href":"https:\/\/antcube.shop\/fr\/wp-json\/wp\/v2\/media\/9777"}],"wp:attachment":[{"href":"https:\/\/antcube.shop\/fr\/wp-json\/wp\/v2\/media?parent=9292"}],"wp:term":[{"taxonomy":"product_brand","embeddable":true,"href":"https:\/\/antcube.shop\/fr\/wp-json\/wp\/v2\/product_brand?post=9292"},{"taxonomy":"product_cat","embeddable":true,"href":"https:\/\/antcube.shop\/fr\/wp-json\/wp\/v2\/product_cat?post=9292"},{"taxonomy":"product_tag","embeddable":true,"href":"https:\/\/antcube.shop\/fr\/wp-json\/wp\/v2\/product_tag?post=9292"}],"curies":[{"name":"wp","href":"https:\/\/api.w.org\/{rel}","templated":true}]}}