{"id":9291,"date":"2024-09-17T15:59:27","date_gmt":"2024-09-17T13:59:27","guid":{"rendered":"https:\/\/antcube.shop\/en\/product\/brombeerblatter-100g-frisch\/"},"modified":"2026-03-31T20:25:10","modified_gmt":"2026-03-31T18:25:10","slug":"brombeerblatter-100g-frisch","status":"publish","type":"product","link":"https:\/\/antcube.shop\/fr\/produit\/brombeerblatter-100g-frisch\/","title":{"rendered":"Feuilles de m\u00fbres 100g - fra\u00eeches"},"content":{"rendered":"<p><strong>Contenu :<\/strong> 100 g de feuilles de m\u00fbres fra\u00eeches<\/p>\n<p><strong>Description :<\/strong> Les feuilles de m\u00fbrier sont un lieu de reproduction pour les esp\u00e8ces de fourmis qui cultivent des champignons.<\/p>\n<p><strong>Utilisez :<\/strong><br \/>\nFeuilles de m\u00fbrier = pour les esp\u00e8ces de fourmis qui se nourrissent de champignons<br \/>\nIl s'agit d'un \"aliment complet\" (aliment unique) qui sert uniquement \u00e0 la reproduction du champignon.<br \/>\nIl suffit de placer les feuilles \u00e0 nourrir dans la chambre d'alimentation.<\/p>\n<p>Stockage : 5-8\u00b0C \/ 60-90% humidit\u00e9. (alternativement dans un vase d'eau)<\/p>\n<p><strong>Contient :<\/strong><br \/>\n100% feuilles de m\u00fbres fra\u00eeches<\/p>\n<p><strong>Note :<\/strong><br \/>\nPour plus d'informations, veuillez vous r\u00e9f\u00e9rer \u00e0 la notice.<\/p>\n<p>Num\u00e9ro d'information +49 30 439703870<\/p>\n<p>Inspections v\u00e9t\u00e9rinaires et alimentaires responsables :<br \/>\nCabinet v\u00e9t\u00e9rinaire Steglitz<br \/>\nK\u00f6nigin-Luise-Str. 92<br \/>\n14195 Berlin<\/p>","protected":false},"excerpt":{"rendered":"<p>Contenu : 100 g de feuilles de m\u00fbrier fra\u00eeches Description : Les feuilles de m\u00fbrier servent de lieu de reproduction pour les esp\u00e8ces de fourmis qui cultivent des champignons. Utilisation : Feuilles de m\u00fbrier = pour les esp\u00e8ces de fourmis cultivant des champignons Il s'agit d'un \"aliment complet\" (aliment unique) qui sert uniquement de milieu de culture pour les champignons. Il suffit de placer les feuilles \u00e0 nourrir dans la chambre d'alimentation. Conservation : 5-8\u00b0C","protected":false},"featured_media":9603,"comment_status":"open","ping_status":"closed","template":"","meta":{"_acf_changed":false,"content-type":"","_monsterinsights_skip_tracking":false,"_monsterinsights_sitenote_active":false,"_monsterinsights_sitenote_note":"","_monsterinsights_sitenote_category":0},"product_brand":[],"product_cat":[115,116],"product_tag":[],"class_list":{"0":"post-9291","1":"product","2":"type-product","3":"status-publish","4":"has-post-thumbnail","6":"product_cat-food-and-feeding","7":"product_cat-food","9":"first","10":"onbackorder","11":"taxable","12":"shipping-taxable","13":"purchasable","14":"product-type-simple"},"acf":[],"aioseo_notices":[],"jetpack_sharing_enabled":true,"_links":{"self":[{"href":"https:\/\/antcube.shop\/fr\/wp-json\/wp\/v2\/product\/9291","targetHints":{"allow":["GET"]}}],"collection":[{"href":"https:\/\/antcube.shop\/fr\/wp-json\/wp\/v2\/product"}],"about":[{"href":"https:\/\/antcube.shop\/fr\/wp-json\/wp\/v2\/types\/product"}],"replies":[{"embeddable":true,"href":"https:\/\/antcube.shop\/fr\/wp-json\/wp\/v2\/comments?post=9291"}],"wp:featuredmedia":[{"embeddable":true,"href":"https:\/\/antcube.shop\/fr\/wp-json\/wp\/v2\/media\/9603"}],"wp:attachment":[{"href":"https:\/\/antcube.shop\/fr\/wp-json\/wp\/v2\/media?parent=9291"}],"wp:term":[{"taxonomy":"product_brand","embeddable":true,"href":"https:\/\/antcube.shop\/fr\/wp-json\/wp\/v2\/product_brand?post=9291"},{"taxonomy":"product_cat","embeddable":true,"href":"https:\/\/antcube.shop\/fr\/wp-json\/wp\/v2\/product_cat?post=9291"},{"taxonomy":"product_tag","embeddable":true,"href":"https:\/\/antcube.shop\/fr\/wp-json\/wp\/v2\/product_tag?post=9291"}],"curies":[{"name":"wp","href":"https:\/\/api.w.org\/{rel}","templated":true}]}}