{"id":9289,"date":"2024-09-17T15:58:27","date_gmt":"2024-09-17T13:58:27","guid":{"rendered":"https:\/\/antcube.shop\/en\/product\/tranke-45ml-65mm-blau\/"},"modified":"2026-04-06T11:46:18","modified_gmt":"2026-04-06T09:46:18","slug":"abreuvoir-45ml-65mm-bleu","status":"publish","type":"product","link":"https:\/\/antcube.shop\/fr\/produit\/abreuvoir-45ml-65mm-bleu\/","title":{"rendered":"Abreuvoir 45ml - 65mm - bleu"},"content":{"rendered":"<p><strong>Longueur :<\/strong> 65 mm, 45 ml<\/p>\n<p><strong>Mat\u00e9riau :<\/strong> Plastique<\/p>\n<p><strong>Description :<\/strong> Pour que les fourmis dans un formicarium puissent s'hydrater suffisamment, l'eau peut \u00eatre m\u00e9lang\u00e9e \u00e0 du miel. L'eau peut \u00e9galement \u00eatre m\u00e9lang\u00e9e \u00e0 du miel. Cette solution est \u00e9galement id\u00e9ale pour la p\u00e9riode des vacances. Il est recommand\u00e9 de recouvrir le fond de l'abreuvoir d'un coton absorbant ou d'une \u00e9ponge pour \u00e9viter que les fourmis ne se noient.<\/p>\n<p><strong>Couleur de la base :<\/strong> blanc<br \/>\n<strong>Couleur du conteneur :<\/strong> bleu transparent<\/p>","protected":false},"excerpt":{"rendered":"<p>Longueur : 65 mm, mat\u00e9riau : plastique<\/p>","protected":false},"featured_media":9608,"comment_status":"open","ping_status":"closed","template":"","meta":{"_acf_changed":false,"content-type":"","_monsterinsights_skip_tracking":false,"_monsterinsights_sitenote_active":false,"_monsterinsights_sitenote_note":"","_monsterinsights_sitenote_category":0},"product_brand":[],"product_cat":[115,117],"product_tag":[],"class_list":{"0":"post-9289","1":"product","2":"type-product","3":"status-publish","4":"has-post-thumbnail","6":"product_cat-food-and-feeding","7":"product_cat-drinkers-for-ants","9":"first","10":"instock","11":"taxable","12":"shipping-taxable","13":"purchasable","14":"product-type-simple"},"acf":[],"aioseo_notices":[],"jetpack_sharing_enabled":true,"_links":{"self":[{"href":"https:\/\/antcube.shop\/fr\/wp-json\/wp\/v2\/product\/9289","targetHints":{"allow":["GET"]}}],"collection":[{"href":"https:\/\/antcube.shop\/fr\/wp-json\/wp\/v2\/product"}],"about":[{"href":"https:\/\/antcube.shop\/fr\/wp-json\/wp\/v2\/types\/product"}],"replies":[{"embeddable":true,"href":"https:\/\/antcube.shop\/fr\/wp-json\/wp\/v2\/comments?post=9289"}],"wp:featuredmedia":[{"embeddable":true,"href":"https:\/\/antcube.shop\/fr\/wp-json\/wp\/v2\/media\/9608"}],"wp:attachment":[{"href":"https:\/\/antcube.shop\/fr\/wp-json\/wp\/v2\/media?parent=9289"}],"wp:term":[{"taxonomy":"product_brand","embeddable":true,"href":"https:\/\/antcube.shop\/fr\/wp-json\/wp\/v2\/product_brand?post=9289"},{"taxonomy":"product_cat","embeddable":true,"href":"https:\/\/antcube.shop\/fr\/wp-json\/wp\/v2\/product_cat?post=9289"},{"taxonomy":"product_tag","embeddable":true,"href":"https:\/\/antcube.shop\/fr\/wp-json\/wp\/v2\/product_tag?post=9289"}],"curies":[{"name":"wp","href":"https:\/\/api.w.org\/{rel}","templated":true}]}}