{"id":9288,"date":"2024-09-17T15:57:56","date_gmt":"2024-09-17T13:57:56","guid":{"rendered":"https:\/\/antcube.shop\/en\/product\/felsschale-mini-mini-lava-rock\/"},"modified":"2026-03-31T10:49:41","modified_gmt":"2026-03-31T08:49:41","slug":"felsschale-mini-mini-roche-de-lave","status":"publish","type":"product","link":"https:\/\/antcube.shop\/fr\/produit\/felsschale-mini-mini-roche-de-lave\/","title":{"rendered":"Bol en roche mini-mini Lava Rock"},"content":{"rendered":"<p><strong>Dimensions :<\/strong> 6 x 6 x 2 cm<\/p>\n<p><strong>Couleur :<\/strong> gris-rouge<\/p>\n<p><strong>Mat\u00e9riau :<\/strong> r\u00e9sine synth\u00e9tique<\/p>\n<p><strong>Description :<\/strong><br \/>\nVous pouvez offrir aux fourmis de la nourriture ou de l'eau dans ces bols en pierre. Les bols en pierre sont fabriqu\u00e9s en r\u00e9sine synth\u00e9tique robuste et ne peuvent pas \u00eatre d\u00e9truits par les fourmis.<\/p>","protected":false},"excerpt":{"rendered":"<p>Dimensions : 6 x 6 x 2 cm : 6 x 6 x 2 cm<\/p>","protected":false},"featured_media":9609,"comment_status":"open","ping_status":"closed","template":"","meta":{"_acf_changed":false,"content-type":"","_monsterinsights_skip_tracking":false,"_monsterinsights_sitenote_active":false,"_monsterinsights_sitenote_note":"","_monsterinsights_sitenote_category":0},"product_brand":[],"product_cat":[115,118],"product_tag":[],"class_list":{"0":"post-9288","1":"product","2":"type-product","3":"status-publish","4":"has-post-thumbnail","6":"product_cat-food-and-feeding","7":"product_cat-feeding-bowls","9":"first","10":"instock","11":"taxable","12":"shipping-taxable","13":"purchasable","14":"product-type-simple"},"acf":[],"aioseo_notices":[],"jetpack_sharing_enabled":true,"_links":{"self":[{"href":"https:\/\/antcube.shop\/fr\/wp-json\/wp\/v2\/product\/9288","targetHints":{"allow":["GET"]}}],"collection":[{"href":"https:\/\/antcube.shop\/fr\/wp-json\/wp\/v2\/product"}],"about":[{"href":"https:\/\/antcube.shop\/fr\/wp-json\/wp\/v2\/types\/product"}],"replies":[{"embeddable":true,"href":"https:\/\/antcube.shop\/fr\/wp-json\/wp\/v2\/comments?post=9288"}],"wp:featuredmedia":[{"embeddable":true,"href":"https:\/\/antcube.shop\/fr\/wp-json\/wp\/v2\/media\/9609"}],"wp:attachment":[{"href":"https:\/\/antcube.shop\/fr\/wp-json\/wp\/v2\/media?parent=9288"}],"wp:term":[{"taxonomy":"product_brand","embeddable":true,"href":"https:\/\/antcube.shop\/fr\/wp-json\/wp\/v2\/product_brand?post=9288"},{"taxonomy":"product_cat","embeddable":true,"href":"https:\/\/antcube.shop\/fr\/wp-json\/wp\/v2\/product_cat?post=9288"},{"taxonomy":"product_tag","embeddable":true,"href":"https:\/\/antcube.shop\/fr\/wp-json\/wp\/v2\/product_tag?post=9288"}],"curies":[{"name":"wp","href":"https:\/\/api.w.org\/{rel}","templated":true}]}}