{"id":9273,"date":"2024-09-17T15:00:07","date_gmt":"2024-09-17T13:00:07","guid":{"rendered":"https:\/\/antcube.shop\/en\/product\/mini-thermometer-analog-metall-25mm\/"},"modified":"2026-04-05T12:30:33","modified_gmt":"2026-04-05T10:30:33","slug":"mini-thermometre-analogique-metal-25mm","status":"publish","type":"product","link":"https:\/\/antcube.shop\/fr\/produit\/mini-thermometre-analogique-metal-25mm\/","title":{"rendered":"Mini thermom\u00e8tre analogique m\u00e9tal - 25mm"},"content":{"rendered":"<p><strong>Dimensions :<\/strong> 25 mm<\/p>\n<p><strong>Couleur :<\/strong> m\u00e9tal, argent<\/p>\n<p><strong>Plage de mesure :<\/strong> De -20 \u00e0 +50\u00b0C \/ De -10 \u00e0 +130\u00b0F<\/p>\n<p><strong>Pr\u00e9cision :<\/strong> +\/- 2\u00b0C, +\/- 4\u00b0F<\/p>\n<p><strong>Description :<\/strong><br \/>\nThermom\u00e8tre analogique, particuli\u00e8rement adapt\u00e9 aux tr\u00e8s petits formicaria.<br \/>\nIl est fix\u00e9 \u00e0 un trou de 27 mm \u00e0 l'aide du \"bouchon Formicarium pour trou de 27 mm\" avec une d\u00e9coupe de 22 mm.<br \/>\nSinon, le thermom\u00e8tre peut \u00eatre fix\u00e9 \u00e0 l'int\u00e9rieur du dos du formarium \u00e0 l'aide d'un ruban adh\u00e9sif double face (non fourni).<\/p>\n<p><strong>Note :<\/strong><br \/>\nNe fermez pas l'ouverture arri\u00e8re du thermom\u00e8tre, car cela peut entra\u00eener des erreurs de mesure.<\/p>","protected":false},"excerpt":{"rendered":"<p>Plage de mesure : -20 \u00e0 +50\u00b0C \/ -10 \u00e0 +130\u00b0F, diam\u00e8tre : 25 mm<\/p>","protected":false},"featured_media":9748,"comment_status":"open","ping_status":"closed","template":"","meta":{"_acf_changed":false,"content-type":"","_monsterinsights_skip_tracking":false,"_monsterinsights_sitenote_active":false,"_monsterinsights_sitenote_note":"","_monsterinsights_sitenote_category":0},"product_brand":[],"product_cat":[359,119],"product_tag":[],"class_list":{"0":"post-9273","1":"product","2":"type-product","3":"status-publish","4":"has-post-thumbnail","6":"product_cat-light-heat-humidity","7":"product_cat-formicarium-components","9":"first","10":"instock","11":"taxable","12":"shipping-taxable","13":"purchasable","14":"product-type-simple"},"acf":[],"aioseo_notices":[],"jetpack_sharing_enabled":true,"_links":{"self":[{"href":"https:\/\/antcube.shop\/fr\/wp-json\/wp\/v2\/product\/9273","targetHints":{"allow":["GET"]}}],"collection":[{"href":"https:\/\/antcube.shop\/fr\/wp-json\/wp\/v2\/product"}],"about":[{"href":"https:\/\/antcube.shop\/fr\/wp-json\/wp\/v2\/types\/product"}],"replies":[{"embeddable":true,"href":"https:\/\/antcube.shop\/fr\/wp-json\/wp\/v2\/comments?post=9273"}],"wp:featuredmedia":[{"embeddable":true,"href":"https:\/\/antcube.shop\/fr\/wp-json\/wp\/v2\/media\/9748"}],"wp:attachment":[{"href":"https:\/\/antcube.shop\/fr\/wp-json\/wp\/v2\/media?parent=9273"}],"wp:term":[{"taxonomy":"product_brand","embeddable":true,"href":"https:\/\/antcube.shop\/fr\/wp-json\/wp\/v2\/product_brand?post=9273"},{"taxonomy":"product_cat","embeddable":true,"href":"https:\/\/antcube.shop\/fr\/wp-json\/wp\/v2\/product_cat?post=9273"},{"taxonomy":"product_tag","embeddable":true,"href":"https:\/\/antcube.shop\/fr\/wp-json\/wp\/v2\/product_tag?post=9273"}],"curies":[{"name":"wp","href":"https:\/\/api.w.org\/{rel}","templated":true}]}}