{"id":9272,"date":"2024-09-17T14:59:43","date_gmt":"2024-09-17T12:59:43","guid":{"rendered":"https:\/\/antcube.shop\/en\/product\/mini-thermo-hygrometer-analog-display-stehend\/"},"modified":"2026-04-07T13:50:15","modified_gmt":"2026-04-07T11:50:15","slug":"mini-thermo-hygrometre-a-affichage-analogique","status":"publish","type":"product","link":"https:\/\/antcube.shop\/fr\/produit\/mini-thermo-hygrometre-a-affichage-analogique\/","title":{"rendered":"Mini thermo-hygrom\u00e8tre analogique - affichage - vertical"},"content":{"rendered":"<p><strong>Dimensions :<\/strong> 60mm x 60mm, 30mm de profondeur<\/p>\n<p><strong>Mat\u00e9riau :<\/strong> m\u00e9tal \/ verre acrylique<\/p>\n<p><strong>Couleur :<\/strong> m\u00e9tal, argent \/ transparent<\/p>\n<p><strong>Contenu :<\/strong> 1x mini thermom\u00e8tre analogique m\u00e9tal - 25mm, 1x mini hygrom\u00e8tre analogique m\u00e9tal - 25mm, 1x support en verre acrylique avec d\u00e9coupes pour les instruments de mesure - 60x60mm, 1x base en verre acrylique - 30mm de diam\u00e8tre<\/p>\n<p><strong>Description :<\/strong><br \/>\nL'ensemble se compose d'un thermom\u00e8tre et d'un hygrom\u00e8tre analogiques en m\u00e9tal (25 mm), qui sont ins\u00e9r\u00e9s dans une plaque en verre acrylique (60 x 60 mm). L'\u00e9cran peut \u00eatre plac\u00e9 sur la base (30 mm) dans la pi\u00e8ce \u00e0 mesurer.<\/p>\n<p><strong>Note :<\/strong><br \/>\nLes instruments de mesure situ\u00e9s \u00e0 l'arri\u00e8re doivent rester libres, sinon des erreurs de mesure peuvent se produire.<\/p>\n<p>Pr\u00e9cision : +\/- 2\u00b0C , +\/- 4\u00b0F<br \/>\nPr\u00e9cision : +\/- 5%<\/p>","protected":false},"excerpt":{"rendered":"<p>Jeu de thermom\u00e8tre et d'hygrom\u00e8tre en m\u00e9tal (25mm) ins\u00e9r\u00e9 dans une plaque en verre acrylique (60x60mm)<\/p>","protected":false},"featured_media":9745,"comment_status":"open","ping_status":"closed","template":"","meta":{"_acf_changed":false,"content-type":"","_monsterinsights_skip_tracking":false,"_monsterinsights_sitenote_active":false,"_monsterinsights_sitenote_note":"","_monsterinsights_sitenote_category":0},"product_brand":[],"product_cat":[359,119],"product_tag":[],"class_list":{"0":"post-9272","1":"product","2":"type-product","3":"status-publish","4":"has-post-thumbnail","6":"product_cat-light-heat-humidity","7":"product_cat-formicarium-components","9":"first","10":"instock","11":"taxable","12":"shipping-taxable","13":"purchasable","14":"product-type-simple"},"acf":[],"aioseo_notices":[],"jetpack_sharing_enabled":true,"_links":{"self":[{"href":"https:\/\/antcube.shop\/fr\/wp-json\/wp\/v2\/product\/9272","targetHints":{"allow":["GET"]}}],"collection":[{"href":"https:\/\/antcube.shop\/fr\/wp-json\/wp\/v2\/product"}],"about":[{"href":"https:\/\/antcube.shop\/fr\/wp-json\/wp\/v2\/types\/product"}],"replies":[{"embeddable":true,"href":"https:\/\/antcube.shop\/fr\/wp-json\/wp\/v2\/comments?post=9272"}],"wp:featuredmedia":[{"embeddable":true,"href":"https:\/\/antcube.shop\/fr\/wp-json\/wp\/v2\/media\/9745"}],"wp:attachment":[{"href":"https:\/\/antcube.shop\/fr\/wp-json\/wp\/v2\/media?parent=9272"}],"wp:term":[{"taxonomy":"product_brand","embeddable":true,"href":"https:\/\/antcube.shop\/fr\/wp-json\/wp\/v2\/product_brand?post=9272"},{"taxonomy":"product_cat","embeddable":true,"href":"https:\/\/antcube.shop\/fr\/wp-json\/wp\/v2\/product_cat?post=9272"},{"taxonomy":"product_tag","embeddable":true,"href":"https:\/\/antcube.shop\/fr\/wp-json\/wp\/v2\/product_tag?post=9272"}],"curies":[{"name":"wp","href":"https:\/\/api.w.org\/{rel}","templated":true}]}}