{"id":9271,"date":"2024-09-17T14:58:23","date_gmt":"2024-09-17T12:58:23","guid":{"rendered":"https:\/\/antcube.shop\/en\/product\/mini-thermo-hygrometer-analog-display-magnet\/"},"modified":"2026-04-16T19:23:47","modified_gmt":"2026-04-16T17:23:47","slug":"mini-thermo-hygrometre-affichage-analogique-aimant","status":"publish","type":"product","link":"https:\/\/antcube.shop\/fr\/produit\/mini-thermo-hygrometre-affichage-analogique-aimant\/","title":{"rendered":"Mini thermo-hygrom\u00e8tre analogique - affichage - aimant"},"content":{"rendered":"<p><strong>Dimensions :<\/strong> 75 mm x 60 mm, 8 mm de profondeur<\/p>\n<p><strong>Mat\u00e9riau :<\/strong> m\u00e9tal \/ verre acrylique<\/p>\n<p><strong>Couleur :<\/strong> m\u00e9tal, argent \/ transparent<\/p>\n<p><strong>Contenu :<\/strong> 1x mini thermom\u00e8tre analogique en m\u00e9tal - 25mm, 1x mini hygrom\u00e8tre analogique en m\u00e9tal - 25mm, 1x support en verre acrylique avec des d\u00e9coupes pour les instruments de mesure et trois aimants - 75x60mm, 1x plaque en verre acrylique avec des aimants pour fixer l'affichage - 75x20mm,<\/p>\n<p><strong>Description :<\/strong><br \/>\nL'ensemble se compose d'un thermom\u00e8tre et d'un hygrom\u00e8tre analogiques en m\u00e9tal (25 mm), ins\u00e9r\u00e9s dans une plaque en verre acrylique (75 x 6 mm). L'affichage est fix\u00e9 \u00e0 l'aide d'une petite plaque aimant\u00e9e, qui est fix\u00e9e de l'autre c\u00f4t\u00e9 de la plaque. Il est ainsi possible d'adapter l'emplacement de l'affichage de la valeur aux besoins individuels. Par rapport aux pastilles adh\u00e9sives, les aimants permettent de modifier la position de l'affichage aussi souvent que n\u00e9cessaire.<\/p>\n<p><strong>Note :<\/strong><br \/>\nLes instruments de mesure situ\u00e9s \u00e0 l'arri\u00e8re doivent rester libres, sinon des erreurs de mesure peuvent se produire.<\/p>\n<p>En raison du processus de fabrication, des fissures l\u00e9g\u00e8res \u00e0 moyennes peuvent appara\u00eetre sur les pi\u00e8ces magn\u00e9tiques.<\/p>\n<p>Pr\u00e9cision : +\/- 2\u00b0C , +\/- 4\u00b0F<br \/>\nPr\u00e9cision : +\/- 5%<\/p>","protected":false},"excerpt":{"rendered":"<p>Ensemble de thermom\u00e8tre et hygrom\u00e8tre en m\u00e9tal (25mm) ins\u00e9r\u00e9 dans une plaque de verre acrylique (75x45mm)<\/p>","protected":false},"featured_media":9740,"comment_status":"open","ping_status":"closed","template":"","meta":{"_acf_changed":false,"content-type":"","_monsterinsights_skip_tracking":false,"_monsterinsights_sitenote_active":false,"_monsterinsights_sitenote_note":"","_monsterinsights_sitenote_category":0},"product_brand":[],"product_cat":[359,119],"product_tag":[],"class_list":{"0":"post-9271","1":"product","2":"type-product","3":"status-publish","4":"has-post-thumbnail","6":"product_cat-light-heat-humidity","7":"product_cat-formicarium-components","9":"first","10":"instock","11":"taxable","12":"shipping-taxable","13":"purchasable","14":"product-type-simple"},"acf":[],"aioseo_notices":[],"jetpack_sharing_enabled":true,"_links":{"self":[{"href":"https:\/\/antcube.shop\/fr\/wp-json\/wp\/v2\/product\/9271","targetHints":{"allow":["GET"]}}],"collection":[{"href":"https:\/\/antcube.shop\/fr\/wp-json\/wp\/v2\/product"}],"about":[{"href":"https:\/\/antcube.shop\/fr\/wp-json\/wp\/v2\/types\/product"}],"replies":[{"embeddable":true,"href":"https:\/\/antcube.shop\/fr\/wp-json\/wp\/v2\/comments?post=9271"}],"wp:featuredmedia":[{"embeddable":true,"href":"https:\/\/antcube.shop\/fr\/wp-json\/wp\/v2\/media\/9740"}],"wp:attachment":[{"href":"https:\/\/antcube.shop\/fr\/wp-json\/wp\/v2\/media?parent=9271"}],"wp:term":[{"taxonomy":"product_brand","embeddable":true,"href":"https:\/\/antcube.shop\/fr\/wp-json\/wp\/v2\/product_brand?post=9271"},{"taxonomy":"product_cat","embeddable":true,"href":"https:\/\/antcube.shop\/fr\/wp-json\/wp\/v2\/product_cat?post=9271"},{"taxonomy":"product_tag","embeddable":true,"href":"https:\/\/antcube.shop\/fr\/wp-json\/wp\/v2\/product_tag?post=9271"}],"curies":[{"name":"wp","href":"https:\/\/api.w.org\/{rel}","templated":true}]}}