{"id":9270,"date":"2024-09-17T14:57:58","date_gmt":"2024-09-17T12:57:58","guid":{"rendered":"https:\/\/antcube.shop\/en\/product\/mini-thermo-hygrometer-analog-display-front\/"},"modified":"2026-04-22T18:28:02","modified_gmt":"2026-04-22T16:28:02","slug":"mini-thermo-hygrometre-affichage-analogique-facade","status":"publish","type":"product","link":"https:\/\/antcube.shop\/fr\/produit\/mini-thermo-hygrometre-affichage-analogique-facade\/","title":{"rendered":"Mini thermo-hygrom\u00e8tre analogique - Affichage - Face avant"},"content":{"rendered":"<p><strong>Dimensions :<\/strong> 75 mm x 60 mm, 8 mm de profondeur<\/p>\n<p><strong>Mat\u00e9riau :<\/strong> m\u00e9tal \/ verre acrylique<\/p>\n<p><strong>Couleur :<\/strong> m\u00e9tal, argent \/ transparent<\/p>\n<p><strong>Contenu :<\/strong> 1x mini thermom\u00e8tre analogique m\u00e9tallique - 25mm, 1x mini hygrom\u00e8tre analogique m\u00e9tallique - 25mm, 1x support en verre acrylique avec d\u00e9coupes pour les instruments de mesure - 75x45mm, 1x base en verre acrylique - 75x20mm, 2x tampons adh\u00e9sifs transparents - 30x20mm<\/p>\n<p><strong>Description :<\/strong><br \/>\nL'ensemble se compose d'un thermom\u00e8tre et d'un hygrom\u00e8tre analogiques en m\u00e9tal (25 mm), ins\u00e9r\u00e9s dans une plaque en verre acrylique (75 x 6 mm). L'affichage est fix\u00e9 \u00e0 l'aide de deux pastilles adh\u00e9sives transparentes, qui peuvent \u00eatre utilis\u00e9es pour fixer la base \u00e0 l'avant de n'importe quelle position sur la paroi de la piscine. Il est ainsi possible d'adapter l'emplacement de l'affichage des valeurs aux besoins individuels.<\/p>\n<p><strong>Note :<\/strong><br \/>\nLes instruments de mesure situ\u00e9s \u00e0 l'arri\u00e8re doivent rester libres, sinon des erreurs de mesure peuvent se produire.<\/p>\n<p>Pr\u00e9cision : +\/- 2\u00b0C , +\/- 4\u00b0F<br \/>\nPr\u00e9cision : +\/- 5%<\/p>","protected":false},"excerpt":{"rendered":"<p>Ensemble de thermom\u00e8tre et hygrom\u00e8tre en m\u00e9tal (25mm) ins\u00e9r\u00e9 dans une plaque de verre acrylique (75x45mm)<\/p>","protected":false},"featured_media":9738,"comment_status":"open","ping_status":"closed","template":"","meta":{"_acf_changed":false,"content-type":"","_monsterinsights_skip_tracking":false,"_monsterinsights_sitenote_active":false,"_monsterinsights_sitenote_note":"","_monsterinsights_sitenote_category":0},"product_brand":[],"product_cat":[359,119],"product_tag":[],"class_list":{"0":"post-9270","1":"product","2":"type-product","3":"status-publish","4":"has-post-thumbnail","6":"product_cat-light-heat-humidity","7":"product_cat-formicarium-components","9":"first","10":"instock","11":"taxable","12":"shipping-taxable","13":"purchasable","14":"product-type-simple"},"acf":[],"aioseo_notices":[],"jetpack_sharing_enabled":true,"_links":{"self":[{"href":"https:\/\/antcube.shop\/fr\/wp-json\/wp\/v2\/product\/9270","targetHints":{"allow":["GET"]}}],"collection":[{"href":"https:\/\/antcube.shop\/fr\/wp-json\/wp\/v2\/product"}],"about":[{"href":"https:\/\/antcube.shop\/fr\/wp-json\/wp\/v2\/types\/product"}],"replies":[{"embeddable":true,"href":"https:\/\/antcube.shop\/fr\/wp-json\/wp\/v2\/comments?post=9270"}],"wp:featuredmedia":[{"embeddable":true,"href":"https:\/\/antcube.shop\/fr\/wp-json\/wp\/v2\/media\/9738"}],"wp:attachment":[{"href":"https:\/\/antcube.shop\/fr\/wp-json\/wp\/v2\/media?parent=9270"}],"wp:term":[{"taxonomy":"product_brand","embeddable":true,"href":"https:\/\/antcube.shop\/fr\/wp-json\/wp\/v2\/product_brand?post=9270"},{"taxonomy":"product_cat","embeddable":true,"href":"https:\/\/antcube.shop\/fr\/wp-json\/wp\/v2\/product_cat?post=9270"},{"taxonomy":"product_tag","embeddable":true,"href":"https:\/\/antcube.shop\/fr\/wp-json\/wp\/v2\/product_tag?post=9270"}],"curies":[{"name":"wp","href":"https:\/\/api.w.org\/{rel}","templated":true}]}}