{"id":9269,"date":"2024-09-17T14:52:27","date_gmt":"2024-09-17T12:52:27","guid":{"rendered":"https:\/\/antcube.shop\/en\/product\/heat-pack-stoffbeutel-72-std\/"},"modified":"2026-04-20T11:46:57","modified_gmt":"2026-04-20T09:46:57","slug":"sac-en-tissu-thermosensible-72-heures","status":"publish","type":"product","link":"https:\/\/antcube.shop\/fr\/produit\/sac-en-tissu-thermosensible-72-heures\/","title":{"rendered":"Pack thermique - Sac en tissu - 72 heures"},"content":{"rendered":"<p><strong>Dimensions :<\/strong> 15,5 x 11,5 cm<\/p>\n<p>Dur\u00e9e de la chaleur ( h ) : ~ 72<\/p>\n<p>Temp\u00e9rature (max. \/ moyenne) : 52\u00b0C \/ 46\u00b0C<\/p>\n<p><strong>Description :<\/strong> Ce HeatPack est un r\u00e9chauffeur \u00e0 charbon actif qui s'active au contact de l'air. Il suffit de retirer le HeatPack de son emballage, de le laisser s'activer bri\u00e8vement \u00e0 l'abri du gel et de le placer dans une bo\u00eete de transport appropri\u00e9e (par exemple, une bo\u00eete en polystyr\u00e8ne). Le d\u00e9gagement de chaleur commence apr\u00e8s quelques minutes et dure jusqu'\u00e0 72 heures.<\/p>\n<p>Ne peut \u00eatre utilis\u00e9 qu'une seule fois !<\/p>\n<p><strong>Ingr\u00e9dients :<\/strong> fer, eau, cellulose, charbon actif, vermiculite, sel<\/p>","protected":false},"excerpt":{"rendered":"<p>Puissance calorifique pendant 72 heures.<\/p>","protected":false},"featured_media":9735,"comment_status":"open","ping_status":"closed","template":"","meta":{"_acf_changed":false,"content-type":"","_monsterinsights_skip_tracking":false,"_monsterinsights_sitenote_active":false,"_monsterinsights_sitenote_note":"","_monsterinsights_sitenote_category":0},"product_brand":[],"product_cat":[237],"product_tag":[],"class_list":{"0":"post-9269","1":"product","2":"type-product","3":"status-publish","4":"has-post-thumbnail","6":"product_cat-tools","8":"first","9":"instock","10":"taxable","11":"shipping-taxable","12":"purchasable","13":"product-type-simple"},"acf":[],"aioseo_notices":[],"jetpack_sharing_enabled":true,"_links":{"self":[{"href":"https:\/\/antcube.shop\/fr\/wp-json\/wp\/v2\/product\/9269","targetHints":{"allow":["GET"]}}],"collection":[{"href":"https:\/\/antcube.shop\/fr\/wp-json\/wp\/v2\/product"}],"about":[{"href":"https:\/\/antcube.shop\/fr\/wp-json\/wp\/v2\/types\/product"}],"replies":[{"embeddable":true,"href":"https:\/\/antcube.shop\/fr\/wp-json\/wp\/v2\/comments?post=9269"}],"wp:featuredmedia":[{"embeddable":true,"href":"https:\/\/antcube.shop\/fr\/wp-json\/wp\/v2\/media\/9735"}],"wp:attachment":[{"href":"https:\/\/antcube.shop\/fr\/wp-json\/wp\/v2\/media?parent=9269"}],"wp:term":[{"taxonomy":"product_brand","embeddable":true,"href":"https:\/\/antcube.shop\/fr\/wp-json\/wp\/v2\/product_brand?post=9269"},{"taxonomy":"product_cat","embeddable":true,"href":"https:\/\/antcube.shop\/fr\/wp-json\/wp\/v2\/product_cat?post=9269"},{"taxonomy":"product_tag","embeddable":true,"href":"https:\/\/antcube.shop\/fr\/wp-json\/wp\/v2\/product_tag?post=9269"}],"curies":[{"name":"wp","href":"https:\/\/api.w.org\/{rel}","templated":true}]}}