{"id":9268,"date":"2024-09-17T14:52:05","date_gmt":"2024-09-17T12:52:05","guid":{"rendered":"https:\/\/antcube.shop\/en\/product\/heat-pack-alubeutel-36-std\/"},"modified":"2026-02-09T17:52:40","modified_gmt":"2026-02-09T16:52:40","slug":"sac-de-chaleur-en-aluminium-36-heures","status":"publish","type":"product","link":"https:\/\/antcube.shop\/fr\/produit\/sac-de-chaleur-en-aluminium-36-heures\/","title":{"rendered":"Sac de chaleur - sac en aluminium - 36 heures"},"content":{"rendered":"<p><strong>Dimensions :<\/strong> 16 x 11,5 cm<\/p>\n<p><strong>Description :<\/strong> Les blocs thermiques chauffent jusqu'\u00e0 max. 45\u00b0C au contact de l'oxyg\u00e8ne. Ils sont utilis\u00e9s comme source de chaleur lors du transport de colonies de fourmis tropicales afin d'\u00e9viter que les animaux ne deviennent hypothermiques. L'\u00e9mission de chaleur dure environ 36 heures.<\/p>\n<p>Ne peut \u00eatre utilis\u00e9 qu'une seule fois !<\/p>\n<p><strong>Ingr\u00e9dients :<\/strong> fer, charbon actif, belmilite, sel, eau<\/p>","protected":false},"excerpt":{"rendered":"<p>Puissance calorifique pendant 36 heures<\/p>","protected":false},"featured_media":9732,"comment_status":"open","ping_status":"closed","template":"","meta":{"_acf_changed":false,"content-type":"","_monsterinsights_skip_tracking":false,"_monsterinsights_sitenote_active":false,"_monsterinsights_sitenote_note":"","_monsterinsights_sitenote_category":0},"product_brand":[],"product_cat":[237],"product_tag":[],"class_list":{"0":"post-9268","1":"product","2":"type-product","3":"status-publish","4":"has-post-thumbnail","6":"product_cat-tools","8":"first","9":"instock","10":"taxable","11":"shipping-taxable","12":"purchasable","13":"product-type-simple"},"acf":[],"aioseo_notices":[],"jetpack_sharing_enabled":true,"_links":{"self":[{"href":"https:\/\/antcube.shop\/fr\/wp-json\/wp\/v2\/product\/9268","targetHints":{"allow":["GET"]}}],"collection":[{"href":"https:\/\/antcube.shop\/fr\/wp-json\/wp\/v2\/product"}],"about":[{"href":"https:\/\/antcube.shop\/fr\/wp-json\/wp\/v2\/types\/product"}],"replies":[{"embeddable":true,"href":"https:\/\/antcube.shop\/fr\/wp-json\/wp\/v2\/comments?post=9268"}],"wp:featuredmedia":[{"embeddable":true,"href":"https:\/\/antcube.shop\/fr\/wp-json\/wp\/v2\/media\/9732"}],"wp:attachment":[{"href":"https:\/\/antcube.shop\/fr\/wp-json\/wp\/v2\/media?parent=9268"}],"wp:term":[{"taxonomy":"product_brand","embeddable":true,"href":"https:\/\/antcube.shop\/fr\/wp-json\/wp\/v2\/product_brand?post=9268"},{"taxonomy":"product_cat","embeddable":true,"href":"https:\/\/antcube.shop\/fr\/wp-json\/wp\/v2\/product_cat?post=9268"},{"taxonomy":"product_tag","embeddable":true,"href":"https:\/\/antcube.shop\/fr\/wp-json\/wp\/v2\/product_tag?post=9268"}],"curies":[{"name":"wp","href":"https:\/\/api.w.org\/{rel}","templated":true}]}}