{"id":9258,"date":"2024-09-17T14:47:49","date_gmt":"2024-09-17T12:47:49","guid":{"rendered":"https:\/\/antcube.shop\/en\/product\/fotoruckwand-wuste-30x60-hoch\/"},"modified":"2026-01-12T12:35:56","modified_gmt":"2026-01-12T11:35:56","slug":"photo-mur-arriere-desert-30x60-haut","status":"publish","type":"product","link":"https:\/\/antcube.shop\/fr\/produit\/photo-mur-arriere-desert-30x60-haut\/","title":{"rendered":"Mur de photos - D\u00e9sert - 30\u00d760 - haut"},"content":{"rendered":"<p><strong>Dimensions :<\/strong> 30&#215;60<\/p>\n<p><strong>Mat\u00e9riau :<\/strong> Papier d'aluminium brillant<\/p>\n<p><strong>Contenu :<\/strong> 1x fond photo<\/p>\n<p><strong>Description :<\/strong> Ce support photo est coll\u00e9 \u00e0 l'ext\u00e9rieur du dos du formicarium pour donner l'impression d'un environnement correspondant \u00e0 l'habitat naturel des fourmis.<\/p>","protected":false},"excerpt":{"rendered":"<p>Mat\u00e9riau : papier d'aluminium brillant<\/p>","protected":false},"featured_media":9710,"comment_status":"open","ping_status":"closed","template":"","meta":{"_acf_changed":false,"content-type":"","_monsterinsights_skip_tracking":false,"_monsterinsights_sitenote_active":false,"_monsterinsights_sitenote_note":"","_monsterinsights_sitenote_category":0},"product_brand":[],"product_cat":[97,104],"product_tag":[],"class_list":{"0":"post-9258","1":"product","2":"type-product","3":"status-publish","4":"has-post-thumbnail","6":"product_cat-photo-backwalls","7":"product_cat-desert-photo-backwall","9":"first","10":"instock","11":"taxable","12":"shipping-taxable","13":"purchasable","14":"product-type-simple"},"acf":[],"aioseo_notices":[],"jetpack_sharing_enabled":true,"_links":{"self":[{"href":"https:\/\/antcube.shop\/fr\/wp-json\/wp\/v2\/product\/9258","targetHints":{"allow":["GET"]}}],"collection":[{"href":"https:\/\/antcube.shop\/fr\/wp-json\/wp\/v2\/product"}],"about":[{"href":"https:\/\/antcube.shop\/fr\/wp-json\/wp\/v2\/types\/product"}],"replies":[{"embeddable":true,"href":"https:\/\/antcube.shop\/fr\/wp-json\/wp\/v2\/comments?post=9258"}],"wp:featuredmedia":[{"embeddable":true,"href":"https:\/\/antcube.shop\/fr\/wp-json\/wp\/v2\/media\/9710"}],"wp:attachment":[{"href":"https:\/\/antcube.shop\/fr\/wp-json\/wp\/v2\/media?parent=9258"}],"wp:term":[{"taxonomy":"product_brand","embeddable":true,"href":"https:\/\/antcube.shop\/fr\/wp-json\/wp\/v2\/product_brand?post=9258"},{"taxonomy":"product_cat","embeddable":true,"href":"https:\/\/antcube.shop\/fr\/wp-json\/wp\/v2\/product_cat?post=9258"},{"taxonomy":"product_tag","embeddable":true,"href":"https:\/\/antcube.shop\/fr\/wp-json\/wp\/v2\/product_tag?post=9258"}],"curies":[{"name":"wp","href":"https:\/\/api.w.org\/{rel}","templated":true}]}}