{"id":9250,"date":"2024-09-17T14:44:16","date_gmt":"2024-09-17T12:44:16","guid":{"rendered":"https:\/\/antcube.shop\/en\/product\/antcube-korknest-60x30-stehend\/"},"modified":"2026-03-10T17:53:31","modified_gmt":"2026-03-10T16:53:31","slug":"nid-de-liege-antcube-60x30-vertical","status":"publish","type":"product","link":"https:\/\/antcube.shop\/fr\/produit\/nid-de-liege-antcube-60x30-vertical\/","title":{"rendered":"ANTCUBE - Nid en li\u00e8ge 60\u00d730 - vertical"},"content":{"rendered":"<p><strong>Dimensions :<\/strong> 583 x 240 x 20 mm<\/p>\n<p><strong>Mat\u00e9riau :<\/strong> Li\u00e8ge (fin)<\/p>\n<p>Ne convient qu'\u00e0 nos fourmili\u00e8res de la taille <span style=\"font-size: 10.5pt; font-family: Arial; color: #0000ff; background-color: transparent; font-weight: bold; font-style: normal; font-variant: normal; text-decoration: none; vertical-align: baseline;\">L<\/span><\/p>\n<p><strong>Description :<\/strong> Ce nid en li\u00e8ge avec des passages et des chambres pr\u00e9fabriqu\u00e9s convient \u00e0 diverses esp\u00e8ces de fourmis, en particulier \u00e0 celles qui nichent dans le bois (mort). Il est dot\u00e9 d'un trou pour l'acc\u00e8s au nid.<br \/>\nLe li\u00e8ge est chimiquement neutre. Sa structure est non seulement imperm\u00e9able aux liquides, mais elle ne provoque pas non plus de r\u00e9actions chimiques et n'est donc pas endommag\u00e9e. Toutefois, une humidit\u00e9 trop importante peut entra\u00eener \u00e0 long terme un pourrissement et r\u00e9duire la long\u00e9vit\u00e9 du nid. Le li\u00e8ge est n\u00e9anmoins tr\u00e8s r\u00e9sistant \u00e0 la pourriture, aux champignons et aux moisissures. Cela est d\u00fb \u00e0 sa surface et \u00e0 sa structure, qui ne constituent pas un terrain propice \u00e0 la colonisation des champignons. Toutefois, les r\u00e9sidus alimentaires et les excr\u00e9ments d'animaux, ainsi que d'autres substances organiques, peuvent favoriser la croissance des moisissures.<\/p>\n<p>C'est pourquoi nous recommandons de conserver dans le li\u00e8ge principalement des esp\u00e8ces provenant de r\u00e9gions s\u00e8ches. Les esp\u00e8ces provenant d'habitats humides peuvent toutefois \u00eatre conserv\u00e9es dans ce set, car la pourriture n'est pas un probl\u00e8me pour la plupart d'entre elles. De nombreuses fourmis du nord de l'Europe, comme Camponotus herculeanus ou Formica fusca, vivent \u00e9galement dans le bois pourri ou en d\u00e9composition.<\/p>","protected":false},"excerpt":{"rendered":"<p><strong>Taille :<\/strong> 583 x 240 x 20 mm<\/p>","protected":false},"featured_media":9688,"comment_status":"open","ping_status":"closed","template":"","meta":{"_acf_changed":false,"content-type":"","_monsterinsights_skip_tracking":false,"_monsterinsights_sitenote_active":false,"_monsterinsights_sitenote_note":"","_monsterinsights_sitenote_category":0},"product_brand":[],"product_cat":[87,89],"product_tag":[],"class_list":{"0":"post-9250","1":"product","2":"type-product","3":"status-publish","4":"has-post-thumbnail","6":"product_cat-nest-insets","7":"product_cat-cork","9":"first","10":"instock","11":"taxable","12":"shipping-taxable","13":"purchasable","14":"product-type-simple"},"acf":[],"aioseo_notices":[],"jetpack_sharing_enabled":true,"_links":{"self":[{"href":"https:\/\/antcube.shop\/fr\/wp-json\/wp\/v2\/product\/9250","targetHints":{"allow":["GET"]}}],"collection":[{"href":"https:\/\/antcube.shop\/fr\/wp-json\/wp\/v2\/product"}],"about":[{"href":"https:\/\/antcube.shop\/fr\/wp-json\/wp\/v2\/types\/product"}],"replies":[{"embeddable":true,"href":"https:\/\/antcube.shop\/fr\/wp-json\/wp\/v2\/comments?post=9250"}],"wp:featuredmedia":[{"embeddable":true,"href":"https:\/\/antcube.shop\/fr\/wp-json\/wp\/v2\/media\/9688"}],"wp:attachment":[{"href":"https:\/\/antcube.shop\/fr\/wp-json\/wp\/v2\/media?parent=9250"}],"wp:term":[{"taxonomy":"product_brand","embeddable":true,"href":"https:\/\/antcube.shop\/fr\/wp-json\/wp\/v2\/product_brand?post=9250"},{"taxonomy":"product_cat","embeddable":true,"href":"https:\/\/antcube.shop\/fr\/wp-json\/wp\/v2\/product_cat?post=9250"},{"taxonomy":"product_tag","embeddable":true,"href":"https:\/\/antcube.shop\/fr\/wp-json\/wp\/v2\/product_tag?post=9250"}],"curies":[{"name":"wp","href":"https:\/\/api.w.org\/{rel}","templated":true}]}}