{"id":9248,"date":"2024-09-17T14:43:20","date_gmt":"2024-09-17T12:43:20","guid":{"rendered":"https:\/\/antcube.shop\/en\/product\/antcube-box-10x10-gipsnest-beige\/"},"modified":"2026-01-12T12:38:20","modified_gmt":"2026-01-12T11:38:20","slug":"antcube-box-10x10-plaster-nest-beige","status":"publish","type":"product","link":"https:\/\/antcube.shop\/fr\/produit\/antcube-box-10x10-plaster-nest-beige\/","title":{"rendered":"ANTCUBE - Bo\u00eete 10\u00d710 - Nid en pl\u00e2tre beige"},"content":{"rendered":"<p><strong>Dimensions :<\/strong><br \/>\n100x100x100mm<\/p>\n<p><strong>Mat\u00e9riau :<\/strong><br \/>\nPMMA, PS, pl\u00e2tre<\/p>\n<p><strong>Couleur :<\/strong> transparent, beige<\/p>\n<p><strong>Contenu :<\/strong><br \/>\n1x bo\u00eete 100x100x100mm<br \/>\n1x cadre ins\u00e9rable<br \/>\n1x couvercle ins\u00e9rable avec trou de 50 mm<br \/>\n1x insert de nid en pl\u00e2tre<br \/>\n2x bouchons de formicarium 27mm<br \/>\n1x grille d'insertion - 50mm - acier inoxydable<\/p>\n<p><strong>Description :<\/strong><br \/>\nCe conteneur est \u00e9quip\u00e9 d'un cadre et d'un couvercle ins\u00e9rables et poss\u00e8de \u00e9galement deux ouvertures de 27 mm pour de futures extensions. Le couvercle comporte un trou de 50 mm dans lequel il est possible d'ins\u00e9rer des grilles, des ventilateurs ou des douilles de lampes. Cette ar\u00e8ne pratique et facile d'entretien avec nid en pl\u00e2tre int\u00e9gr\u00e9 convient aux colonies de fondation qui aiment construire leurs nids dans le sol ou entre les pierres.<\/p>","protected":false},"excerpt":{"rendered":"<p><strong>Taille :<\/strong> 10x10x10 cm<\/p>","protected":false},"featured_media":9559,"comment_status":"open","ping_status":"closed","template":"","meta":{"_acf_changed":false,"content-type":"","_monsterinsights_skip_tracking":false,"_monsterinsights_sitenote_active":false,"_monsterinsights_sitenote_note":"","_monsterinsights_sitenote_category":0},"product_brand":[],"product_cat":[80,90],"product_tag":[],"class_list":{"0":"post-9248","1":"product","2":"type-product","3":"status-publish","4":"has-post-thumbnail","6":"product_cat-antfarms","7":"product_cat-gypsum","9":"first","10":"instock","11":"taxable","12":"shipping-taxable","13":"purchasable","14":"product-type-simple"},"acf":[],"aioseo_notices":[],"jetpack_sharing_enabled":true,"_links":{"self":[{"href":"https:\/\/antcube.shop\/fr\/wp-json\/wp\/v2\/product\/9248","targetHints":{"allow":["GET"]}}],"collection":[{"href":"https:\/\/antcube.shop\/fr\/wp-json\/wp\/v2\/product"}],"about":[{"href":"https:\/\/antcube.shop\/fr\/wp-json\/wp\/v2\/types\/product"}],"replies":[{"embeddable":true,"href":"https:\/\/antcube.shop\/fr\/wp-json\/wp\/v2\/comments?post=9248"}],"wp:featuredmedia":[{"embeddable":true,"href":"https:\/\/antcube.shop\/fr\/wp-json\/wp\/v2\/media\/9559"}],"wp:attachment":[{"href":"https:\/\/antcube.shop\/fr\/wp-json\/wp\/v2\/media?parent=9248"}],"wp:term":[{"taxonomy":"product_brand","embeddable":true,"href":"https:\/\/antcube.shop\/fr\/wp-json\/wp\/v2\/product_brand?post=9248"},{"taxonomy":"product_cat","embeddable":true,"href":"https:\/\/antcube.shop\/fr\/wp-json\/wp\/v2\/product_cat?post=9248"},{"taxonomy":"product_tag","embeddable":true,"href":"https:\/\/antcube.shop\/fr\/wp-json\/wp\/v2\/product_tag?post=9248"}],"curies":[{"name":"wp","href":"https:\/\/api.w.org\/{rel}","templated":true}]}}