{"id":9247,"date":"2024-09-17T14:42:38","date_gmt":"2024-09-17T12:42:38","guid":{"rendered":"https:\/\/antcube.shop\/en\/product\/antcube-gipsnest-30x30-liegend\/"},"modified":"2026-04-23T19:53:20","modified_gmt":"2026-04-23T17:53:20","slug":"antcube-gipsnest-30x30-liegend","status":"publish","type":"product","link":"https:\/\/antcube.shop\/fr\/produit\/antcube-gipsnest-30x30-liegend\/","title":{"rendered":"ANTCUBE - Nid en pl\u00e2tre 30\u00d730 - horizontal"},"content":{"rendered":"<p><span data-text-color=\"alert\"><strong>Livraison uniquement possible via GO ! en Allemagne ou via palette en Europe (pas d'\u00eeles).<\/strong><\/span><\/p>\n<p><strong>Dimensions :<\/strong><br \/>\nNid \u00e0 pl\u00e2tre : 290 x 290 x 50mm<br \/>\nCouvercle en verre : 279 x 279 x 4mm<\/p>\n<p><strong>Mat\u00e9riau :<\/strong> Pl\u00e2tre<\/p>\n<p><strong>Contenu :<\/strong><br \/>\n1x nid \u00e0 pl\u00e2tre 30\u00d730 avec deux prises de raccordement L 14\/16\/18\/20 x 20mm<\/p>\n<ul>\n<li>Le tuyau 14\/10 est ins\u00e9r\u00e9 fermement dans la douille de 14 mm.<\/li>\n<li>Le tuyau 20\/16 est solidement fix\u00e9 \u00e0 la premi\u00e8re marche de 16 mm.<\/li>\n<li>Le tuyau 22\/18 est solidement fix\u00e9 \u00e0 la deuxi\u00e8me marche de 20 mm.<\/li>\n<li>Le tuyau 24\/20 est fix\u00e9 sans \u00eatre serr\u00e9 \u00e0 la deuxi\u00e8me marche de 20 mm.<\/li>\n<\/ul>\n<p>1x couvercle en verre avec un trou de 50mm<br \/>\n1x anneau acrylique 50mm pour trou de 27mm<br \/>\n1x base de formicarium 30\u00d730<br \/>\n2x capuchon de grille - 16mm - acier inoxydable<br \/>\n1x grille d'insertion - 27mm - acier inoxydable<\/p>\n<p><strong>Description :<\/strong> Notre nid en pl\u00e2tre avec des passages et des chambres pr\u00e9fabriqu\u00e9s convient \u00e0 de nombreuses esp\u00e8ces de fourmis, en particulier \u00e0 celles qui construisent leurs nids sur des sols tr\u00e8s sablonneux ou pierreux. Il est dot\u00e9 d'un trou permettant d'acc\u00e9der au nid. Le gypse a la propri\u00e9t\u00e9 d'absorber l'eau, ce qui permet de stocker une certaine quantit\u00e9 d'humidit\u00e9. N\u00e9anmoins, le nid de gypse ne doit pas \u00eatre utilis\u00e9 en permanence dans l'humidit\u00e9, sous peine de voir appara\u00eetre des moisissures (dues aux r\u00e9sidus de nourriture ou aux excr\u00e9ments des fourmis). Par cons\u00e9quent, les esp\u00e8ces provenant de r\u00e9gions plut\u00f4t s\u00e8ches devraient \u00eatre conserv\u00e9es dans ce nid si possible. Il s'agit par exemple d'esp\u00e8ces provenant de r\u00e9gions m\u00e9diterran\u00e9ennes ou d\u00e9sertiques.<\/p>\n<p><strong>Note :<\/strong> En raison de leur conception, ils ne conviennent pas aux tr\u00e8s petites esp\u00e8ces (par exemple, les esp\u00e8ces Pheidole, Temnothorax), des lacunes de 0,3 \u00e0 0,5 mm peuvent se produire.<\/p>\n<p><strong>Remarque sur les prises de connexion<\/strong><br \/>\nLorsque vous fixez ou retirez des tuyaux, veuillez tenir compte des points suivants :<br \/>\nSi le tuyau est tr\u00e8s difficile \u00e0 placer sur le manchon de raccordement, il faut frotter l\u00e9g\u00e8rement le manchon avec une goutte de notre huile ou de notre poudre anti-\u00e9clatement. Le tuyau doit ensuite \u00eatre pouss\u00e9 sur le manchon par des mouvements de torsion ou de vissage, sans solliciter le manchon par des mouvements de haut en bas. Il en va de m\u00eame lorsque vous retirez les tuyaux du manchon de raccordement \u00e0 la ferme. Ne tirez pas simplement sur le tuyau !<\/p>","protected":false},"excerpt":{"rendered":"<p>Livraison uniquement possible via GO ! en Allemagne ou via palette en Europe (pas d'\u00eeles) Dimensions : Nid en pl\u00e2tre : 290 x 290 x 50mm Couvercle en verre : 279 x 279 x 4mm Mat\u00e9riau : Pl\u00e2tre Contenu : 1x nid \u00e0 pl\u00e2tre 30x30 avec deux prises de raccordement L 14\/16\/18\/20 x 20mm Le tuyau 14\/10 est ins\u00e9r\u00e9 fermement dans la prise de 14mm.","protected":false},"featured_media":9683,"comment_status":"open","ping_status":"closed","template":"","meta":{"_acf_changed":false,"content-type":"","_monsterinsights_skip_tracking":false,"_monsterinsights_sitenote_active":false,"_monsterinsights_sitenote_note":"","_monsterinsights_sitenote_category":0},"product_brand":[],"product_cat":[80,83],"product_tag":[],"class_list":{"0":"post-9247","1":"product","2":"type-product","3":"status-publish","4":"has-post-thumbnail","6":"product_cat-antfarms","7":"product_cat-antfarms-l","9":"first","10":"instock","11":"taxable","12":"shipping-taxable","13":"purchasable","14":"product-type-simple"},"acf":[],"aioseo_notices":[],"jetpack_sharing_enabled":true,"_links":{"self":[{"href":"https:\/\/antcube.shop\/fr\/wp-json\/wp\/v2\/product\/9247","targetHints":{"allow":["GET"]}}],"collection":[{"href":"https:\/\/antcube.shop\/fr\/wp-json\/wp\/v2\/product"}],"about":[{"href":"https:\/\/antcube.shop\/fr\/wp-json\/wp\/v2\/types\/product"}],"replies":[{"embeddable":true,"href":"https:\/\/antcube.shop\/fr\/wp-json\/wp\/v2\/comments?post=9247"}],"wp:featuredmedia":[{"embeddable":true,"href":"https:\/\/antcube.shop\/fr\/wp-json\/wp\/v2\/media\/9683"}],"wp:attachment":[{"href":"https:\/\/antcube.shop\/fr\/wp-json\/wp\/v2\/media?parent=9247"}],"wp:term":[{"taxonomy":"product_brand","embeddable":true,"href":"https:\/\/antcube.shop\/fr\/wp-json\/wp\/v2\/product_brand?post=9247"},{"taxonomy":"product_cat","embeddable":true,"href":"https:\/\/antcube.shop\/fr\/wp-json\/wp\/v2\/product_cat?post=9247"},{"taxonomy":"product_tag","embeddable":true,"href":"https:\/\/antcube.shop\/fr\/wp-json\/wp\/v2\/product_tag?post=9247"}],"curies":[{"name":"wp","href":"https:\/\/api.w.org\/{rel}","templated":true}]}}