{"id":9246,"date":"2024-09-17T14:41:57","date_gmt":"2024-09-17T12:41:57","guid":{"rendered":"https:\/\/antcube.shop\/en\/product\/antcube-gipsnest-60x30-stehend\/"},"modified":"2026-03-03T21:23:18","modified_gmt":"2026-03-03T20:23:18","slug":"antcube-nid-de-platre-60x30-debout","status":"publish","type":"product","link":"https:\/\/antcube.shop\/fr\/produit\/antcube-nid-de-platre-60x30-debout\/","title":{"rendered":"ANTCUBE - Nid en pl\u00e2tre 60\u00d730 - vertical"},"content":{"rendered":"<p><span data-text-color=\"alert\"><strong>Livraison uniquement possible via GO ! en Allemagne ou via palette en Europe (pas d'\u00eeles).<\/strong><\/span><\/p>\n<p><strong>Dimensions :<\/strong> 582 x 239 x 45,5 mm<\/p>\n<p><strong>Mat\u00e9riau :<\/strong> pl\u00e2tre<\/p>\n<p>Ne convient qu'\u00e0 nos fourmili\u00e8res de la taille <span style=\"font-size: 10.5pt; font-family: Arial; color: #ff0000; background-color: transparent; font-weight: bold; font-style: normal; font-variant: normal; text-decoration: none; vertical-align: baseline;\">XL<\/span><\/p>\n<p><strong>Description :<\/strong> Notre nid en pl\u00e2tre avec des passages et des chambres pr\u00e9fabriqu\u00e9s convient \u00e0 de nombreuses esp\u00e8ces de fourmis, en particulier \u00e0 celles qui construisent leurs nids sur des sols tr\u00e8s sablonneux ou pierreux. Il est dot\u00e9 d'un trou permettant d'acc\u00e9der au nid. Le gypse a la propri\u00e9t\u00e9 d'absorber l'eau, ce qui permet de stocker une certaine quantit\u00e9 d'humidit\u00e9. N\u00e9anmoins, le nid de gypse ne doit pas \u00eatre utilis\u00e9 en permanence dans l'humidit\u00e9, sous peine de voir appara\u00eetre des moisissures (dues aux r\u00e9sidus de nourriture ou aux excr\u00e9ments des fourmis). Par cons\u00e9quent, les esp\u00e8ces provenant de r\u00e9gions plut\u00f4t s\u00e8ches devraient \u00eatre conserv\u00e9es dans ce nid si possible. Il s'agit par exemple d'esp\u00e8ces provenant de r\u00e9gions m\u00e9diterran\u00e9ennes ou d\u00e9sertiques.<\/p>","protected":false},"excerpt":{"rendered":"<p>Livraison uniquement possible via GO ! en Allemagne ou via palette en Europe (pas d'\u00eeles) Dimensions : 582 x 239 x 45,5 mm Mat\u00e9riau : pl\u00e2tre Convient uniquement \u00e0 nos fourmili\u00e8res de taille XL Description : Notre nid en pl\u00e2tre avec des passages et des chambres pr\u00e9fabriqu\u00e9s convient \u00e0 de nombreuses esp\u00e8ces de fourmis, en particulier \u00e0 celles qui construisent","protected":false},"featured_media":9680,"comment_status":"open","ping_status":"closed","template":"","meta":{"_acf_changed":false,"content-type":"","_monsterinsights_skip_tracking":false,"_monsterinsights_sitenote_active":false,"_monsterinsights_sitenote_note":"","_monsterinsights_sitenote_category":0},"product_brand":[],"product_cat":[87,90],"product_tag":[],"class_list":{"0":"post-9246","1":"product","2":"type-product","3":"status-publish","4":"has-post-thumbnail","6":"product_cat-nest-insets","7":"product_cat-gypsum","9":"first","10":"instock","11":"taxable","12":"shipping-taxable","13":"purchasable","14":"product-type-simple"},"acf":[],"aioseo_notices":[],"jetpack_sharing_enabled":true,"_links":{"self":[{"href":"https:\/\/antcube.shop\/fr\/wp-json\/wp\/v2\/product\/9246","targetHints":{"allow":["GET"]}}],"collection":[{"href":"https:\/\/antcube.shop\/fr\/wp-json\/wp\/v2\/product"}],"about":[{"href":"https:\/\/antcube.shop\/fr\/wp-json\/wp\/v2\/types\/product"}],"replies":[{"embeddable":true,"href":"https:\/\/antcube.shop\/fr\/wp-json\/wp\/v2\/comments?post=9246"}],"wp:featuredmedia":[{"embeddable":true,"href":"https:\/\/antcube.shop\/fr\/wp-json\/wp\/v2\/media\/9680"}],"wp:attachment":[{"href":"https:\/\/antcube.shop\/fr\/wp-json\/wp\/v2\/media?parent=9246"}],"wp:term":[{"taxonomy":"product_brand","embeddable":true,"href":"https:\/\/antcube.shop\/fr\/wp-json\/wp\/v2\/product_brand?post=9246"},{"taxonomy":"product_cat","embeddable":true,"href":"https:\/\/antcube.shop\/fr\/wp-json\/wp\/v2\/product_cat?post=9246"},{"taxonomy":"product_tag","embeddable":true,"href":"https:\/\/antcube.shop\/fr\/wp-json\/wp\/v2\/product_tag?post=9246"}],"curies":[{"name":"wp","href":"https:\/\/api.w.org\/{rel}","templated":true}]}}