{"id":9238,"date":"2024-09-17T14:32:52","date_gmt":"2024-09-17T12:32:52","guid":{"rendered":"https:\/\/antcube.shop\/en\/product\/antcube-digfix-platte-20x10-m\/"},"modified":"2026-03-09T17:40:15","modified_gmt":"2026-03-09T16:40:15","slug":"antcube-digfix-plate-20x10-m","status":"publish","type":"product","link":"https:\/\/antcube.shop\/fr\/produit\/antcube-digfix-plate-20x10-m\/","title":{"rendered":"ANTCUBE - Plaque Digfix 20\u00d710 - M"},"content":{"rendered":"<p><strong>Dimensions :<\/strong> 183x60x10mm<\/p>\n<p><strong>Mat\u00e9riau :<\/strong> Digfix<\/p>\n<p><strong>Description :<\/strong> La plaque Digfix en mat\u00e9riau creusable convient parfaitement aux fourmili\u00e8res ANTCUBE. Elle peut \u00eatre utilis\u00e9e aussi bien s\u00e8che qu'humide. Elle convient \u00e9galement \u00e0 de nombreuses esp\u00e8ces de fourmis, en particulier celles qui nichent dans le sable et le bois (mort). Il peut \u00eatre utilis\u00e9 \u00e0 la place des m\u00e9langes de sable et d'argile ou des nids en li\u00e8ge. Un avantage important par rapport aux nids en li\u00e8ge est que Digfix ne moisit pas, m\u00eame lorsqu'il est mouill\u00e9. Cela signifie que les esp\u00e8ces de fourmis qui ont besoin d'une grande quantit\u00e9 d'eau peuvent facilement \u00eatre approvisionn\u00e9es en quantit\u00e9 suffisante. Digfix pr\u00e9sente \u00e9galement l'avantage que les fourmis creuseuses ne salissent pas les vitres de leur nid lorsqu'elles creusent, ce qui permet une vue parfaite sur le nid.<\/p>\n<p><strong>Note :<\/strong> La couleur naturelle peut varier entre le vert\/gris-brun et le brun terre. Le ton de la couleur n'a aucune influence sur la qualit\u00e9.<br \/>\nEn raison du processus de fabrication, les dimensions peuvent varier de +\/- 1 mm.<\/p>","protected":false},"excerpt":{"rendered":"<p>Taille : <strong><span style=\"color: #339966;\">M<\/span><\/strong><\/p>","protected":false},"featured_media":9562,"comment_status":"open","ping_status":"closed","template":"","meta":{"_acf_changed":false,"content-type":"","_monsterinsights_skip_tracking":false,"_monsterinsights_sitenote_active":false,"_monsterinsights_sitenote_note":"","_monsterinsights_sitenote_category":0},"product_brand":[],"product_cat":[87,88],"product_tag":[],"class_list":{"0":"post-9238","1":"product","2":"type-product","3":"status-publish","4":"has-post-thumbnail","6":"product_cat-nest-insets","7":"product_cat-digfix","9":"first","10":"instock","11":"taxable","12":"shipping-taxable","13":"purchasable","14":"product-type-simple"},"acf":[],"aioseo_notices":[],"jetpack_sharing_enabled":true,"_links":{"self":[{"href":"https:\/\/antcube.shop\/fr\/wp-json\/wp\/v2\/product\/9238","targetHints":{"allow":["GET"]}}],"collection":[{"href":"https:\/\/antcube.shop\/fr\/wp-json\/wp\/v2\/product"}],"about":[{"href":"https:\/\/antcube.shop\/fr\/wp-json\/wp\/v2\/types\/product"}],"replies":[{"embeddable":true,"href":"https:\/\/antcube.shop\/fr\/wp-json\/wp\/v2\/comments?post=9238"}],"wp:featuredmedia":[{"embeddable":true,"href":"https:\/\/antcube.shop\/fr\/wp-json\/wp\/v2\/media\/9562"}],"wp:attachment":[{"href":"https:\/\/antcube.shop\/fr\/wp-json\/wp\/v2\/media?parent=9238"}],"wp:term":[{"taxonomy":"product_brand","embeddable":true,"href":"https:\/\/antcube.shop\/fr\/wp-json\/wp\/v2\/product_brand?post=9238"},{"taxonomy":"product_cat","embeddable":true,"href":"https:\/\/antcube.shop\/fr\/wp-json\/wp\/v2\/product_cat?post=9238"},{"taxonomy":"product_tag","embeddable":true,"href":"https:\/\/antcube.shop\/fr\/wp-json\/wp\/v2\/product_tag?post=9238"}],"curies":[{"name":"wp","href":"https:\/\/api.w.org\/{rel}","templated":true}]}}