{"id":9236,"date":"2024-09-17T14:31:58","date_gmt":"2024-09-17T12:31:58","guid":{"rendered":"https:\/\/antcube.shop\/en\/product\/ameisenarena-rahmen-20x10\/"},"modified":"2026-03-31T12:29:33","modified_gmt":"2026-03-31T10:29:33","slug":"cadre-de-larene-de-la-fourmi-20x10","status":"publish","type":"product","link":"https:\/\/antcube.shop\/fr\/produit\/cadre-de-larene-de-la-fourmi-20x10\/","title":{"rendered":"Cadre de l'ar\u00e8ne des fourmis 20\u00d710"},"content":{"rendered":"<p><strong>Dimensions (LxlxH) :<\/strong> 20x10x0,4 cm<\/p>\n<p><strong>Mat\u00e9riau :<\/strong> Verre flott\u00e9<\/p>\n<p><strong>Couleur :<\/strong> clair \/ transparent<\/p>\n<p><strong>Contenu :<\/strong><br \/>\n1x cadre de l'ar\u00e8ne des fourmis<\/p>\n<p><strong>Description :<\/strong><br \/>\nCadre en verre pour une fourmili\u00e8re comme protection contre les fuites.<\/p>\n<p><strong>Application :<\/strong><br \/>\nUn cadre pour fourmili\u00e8re est un cadre en verre qui est plac\u00e9 sur une fourmili\u00e8re et qui est pourvu d'une protection anti-effraction (huile, poudre ou vernis) sur la face inf\u00e9rieure, afin d'emp\u00eacher les fourmis de s'\u00e9chapper.<\/p>\n<p><strong>Avis :<\/strong><br \/>\nL'article \u00e9tant en verre et donc sensible, il doit \u00eatre manipul\u00e9 tr\u00e8s soigneusement. Le verre est coup\u00e9 selon la norme DIN 1249 avec une tol\u00e9rance de +\/- 1mm. Pour les esp\u00e8ces de fourmis extr\u00eamement petites, une protection suppl\u00e9mentaire contre la casse est indispensable.<\/p>","protected":false},"excerpt":{"rendered":"<p>Dimensions (LxLxH) : 60x30x0,4 cm Mat\u00e9riau : Verre flott\u00e9 Couleur : clair \/ transparent Contenu : 1x Cadre pour fourmili\u00e8re Description : Cadre en verre pour une fourmili\u00e8re comme protection contre les fuites. Application : Un cadre pour fourmili\u00e8re est un cadre en verre qui est plac\u00e9 sur une fourmili\u00e8re et qui est pourvu d'une protection anti-effraction (huile, poudre, etc.).","protected":false},"featured_media":9498,"comment_status":"open","ping_status":"closed","template":"","meta":{"_acf_changed":false,"content-type":"","_monsterinsights_skip_tracking":false,"_monsterinsights_sitenote_active":false,"_monsterinsights_sitenote_note":"","_monsterinsights_sitenote_category":0},"product_brand":[],"product_cat":[91,93],"product_tag":[],"class_list":{"0":"post-9236","1":"product","2":"type-product","3":"status-publish","4":"has-post-thumbnail","6":"product_cat-formicarium-modules","7":"product_cat-arena-frame","9":"first","10":"instock","11":"taxable","12":"shipping-taxable","13":"purchasable","14":"product-type-simple"},"acf":[],"aioseo_notices":[],"jetpack_sharing_enabled":true,"_links":{"self":[{"href":"https:\/\/antcube.shop\/fr\/wp-json\/wp\/v2\/product\/9236","targetHints":{"allow":["GET"]}}],"collection":[{"href":"https:\/\/antcube.shop\/fr\/wp-json\/wp\/v2\/product"}],"about":[{"href":"https:\/\/antcube.shop\/fr\/wp-json\/wp\/v2\/types\/product"}],"replies":[{"embeddable":true,"href":"https:\/\/antcube.shop\/fr\/wp-json\/wp\/v2\/comments?post=9236"}],"wp:featuredmedia":[{"embeddable":true,"href":"https:\/\/antcube.shop\/fr\/wp-json\/wp\/v2\/media\/9498"}],"wp:attachment":[{"href":"https:\/\/antcube.shop\/fr\/wp-json\/wp\/v2\/media?parent=9236"}],"wp:term":[{"taxonomy":"product_brand","embeddable":true,"href":"https:\/\/antcube.shop\/fr\/wp-json\/wp\/v2\/product_brand?post=9236"},{"taxonomy":"product_cat","embeddable":true,"href":"https:\/\/antcube.shop\/fr\/wp-json\/wp\/v2\/product_cat?post=9236"},{"taxonomy":"product_tag","embeddable":true,"href":"https:\/\/antcube.shop\/fr\/wp-json\/wp\/v2\/product_tag?post=9236"}],"curies":[{"name":"wp","href":"https:\/\/api.w.org\/{rel}","templated":true}]}}