{"id":9235,"date":"2024-09-17T14:31:37","date_gmt":"2024-09-17T12:31:37","guid":{"rendered":"https:\/\/antcube.shop\/en\/product\/ameisenarena-abdeckung-20x10\/"},"modified":"2026-04-15T18:35:09","modified_gmt":"2026-04-15T16:35:09","slug":"couverture-de-larene-de-la-fourmi-20x10","status":"publish","type":"product","link":"https:\/\/antcube.shop\/fr\/produit\/couverture-de-larene-de-la-fourmi-20x10\/","title":{"rendered":"Couverture de fourmili\u00e8re 20\u00d710"},"content":{"rendered":"<p><strong>Dimensions (LxlxH) :<\/strong> 20x10x0,4 cm<\/p>\n<p><strong>Mat\u00e9riau :<\/strong> verre flott\u00e9<\/p>\n<p><strong>Couleur :<\/strong> limpide \/ transparent<\/p>\n<p><strong>Contenu :<\/strong><br \/>\n1x couverture de l'ar\u00e8ne des fourmis<br \/>\n1x points de fixation \u00e0 4 pcs.<\/p>\n<p><strong>Description :<\/strong><br \/>\nCouvercle en verre pour la fourmili\u00e8re comme protection contre les fuites<\/p>\n<p><strong>Application :<\/strong><br \/>\nLa couverture en verre de la fourmili\u00e8re est plac\u00e9e sur une fourmili\u00e8re et est \u00e9galement utilis\u00e9e pour la r\u00e9gulation du climat.<br \/>\nDiff\u00e9rents modules de contr\u00f4le climatique peuvent \u00eatre ins\u00e9r\u00e9s dans les ouvertures de 50 mm, par exemple des grilles de ventilation, un \u00e9clairage ou une humidification.<br \/>\nPour emp\u00eacher les fourmis de s'\u00e9chapper par les ouvertures, il faut appliquer une protection contre les fuites (huile, poudre ou vernis) sur la face inf\u00e9rieure autour des trous.<\/p>\n<p><strong>Note :<\/strong><br \/>\nL'objet \u00e9tant en verre et donc fragile, il doit \u00eatre manipul\u00e9 avec beaucoup de pr\u00e9cautions.<\/p>","protected":false},"excerpt":{"rendered":"<p>Dimensions (LxLxH) : 20x10x0,4 cm Mat\u00e9riau : verre flott\u00e9 Couleur : cristal \/ transparent Contenu : 1x couvercle de fourmili\u00e8re 1x points de fixation \u00e0 4 pcs. Description : Couvercle en verre pour la fourmili\u00e8re comme protection contre les fuites Application : Le couvercle en verre pour la fourmili\u00e8re est plac\u00e9 sur une fourmili\u00e8re et est \u00e9galement utilis\u00e9 pour la r\u00e9gulation du climat. Diff\u00e9rents types de r\u00e9gulation climatique","protected":false},"featured_media":9568,"comment_status":"open","ping_status":"closed","template":"","meta":{"_acf_changed":false,"content-type":"","_monsterinsights_skip_tracking":false,"_monsterinsights_sitenote_active":false,"_monsterinsights_sitenote_note":"","_monsterinsights_sitenote_category":0},"product_brand":[],"product_cat":[91,92],"product_tag":[],"class_list":{"0":"post-9235","1":"product","2":"type-product","3":"status-publish","4":"has-post-thumbnail","6":"product_cat-formicarium-modules","7":"product_cat-arena-cover","9":"first","10":"instock","11":"taxable","12":"shipping-taxable","13":"purchasable","14":"product-type-simple"},"acf":[],"aioseo_notices":[],"jetpack_sharing_enabled":true,"_links":{"self":[{"href":"https:\/\/antcube.shop\/fr\/wp-json\/wp\/v2\/product\/9235","targetHints":{"allow":["GET"]}}],"collection":[{"href":"https:\/\/antcube.shop\/fr\/wp-json\/wp\/v2\/product"}],"about":[{"href":"https:\/\/antcube.shop\/fr\/wp-json\/wp\/v2\/types\/product"}],"replies":[{"embeddable":true,"href":"https:\/\/antcube.shop\/fr\/wp-json\/wp\/v2\/comments?post=9235"}],"wp:featuredmedia":[{"embeddable":true,"href":"https:\/\/antcube.shop\/fr\/wp-json\/wp\/v2\/media\/9568"}],"wp:attachment":[{"href":"https:\/\/antcube.shop\/fr\/wp-json\/wp\/v2\/media?parent=9235"}],"wp:term":[{"taxonomy":"product_brand","embeddable":true,"href":"https:\/\/antcube.shop\/fr\/wp-json\/wp\/v2\/product_brand?post=9235"},{"taxonomy":"product_cat","embeddable":true,"href":"https:\/\/antcube.shop\/fr\/wp-json\/wp\/v2\/product_cat?post=9235"},{"taxonomy":"product_tag","embeddable":true,"href":"https:\/\/antcube.shop\/fr\/wp-json\/wp\/v2\/product_tag?post=9235"}],"curies":[{"name":"wp","href":"https:\/\/api.w.org\/{rel}","templated":true}]}}