{"id":9234,"date":"2024-09-17T14:31:14","date_gmt":"2024-09-17T12:31:14","guid":{"rendered":"https:\/\/antcube.shop\/en\/product\/ameisenarena-lufter-50mm\/"},"modified":"2026-04-05T17:10:30","modified_gmt":"2026-04-05T15:10:30","slug":"ventilateur-de-fourmiliere-50mm","status":"publish","type":"product","link":"https:\/\/antcube.shop\/fr\/produit\/ventilateur-de-fourmiliere-50mm\/","title":{"rendered":"Fourmili\u00e8re - ventilateur 50mm"},"content":{"rendered":"<p><span data-text-color=\"alert\"><strong>L'exp\u00e9dition n'est possible qu'en Allemagne !<\/strong><\/span><\/p>\n<p><strong>Contenu :<\/strong><br \/>\n- Ventilateur 42mm<br \/>\n- Grille de protection 50 mm - transparente<br \/>\n- Fiche \/ connecteur<\/p>\n<p><strong>Sp\u00e9cifications techniques :<\/strong><br \/>\nPuissance : 1W<br \/>\nTension : 12V<br \/>\nLongueur du c\u00e2ble : 10 cm<br \/>\nPlage de temp\u00e9rature -10 - +60 \u00b0C<br \/>\nDur\u00e9e de vie 50 000 h<br \/>\nD\u00e9bit d'air 10 m\u00b3\/h (avec grille, le d\u00e9bit est r\u00e9duit en fonction de la taille de l'ouverture)<\/p>\n<p><strong>Mat\u00e9riau :<\/strong> plastique<\/p>\n<p><strong>Couleur :<\/strong> blanc \/ transparent<\/p>\n<p><strong>Description :<\/strong><br \/>\nPour ventiler une fourmili\u00e8re, ce ventilateur peut \u00eatre branch\u00e9 directement sur le couvercle de la fourmili\u00e8re.<\/p>\n<p><strong>Informations sur l'environnement :<\/strong><br \/>\nUne \u00e9limination sp\u00e9ciale peut \u00eatre n\u00e9cessaire. Veuillez contacter les autorit\u00e9s locales.<br \/>\nPour plus d'informations :<\/p>\n<blockquote class=\"wp-embedded-content\" data-secret=\"E5wsFkHgL8\"><p><a href=\"https:\/\/antcube.shop\/en\/electrical-devices-act\/\">Loi sur les dispositifs \u00e9lectriques<\/a><\/p><\/blockquote>\n<p><iframe loading=\"lazy\" class=\"wp-embedded-content\" sandbox=\"allow-scripts\" security=\"restricted\" style=\"position: absolute; visibility: hidden;\" title=\"&quot;Loi sur les appareils \u00e9lectriques&quot; - ANTCUBE\" src=\"https:\/\/antcube.shop\/en\/electrical-devices-act\/embed\/#?secret=BvHuHVTyVI#?secret=E5wsFkHgL8\" data-secret=\"E5wsFkHgL8\" width=\"600\" height=\"338\" frameborder=\"0\" marginwidth=\"0\" marginheight=\"0\" scrolling=\"no\"><\/iframe><\/p>\n<p>&nbsp;<\/p>\n<p>Cet article est enregistr\u00e9 sous WEEE-Reg. DE 54590387.<\/p>\n<p>&nbsp;<\/p>","protected":false},"excerpt":{"rendered":"<p>Exp\u00e9dition uniquement possible en Allemagne ! Contenu : - Ventilateur 42mm - Grille 50 mm - transparente - Fiche \/ connecteur Caract\u00e9ristiques techniques : Puissance : 1W Tension : 12V Longueur du c\u00e2ble : 10 cm Plage de temp\u00e9rature -10 - +60 \u00b0C Dur\u00e9e de vie 50 000 h D\u00e9bit d'air 10 m\u00b3\/h (avec la grille, le d\u00e9bit est r\u00e9duit en fonction [...]","protected":false},"featured_media":9512,"comment_status":"open","ping_status":"closed","template":"","meta":{"_acf_changed":false,"content-type":"","_monsterinsights_skip_tracking":false,"_monsterinsights_sitenote_active":false,"_monsterinsights_sitenote_note":"","_monsterinsights_sitenote_category":0},"product_brand":[],"product_cat":[359,119],"product_tag":[],"class_list":{"0":"post-9234","1":"product","2":"type-product","3":"status-publish","4":"has-post-thumbnail","6":"product_cat-light-heat-humidity","7":"product_cat-formicarium-components","9":"first","10":"instock","11":"taxable","12":"shipping-taxable","13":"purchasable","14":"product-type-simple"},"acf":[],"aioseo_notices":[],"jetpack_sharing_enabled":true,"_links":{"self":[{"href":"https:\/\/antcube.shop\/fr\/wp-json\/wp\/v2\/product\/9234","targetHints":{"allow":["GET"]}}],"collection":[{"href":"https:\/\/antcube.shop\/fr\/wp-json\/wp\/v2\/product"}],"about":[{"href":"https:\/\/antcube.shop\/fr\/wp-json\/wp\/v2\/types\/product"}],"replies":[{"embeddable":true,"href":"https:\/\/antcube.shop\/fr\/wp-json\/wp\/v2\/comments?post=9234"}],"wp:featuredmedia":[{"embeddable":true,"href":"https:\/\/antcube.shop\/fr\/wp-json\/wp\/v2\/media\/9512"}],"wp:attachment":[{"href":"https:\/\/antcube.shop\/fr\/wp-json\/wp\/v2\/media?parent=9234"}],"wp:term":[{"taxonomy":"product_brand","embeddable":true,"href":"https:\/\/antcube.shop\/fr\/wp-json\/wp\/v2\/product_brand?post=9234"},{"taxonomy":"product_cat","embeddable":true,"href":"https:\/\/antcube.shop\/fr\/wp-json\/wp\/v2\/product_cat?post=9234"},{"taxonomy":"product_tag","embeddable":true,"href":"https:\/\/antcube.shop\/fr\/wp-json\/wp\/v2\/product_tag?post=9234"}],"curies":[{"name":"wp","href":"https:\/\/api.w.org\/{rel}","templated":true}]}}