{"id":9233,"date":"2024-09-17T14:30:50","date_gmt":"2024-09-17T12:30:50","guid":{"rendered":"https:\/\/antcube.shop\/en\/product\/ameisenarena-lufter-set-50mm-mit-netzgerat\/"},"modified":"2026-04-02T18:12:07","modified_gmt":"2026-04-02T16:12:07","slug":"ameisenarena-lufter-set-50mm-mit-netzgerat","status":"publish","type":"product","link":"https:\/\/antcube.shop\/fr\/produit\/ameisenarena-lufter-set-50mm-mit-netzgerat\/","title":{"rendered":"Ant Arena - jeu de ventilateurs 50mm avec alimentation \u00e9lectrique"},"content":{"rendered":"<p><span data-text-color=\"alert\"><strong>L'exp\u00e9dition n'est possible qu'en Allemagne !<\/strong><\/span><\/p>\n<p><strong>Contenu :<\/strong><br \/>\n- Ventilateur 42mm<br \/>\n- sur l'insert de grille 50mm - transparent<br \/>\n- Unit\u00e9 d'alimentation<br \/>\n- Fiche \/ connecteur<\/p>\n<p><strong>Sp\u00e9cifications techniques :<\/strong><br \/>\nSortie du bloc d'alimentation : 2,5 A (12W)<br \/>\nTension d'entr\u00e9e : 100V-240V<br \/>\nSortie de tension : 5V<br \/>\nLongueur du c\u00e2ble : 10 cm (ventilateur)<br \/>\nLongueur du c\u00e2ble : 90 cm (bloc d'alimentation)<br \/>\nVentilateur de puissance 1 W<br \/>\nPlage de temp\u00e9rature -10 - +60 \u00b0C<br \/>\nDur\u00e9e de vie 50 000 h<br \/>\nD\u00e9bit d'air 10 m\u00b3\/h (avec grille, le d\u00e9bit est r\u00e9duit en fonction de la taille de l'ouverture)<\/p>\n<p><strong>Dimensions :<\/strong> 5 x 5 x 1 cm (ventilateur)<\/p>\n<p><strong>Mat\u00e9riau :<\/strong> plastique<\/p>\n<p><strong>Couleur :<\/strong> transparent, translucide (ventilateur) ; noir (bloc d'alimentation)<\/p>\n<p><strong>Description :<\/strong><br \/>\nL'a\u00e9ration est particuli\u00e8rement importante pour obtenir le climat le plus naturel possible dans un formicarium et pour \u00e9viter la formation de moisissures. Le ventilateur peut \u00eatre mont\u00e9 \u00e0 l'aide des quatre ouvertures \u00e0 vis ou doit \u00eatre fix\u00e9 \u00e0 l'aide de silicone ou d'une colle plastique. Le moteur fonctionne presque silencieusement et sans vibrations.<\/p>\n<p><strong>Informations sur l'environnement :<\/strong><br \/>\nUne \u00e9limination sp\u00e9ciale peut \u00eatre n\u00e9cessaire. Veuillez contacter les autorit\u00e9s locales.<br \/>\nPour plus d'informations :<\/p>\n<blockquote class=\"wp-embedded-content\" data-secret=\"jOGF5OPQCF\"><p><a href=\"https:\/\/antcube.shop\/en\/electrical-devices-act\/\">Loi sur les dispositifs \u00e9lectriques<\/a><\/p><\/blockquote>\n<p><iframe loading=\"lazy\" class=\"wp-embedded-content\" sandbox=\"allow-scripts\" security=\"restricted\" style=\"position: absolute; visibility: hidden;\" title=\"&quot;Loi sur les appareils \u00e9lectriques&quot; - ANTCUBE\" src=\"https:\/\/antcube.shop\/en\/electrical-devices-act\/embed\/#?secret=NfRYQNwKWB#?secret=jOGF5OPQCF\" data-secret=\"jOGF5OPQCF\" width=\"600\" height=\"338\" frameborder=\"0\" marginwidth=\"0\" marginheight=\"0\" scrolling=\"no\"><\/iframe><\/p>","protected":false},"excerpt":{"rendered":"<p>Exp\u00e9dition uniquement possible en Allemagne ! Contenu : - Ventilateur 42mm - sur grille 50mm - transparent - Bloc d'alimentation - Fiche \/ connecteur Caract\u00e9ristiques techniques : Puissance du bloc d'alimentation : 2,5 A (12W) Tension d'entr\u00e9e : 100V-240V Tension de sortie : 5V Longueur du c\u00e2ble : 10 cm (ventilateur) Longueur du c\u00e2ble : 90 cm (bloc d'alimentation) Ventilateur de puissance 1 W [...]","protected":false},"featured_media":9507,"comment_status":"open","ping_status":"closed","template":"","meta":{"_acf_changed":false,"content-type":"","_monsterinsights_skip_tracking":false,"_monsterinsights_sitenote_active":false,"_monsterinsights_sitenote_note":"","_monsterinsights_sitenote_category":0},"product_brand":[],"product_cat":[359,119],"product_tag":[],"class_list":{"0":"post-9233","1":"product","2":"type-product","3":"status-publish","4":"has-post-thumbnail","6":"product_cat-light-heat-humidity","7":"product_cat-formicarium-components","9":"first","10":"outofstock","11":"taxable","12":"shipping-taxable","13":"purchasable","14":"product-type-simple"},"acf":[],"aioseo_notices":[],"jetpack_sharing_enabled":true,"_links":{"self":[{"href":"https:\/\/antcube.shop\/fr\/wp-json\/wp\/v2\/product\/9233","targetHints":{"allow":["GET"]}}],"collection":[{"href":"https:\/\/antcube.shop\/fr\/wp-json\/wp\/v2\/product"}],"about":[{"href":"https:\/\/antcube.shop\/fr\/wp-json\/wp\/v2\/types\/product"}],"replies":[{"embeddable":true,"href":"https:\/\/antcube.shop\/fr\/wp-json\/wp\/v2\/comments?post=9233"}],"wp:featuredmedia":[{"embeddable":true,"href":"https:\/\/antcube.shop\/fr\/wp-json\/wp\/v2\/media\/9507"}],"wp:attachment":[{"href":"https:\/\/antcube.shop\/fr\/wp-json\/wp\/v2\/media?parent=9233"}],"wp:term":[{"taxonomy":"product_brand","embeddable":true,"href":"https:\/\/antcube.shop\/fr\/wp-json\/wp\/v2\/product_brand?post=9233"},{"taxonomy":"product_cat","embeddable":true,"href":"https:\/\/antcube.shop\/fr\/wp-json\/wp\/v2\/product_cat?post=9233"},{"taxonomy":"product_tag","embeddable":true,"href":"https:\/\/antcube.shop\/fr\/wp-json\/wp\/v2\/product_tag?post=9233"}],"curies":[{"name":"wp","href":"https:\/\/api.w.org\/{rel}","templated":true}]}}