{"id":9231,"date":"2024-09-17T14:30:07","date_gmt":"2024-09-17T12:30:07","guid":{"rendered":"https:\/\/antcube.shop\/en\/product\/antcube-arena-60x30x30-lang\/"},"modified":"2026-04-15T10:43:12","modified_gmt":"2026-04-15T08:43:12","slug":"antcube-arena-60x30x30-lang","status":"publish","type":"product","link":"https:\/\/antcube.shop\/fr\/produit\/antcube-arena-60x30x30-lang\/","title":{"rendered":"ANTCUBE - Arena 60x30x30 - large"},"content":{"rendered":"<p><span data-text-color=\"alert\"><strong>Livraison uniquement possible via GO ! en Allemagne ou via palette en Europe (pas d'\u00eeles).<\/strong><\/span><\/p>\n<p><strong>Dimensions :<\/strong> 600 x 300 x 300 mm ; \u00e9paisseur du verre 4 mm<\/p>\n<p><strong>Mat\u00e9riau :<\/strong> Verre flott\u00e9<\/p>\n<p><strong>Connexion :<\/strong> 2x trou de 50 mm<\/p>\n<p><strong>Description :<\/strong><br \/>\nVasque en verre 60x30x30 cm avec 2 trous de 50mm<br \/>\nLe trou (point central) se trouve \u00e0 une hauteur de 3 cm.<\/p>\n<p><strong>Note :<\/strong> Le verre est coup\u00e9 selon la norme DIN 1249 avec une tol\u00e9rance de +\/- 1 mm. Pour les esp\u00e8ces de fourmis extr\u00eamement petites, une protection suppl\u00e9mentaire contre les fuites est indispensable.<\/p>","protected":false},"excerpt":{"rendered":"<p><strong>Connexion :<\/strong> 2x trou de 50 mm<\/p>\n<p><strong>Taille :<\/strong> S, M, L, XL<\/p>","protected":false},"featured_media":9517,"comment_status":"open","ping_status":"closed","template":"","meta":{"_acf_changed":false,"content-type":"","_monsterinsights_skip_tracking":false,"_monsterinsights_sitenote_active":false,"_monsterinsights_sitenote_note":"","_monsterinsights_sitenote_category":0},"product_brand":[],"product_cat":[85,86],"product_tag":[],"class_list":{"0":"post-9231","1":"product","2":"type-product","3":"status-publish","4":"has-post-thumbnail","6":"product_cat-ant-arenas","7":"product_cat-formicariums","8":"product_shipping_class-fragile","10":"first","11":"instock","12":"taxable","13":"shipping-taxable","14":"purchasable","15":"product-type-simple"},"acf":[],"aioseo_notices":[],"jetpack_sharing_enabled":true,"_links":{"self":[{"href":"https:\/\/antcube.shop\/fr\/wp-json\/wp\/v2\/product\/9231","targetHints":{"allow":["GET"]}}],"collection":[{"href":"https:\/\/antcube.shop\/fr\/wp-json\/wp\/v2\/product"}],"about":[{"href":"https:\/\/antcube.shop\/fr\/wp-json\/wp\/v2\/types\/product"}],"replies":[{"embeddable":true,"href":"https:\/\/antcube.shop\/fr\/wp-json\/wp\/v2\/comments?post=9231"}],"wp:featuredmedia":[{"embeddable":true,"href":"https:\/\/antcube.shop\/fr\/wp-json\/wp\/v2\/media\/9517"}],"wp:attachment":[{"href":"https:\/\/antcube.shop\/fr\/wp-json\/wp\/v2\/media?parent=9231"}],"wp:term":[{"taxonomy":"product_brand","embeddable":true,"href":"https:\/\/antcube.shop\/fr\/wp-json\/wp\/v2\/product_brand?post=9231"},{"taxonomy":"product_cat","embeddable":true,"href":"https:\/\/antcube.shop\/fr\/wp-json\/wp\/v2\/product_cat?post=9231"},{"taxonomy":"product_tag","embeddable":true,"href":"https:\/\/antcube.shop\/fr\/wp-json\/wp\/v2\/product_tag?post=9231"}],"curies":[{"name":"wp","href":"https:\/\/api.w.org\/{rel}","templated":true}]}}