{"id":9223,"date":"2024-09-17T14:26:51","date_gmt":"2024-09-17T12:26:51","guid":{"rendered":"https:\/\/antcube.shop\/en\/product\/antcube-ameisenarenaeinsatz-xl-60x30\/"},"modified":"2026-03-03T21:23:19","modified_gmt":"2026-03-03T20:23:19","slug":"antcube-ant-arena-insert-xl-60x30","status":"publish","type":"product","link":"https:\/\/antcube.shop\/fr\/produit\/antcube-ant-arena-insert-xl-60x30\/","title":{"rendered":"ANTCUBE insert pour fourmili\u00e8re - XL - 60\u00d730"},"content":{"rendered":"<p><span data-text-color=\"alert\"><strong>Livraison uniquement possible via GO ! en Allemagne ou via palette en Europe (pas d'\u00eeles).<\/strong><\/span><\/p>\n<p><strong>Dimensions :<\/strong><br \/>\next\u00e9rieur : 590 x 58 x 276 mm<br \/>\nint\u00e9rieur : 584 x 50 x 269 mm<\/p>\n<p><strong>Mat\u00e9riau :<\/strong> verre flott\u00e9<\/p>\n<p><strong>Couleur :<\/strong> transparent<\/p>\n<p><strong>Contenu :<\/strong><br \/>\n1x insert pour fourmili\u00e8re<br \/>\n1x couvercle<br \/>\n1x points de fixation 2 pcs.<\/p>\n<p><strong>Description :<\/strong><br \/>\nCet insert de nidification peut \u00eatre plac\u00e9 dans une fourmili\u00e8re ANTCUBE et rempli d'un mat\u00e9riau creusable (par exemple, un m\u00e9lange de sable et d'argile ou Digfix). La particularit\u00e9 de cet insert est qu'il peut \u00eatre facilement retir\u00e9 de la fourmili\u00e8re, par exemple pour passer l'hiver avec les fourmis. La partie inf\u00e9rieure comporte deux trous de 10 mm pour l'entr\u00e9e et la sortie et pour la ventilation. Ils peuvent \u00eatre obtur\u00e9s par des bouchons de 10 mm pour l'hivernage (ces bouchons ne sont pas fournis).<\/p>\n<p><strong>Note :<\/strong> Le verre est d\u00e9coup\u00e9 selon la norme DIN 1249 avec une tol\u00e9rance de +\/- 1 mm. Une protection suppl\u00e9mentaire est indispensable pour les esp\u00e8ces de fourmis de tr\u00e8s petite taille.<\/p>","protected":false},"excerpt":{"rendered":"<p>Taille : <span style=\"color: #ff0000;\"><strong>XL<\/strong><\/span><\/p>","protected":false},"featured_media":9535,"comment_status":"open","ping_status":"closed","template":"","meta":{"_acf_changed":false,"content-type":"","_monsterinsights_skip_tracking":false,"_monsterinsights_sitenote_active":false,"_monsterinsights_sitenote_note":"","_monsterinsights_sitenote_category":0},"product_brand":[],"product_cat":[91,94],"product_tag":[],"class_list":{"0":"post-9223","1":"product","2":"type-product","3":"status-publish","4":"has-post-thumbnail","6":"product_cat-formicarium-modules","7":"product_cat-arena-inset","8":"product_shipping_class-fragile","10":"first","11":"instock","12":"taxable","13":"shipping-taxable","14":"purchasable","15":"product-type-simple"},"acf":[],"aioseo_notices":[],"jetpack_sharing_enabled":true,"_links":{"self":[{"href":"https:\/\/antcube.shop\/fr\/wp-json\/wp\/v2\/product\/9223","targetHints":{"allow":["GET"]}}],"collection":[{"href":"https:\/\/antcube.shop\/fr\/wp-json\/wp\/v2\/product"}],"about":[{"href":"https:\/\/antcube.shop\/fr\/wp-json\/wp\/v2\/types\/product"}],"replies":[{"embeddable":true,"href":"https:\/\/antcube.shop\/fr\/wp-json\/wp\/v2\/comments?post=9223"}],"wp:featuredmedia":[{"embeddable":true,"href":"https:\/\/antcube.shop\/fr\/wp-json\/wp\/v2\/media\/9535"}],"wp:attachment":[{"href":"https:\/\/antcube.shop\/fr\/wp-json\/wp\/v2\/media?parent=9223"}],"wp:term":[{"taxonomy":"product_brand","embeddable":true,"href":"https:\/\/antcube.shop\/fr\/wp-json\/wp\/v2\/product_brand?post=9223"},{"taxonomy":"product_cat","embeddable":true,"href":"https:\/\/antcube.shop\/fr\/wp-json\/wp\/v2\/product_cat?post=9223"},{"taxonomy":"product_tag","embeddable":true,"href":"https:\/\/antcube.shop\/fr\/wp-json\/wp\/v2\/product_tag?post=9223"}],"curies":[{"name":"wp","href":"https:\/\/api.w.org\/{rel}","templated":true}]}}