{"id":9221,"date":"2024-09-17T14:26:05","date_gmt":"2024-09-17T12:26:05","guid":{"rendered":"https:\/\/antcube.shop\/en\/product\/antcube-ameisenfarm-xl-30x30-stehend\/"},"modified":"2026-03-29T14:39:20","modified_gmt":"2026-03-29T12:39:20","slug":"antcube-ameisenfarm-xl-30x30-stehend","status":"publish","type":"product","link":"https:\/\/antcube.shop\/fr\/produit\/antcube-ameisenfarm-xl-30x30-stehend\/","title":{"rendered":"ANTCUBE - Fourmili\u00e8re - XL - 30\u00d730 - vertical"},"content":{"rendered":"<p><strong>Dimensions (LxlxH) :<\/strong><br \/>\next\u00e9rieur : 290x58x299 mm<br \/>\nint\u00e9rieur : 284x50x290 mm<\/p>\n<p><strong>Mat\u00e9riau :<\/strong><br \/>\nVerre flott\u00e9, plastique<\/p>\n<p><strong>couleur :<\/strong><br \/>\nclair comme de l'eau de roche<\/p>\n<p><strong>Contenu :<\/strong><br \/>\n1x fourmili\u00e8re ANTCUBE - espacement des plaques de 52 mm<br \/>\n1x housse de fourmili\u00e8re XL 30\u00d76<br \/>\n2x bouchons 4mm<\/p>\n<p><strong>Connexion :<\/strong><br \/>\nIl y a un trou de 27 mm des deux c\u00f4t\u00e9s pour que cette ferme puisse \u00eatre connect\u00e9e \u00e0 un tuyau de 28 mm ou \u00e0 notre \"connecteur de r\u00e9servoir avec tuyau pour trous de 27 mm\".<br \/>\n2x trous de 4mm avec bouchons de 4mm.<\/p>\n<p><strong>Description :<\/strong><br \/>\nCette fourmili\u00e8re enti\u00e8rement transparente convient aux esp\u00e8ces de fourmis de taille moyenne.<\/p>\n<p><strong>Notes sur la production<\/strong><br \/>\nLe verre est coup\u00e9 selon la norme DIN 1249 avec une tol\u00e9rance de +\/- 1 mm. Pour les esp\u00e8ces de fourmis extr\u00eamement petites, une protection suppl\u00e9mentaire contre les fuites est indispensable.<\/p>\n<p><strong>Note sur la ferme<\/strong><br \/>\nVeuillez tenir compte des points suivants lors de la fixation des tubes :<br \/>\nSi le tuyau est tr\u00e8s difficile \u00e0 placer sur le manchon de raccordement, il faut frotter l\u00e9g\u00e8rement le manchon avec une goutte de notre huile ou de notre poudre de protection contre l'\u00e9clatement. Le tuyau doit ensuite \u00eatre pouss\u00e9 sur le manchon par des mouvements de torsion ou de vissage, sans solliciter le manchon par des mouvements de haut en bas.<\/p>","protected":false},"excerpt":{"rendered":"<p><strong>Connexion<\/strong>Al\u00e9sage : 27mm<br \/>\n<strong>Gr\u00f6\u00dfe<\/strong>: <span style=\"font-size: small;\"><span style=\"font-family: Arial;\"><strong>XL<\/strong><\/span><\/span><\/p>","protected":false},"featured_media":9540,"comment_status":"open","ping_status":"closed","template":"","meta":{"_acf_changed":false,"content-type":"","_monsterinsights_skip_tracking":false,"_monsterinsights_sitenote_active":false,"_monsterinsights_sitenote_note":"","_monsterinsights_sitenote_category":0},"product_brand":[],"product_cat":[80,84],"product_tag":[],"class_list":{"0":"post-9221","1":"product","2":"type-product","3":"status-publish","4":"has-post-thumbnail","6":"product_cat-antfarms","7":"product_cat-antfarms-xl","9":"first","10":"instock","11":"taxable","12":"shipping-taxable","13":"purchasable","14":"product-type-simple"},"acf":[],"aioseo_notices":[],"jetpack_sharing_enabled":true,"_links":{"self":[{"href":"https:\/\/antcube.shop\/fr\/wp-json\/wp\/v2\/product\/9221","targetHints":{"allow":["GET"]}}],"collection":[{"href":"https:\/\/antcube.shop\/fr\/wp-json\/wp\/v2\/product"}],"about":[{"href":"https:\/\/antcube.shop\/fr\/wp-json\/wp\/v2\/types\/product"}],"replies":[{"embeddable":true,"href":"https:\/\/antcube.shop\/fr\/wp-json\/wp\/v2\/comments?post=9221"}],"wp:featuredmedia":[{"embeddable":true,"href":"https:\/\/antcube.shop\/fr\/wp-json\/wp\/v2\/media\/9540"}],"wp:attachment":[{"href":"https:\/\/antcube.shop\/fr\/wp-json\/wp\/v2\/media?parent=9221"}],"wp:term":[{"taxonomy":"product_brand","embeddable":true,"href":"https:\/\/antcube.shop\/fr\/wp-json\/wp\/v2\/product_brand?post=9221"},{"taxonomy":"product_cat","embeddable":true,"href":"https:\/\/antcube.shop\/fr\/wp-json\/wp\/v2\/product_cat?post=9221"},{"taxonomy":"product_tag","embeddable":true,"href":"https:\/\/antcube.shop\/fr\/wp-json\/wp\/v2\/product_tag?post=9221"}],"curies":[{"name":"wp","href":"https:\/\/api.w.org\/{rel}","templated":true}]}}