{"id":9216,"date":"2024-09-17T14:24:00","date_gmt":"2024-09-17T12:24:00","guid":{"rendered":"https:\/\/antcube.shop\/en\/product\/antcube-ameisenfarm-l-20x10-stehend\/"},"modified":"2026-04-02T09:54:34","modified_gmt":"2026-04-02T07:54:34","slug":"antcube-fourmiliere-l-20x10-debout","status":"publish","type":"product","link":"https:\/\/antcube.shop\/fr\/produit\/antcube-fourmiliere-l-20x10-debout\/","title":{"rendered":"ANTCUBE - Fourmili\u00e8re - G - 20\u00d710 - debout"},"content":{"rendered":"<p><strong>Dimensions (LxlxH) :<\/strong><br \/>\next\u00e9rieur : 234x58x99 mm<br \/>\nint\u00e9rieur : 184x20x90 mm<\/p>\n<p><strong>Mat\u00e9riau :<\/strong><br \/>\nVerre flott\u00e9, plastique<\/p>\n<p><strong>couleur :<\/strong><br \/>\nclair comme de l'eau de roche<\/p>\n<p><strong>Contenu :<\/strong><br \/>\n1x fourmili\u00e8re ANTCUBE - espacement des plaques de 20 mm<br \/>\n1x couverture de fourmili\u00e8re L 20\u00d73<br \/>\n2x bouchons 4mm<\/p>\n<p><strong>Connexion :<\/strong><br \/>\n2x douille 14\/16\/18\/20 x 20mm<br \/>\n2x trous de 4mm avec bouchons de 4mm<\/p>\n<p>Le tuyau 14\/10 est ins\u00e9r\u00e9 fermement dans la douille de 14 mm.<br \/>\nLe tuyau 20\/16 est solidement fix\u00e9 \u00e0 la premi\u00e8re marche de 16 mm.<br \/>\nLe tuyau 22\/18 est solidement fix\u00e9 \u00e0 la deuxi\u00e8me marche de 20 mm.<br \/>\nLe tuyau 24\/20 est fix\u00e9 sans \u00eatre serr\u00e9 sur la deuxi\u00e8me marche de 20 mm.<\/p>\n<p><strong>Description :<\/strong><br \/>\nCette fourmili\u00e8re enti\u00e8rement transparente est adapt\u00e9e aux esp\u00e8ces de fourmis de taille S.<\/p>\n<p><strong>Notes sur la production<\/strong><br \/>\nLe verre est coup\u00e9 selon la norme DIN 1249 avec une tol\u00e9rance de +\/- 1 mm. Pour les esp\u00e8ces de fourmis extr\u00eamement petites, une protection suppl\u00e9mentaire contre les fuites est indispensable.<\/p>\n<p><strong>Note sur la ferme<\/strong><br \/>\nLorsque vous fixez ou retirez des tuyaux, veuillez tenir compte des points suivants :<br \/>\nSi le tuyau est tr\u00e8s difficile \u00e0 placer sur le manchon de raccordement, il faut frotter l\u00e9g\u00e8rement le manchon avec une goutte de notre huile ou de notre poudre anti-\u00e9clatement. Le tuyau doit ensuite \u00eatre pouss\u00e9 sur le manchon par des mouvements de torsion ou de vissage, sans solliciter le manchon par des mouvements de haut en bas. Il en va de m\u00eame lorsque vous retirez les tuyaux du manchon de raccordement \u00e0 la ferme. Ne tirez pas simplement sur le tuyau !<\/p>","protected":false},"excerpt":{"rendered":"<p><strong>Connexion :<\/strong> Douille 2\u00d714\/16\/18\/20 mm + couvercle Espacement des plaques : Int\u00e9rieur 20 mm \/ ext\u00e9rieur 28 mm<\/p>\n<p><strong>Taille :<\/strong> L<\/p>","protected":false},"featured_media":9550,"comment_status":"open","ping_status":"closed","template":"","meta":{"_acf_changed":false,"content-type":"","_monsterinsights_skip_tracking":false,"_monsterinsights_sitenote_active":false,"_monsterinsights_sitenote_note":"","_monsterinsights_sitenote_category":0},"product_brand":[],"product_cat":[80,83],"product_tag":[],"class_list":{"0":"post-9216","1":"product","2":"type-product","3":"status-publish","4":"has-post-thumbnail","6":"product_cat-antfarms","7":"product_cat-antfarms-l","9":"first","10":"instock","11":"taxable","12":"shipping-taxable","13":"purchasable","14":"product-type-simple"},"acf":[],"aioseo_notices":[],"jetpack_sharing_enabled":true,"_links":{"self":[{"href":"https:\/\/antcube.shop\/fr\/wp-json\/wp\/v2\/product\/9216","targetHints":{"allow":["GET"]}}],"collection":[{"href":"https:\/\/antcube.shop\/fr\/wp-json\/wp\/v2\/product"}],"about":[{"href":"https:\/\/antcube.shop\/fr\/wp-json\/wp\/v2\/types\/product"}],"replies":[{"embeddable":true,"href":"https:\/\/antcube.shop\/fr\/wp-json\/wp\/v2\/comments?post=9216"}],"wp:featuredmedia":[{"embeddable":true,"href":"https:\/\/antcube.shop\/fr\/wp-json\/wp\/v2\/media\/9550"}],"wp:attachment":[{"href":"https:\/\/antcube.shop\/fr\/wp-json\/wp\/v2\/media?parent=9216"}],"wp:term":[{"taxonomy":"product_brand","embeddable":true,"href":"https:\/\/antcube.shop\/fr\/wp-json\/wp\/v2\/product_brand?post=9216"},{"taxonomy":"product_cat","embeddable":true,"href":"https:\/\/antcube.shop\/fr\/wp-json\/wp\/v2\/product_cat?post=9216"},{"taxonomy":"product_tag","embeddable":true,"href":"https:\/\/antcube.shop\/fr\/wp-json\/wp\/v2\/product_tag?post=9216"}],"curies":[{"name":"wp","href":"https:\/\/api.w.org\/{rel}","templated":true}]}}