{"id":9214,"date":"2024-09-17T14:22:38","date_gmt":"2024-09-17T12:22:38","guid":{"rendered":"https:\/\/antcube.shop\/en\/product\/primatenschadel\/"},"modified":"2026-04-13T09:30:18","modified_gmt":"2026-04-13T07:30:18","slug":"crane-de-primate","status":"publish","type":"product","link":"https:\/\/antcube.shop\/fr\/produit\/crane-de-primate\/","title":{"rendered":"Cr\u00e2ne de primate"},"content":{"rendered":"<p><strong>Dimensions :<\/strong> 14x12x12 cm<\/p>\n<p><strong>Description :<\/strong> Ces d\u00e9corations en r\u00e9sine synth\u00e9tique robuste sont extr\u00eamement durables et ne peuvent pas \u00eatre endommag\u00e9es par les fourmis. Elles ont n\u00e9anmoins un aspect tr\u00e8s naturel et attrayant.<\/p>\n<p><strong>Note :<\/strong> Nettoyer \u00e0 l'eau courante avant utilisation !<\/p>","protected":false},"excerpt":{"rendered":"<p>Dimensions : 14x12x12 cm<\/p>","protected":false},"featured_media":9664,"comment_status":"open","ping_status":"closed","template":"","meta":{"_acf_changed":false,"content-type":"","_monsterinsights_skip_tracking":false,"_monsterinsights_sitenote_active":false,"_monsterinsights_sitenote_note":"","_monsterinsights_sitenote_category":0},"product_brand":[],"product_cat":[98],"product_tag":[],"class_list":{"0":"post-9214","1":"product","2":"type-product","3":"status-publish","4":"has-post-thumbnail","6":"product_cat-decoration","8":"first","9":"instock","10":"taxable","11":"shipping-taxable","12":"purchasable","13":"product-type-simple"},"acf":[],"aioseo_notices":[],"jetpack_sharing_enabled":true,"_links":{"self":[{"href":"https:\/\/antcube.shop\/fr\/wp-json\/wp\/v2\/product\/9214","targetHints":{"allow":["GET"]}}],"collection":[{"href":"https:\/\/antcube.shop\/fr\/wp-json\/wp\/v2\/product"}],"about":[{"href":"https:\/\/antcube.shop\/fr\/wp-json\/wp\/v2\/types\/product"}],"replies":[{"embeddable":true,"href":"https:\/\/antcube.shop\/fr\/wp-json\/wp\/v2\/comments?post=9214"}],"wp:featuredmedia":[{"embeddable":true,"href":"https:\/\/antcube.shop\/fr\/wp-json\/wp\/v2\/media\/9664"}],"wp:attachment":[{"href":"https:\/\/antcube.shop\/fr\/wp-json\/wp\/v2\/media?parent=9214"}],"wp:term":[{"taxonomy":"product_brand","embeddable":true,"href":"https:\/\/antcube.shop\/fr\/wp-json\/wp\/v2\/product_brand?post=9214"},{"taxonomy":"product_cat","embeddable":true,"href":"https:\/\/antcube.shop\/fr\/wp-json\/wp\/v2\/product_cat?post=9214"},{"taxonomy":"product_tag","embeddable":true,"href":"https:\/\/antcube.shop\/fr\/wp-json\/wp\/v2\/product_tag?post=9214"}],"curies":[{"name":"wp","href":"https:\/\/api.w.org\/{rel}","templated":true}]}}