{"id":9213,"date":"2024-09-17T14:22:15","date_gmt":"2024-09-17T12:22:15","guid":{"rendered":"https:\/\/antcube.shop\/en\/product\/tiger-aloe-10cm\/"},"modified":"2026-04-13T09:32:19","modified_gmt":"2026-04-13T07:32:19","slug":"aloes-tigre-10cm","status":"publish","type":"product","link":"https:\/\/antcube.shop\/fr\/produit\/aloes-tigre-10cm\/","title":{"rendered":"Alo\u00e8s tigr\u00e9 - 10cm"},"content":{"rendered":"<p><strong>Dimensions :<\/strong> 99 x 95 x 105 mm<\/p>\n<p><strong>Mat\u00e9riau :<\/strong> b\u00e9ton polym\u00e8re, argile, plastique<\/p>\n<p><strong>Couleur :<\/strong><br \/>\nBase : gris-vert<br \/>\nPlante : verte avec des pointes brun-rouge<\/p>\n<p><strong>Contenu :<\/strong> 1 pi\u00e8ce<\/p>\n<p><strong>Description :<\/strong> L'alo\u00e8s tigr\u00e9 est fabriqu\u00e9 en plastique robuste et poss\u00e8de une base en r\u00e9sine synth\u00e9tique \u00e0 l'aspect pierreux. Il est donc extr\u00eamement durable et ne peut pas \u00eatre endommag\u00e9 par les fourmis.<br \/>\nN\u00e9anmoins, il a un aspect tr\u00e8s naturel et attrayant et peut \u00eatre facilement int\u00e9gr\u00e9 dans un formicarium.<\/p>\n<p><strong>Note :<\/strong> Nettoyer \u00e0 l'eau courante avant utilisation !<\/p>","protected":false},"excerpt":{"rendered":"<p>Dimensions : 99 x 95 x 105 mm Mat\u00e9riau : b\u00e9ton polym\u00e8re, argile, plastique Couleur : Base : gris-vert Plante : verte avec des pointes rouge-brun Contenu : 1 pi\u00e8ce Description : L'alo\u00e8s tigre est fabriqu\u00e9 en plastique robuste et a une base en r\u00e9sine synth\u00e9tique \u00e0 l'aspect de pierre. Il est donc extr\u00eamement durable et ne peut pas \u00eatre endommag\u00e9 par les fourmis. N\u00e9anmoins, il","protected":false},"featured_media":9662,"comment_status":"open","ping_status":"closed","template":"","meta":{"_acf_changed":false,"content-type":"","_monsterinsights_skip_tracking":false,"_monsterinsights_sitenote_active":false,"_monsterinsights_sitenote_note":"","_monsterinsights_sitenote_category":0},"product_brand":[],"product_cat":[98,99],"product_tag":[],"class_list":{"0":"post-9213","1":"product","2":"type-product","3":"status-publish","4":"has-post-thumbnail","6":"product_cat-decoration","7":"product_cat-desert","9":"first","10":"instock","11":"taxable","12":"shipping-taxable","13":"purchasable","14":"product-type-simple"},"acf":[],"aioseo_notices":[],"jetpack_sharing_enabled":true,"_links":{"self":[{"href":"https:\/\/antcube.shop\/fr\/wp-json\/wp\/v2\/product\/9213","targetHints":{"allow":["GET"]}}],"collection":[{"href":"https:\/\/antcube.shop\/fr\/wp-json\/wp\/v2\/product"}],"about":[{"href":"https:\/\/antcube.shop\/fr\/wp-json\/wp\/v2\/types\/product"}],"replies":[{"embeddable":true,"href":"https:\/\/antcube.shop\/fr\/wp-json\/wp\/v2\/comments?post=9213"}],"wp:featuredmedia":[{"embeddable":true,"href":"https:\/\/antcube.shop\/fr\/wp-json\/wp\/v2\/media\/9662"}],"wp:attachment":[{"href":"https:\/\/antcube.shop\/fr\/wp-json\/wp\/v2\/media?parent=9213"}],"wp:term":[{"taxonomy":"product_brand","embeddable":true,"href":"https:\/\/antcube.shop\/fr\/wp-json\/wp\/v2\/product_brand?post=9213"},{"taxonomy":"product_cat","embeddable":true,"href":"https:\/\/antcube.shop\/fr\/wp-json\/wp\/v2\/product_cat?post=9213"},{"taxonomy":"product_tag","embeddable":true,"href":"https:\/\/antcube.shop\/fr\/wp-json\/wp\/v2\/product_tag?post=9213"}],"curies":[{"name":"wp","href":"https:\/\/api.w.org\/{rel}","templated":true}]}}