{"id":9209,"date":"2024-09-17T14:20:13","date_gmt":"2024-09-17T12:20:13","guid":{"rendered":"https:\/\/antcube.shop\/en\/product\/sumpfpflanze\/"},"modified":"2026-04-07T09:38:24","modified_gmt":"2026-04-07T07:38:24","slug":"plante-des-marais","status":"publish","type":"product","link":"https:\/\/antcube.shop\/fr\/produit\/plante-des-marais\/","title":{"rendered":"plante des marais"},"content":{"rendered":"<p><strong>Dimensions :<\/strong> environ 90 x 30 x 125 mm<\/p>\n<p><strong>Mat\u00e9riau :<\/strong> b\u00e9ton polym\u00e8re, argile, plastique<\/p>\n<p><strong>Couleur :<\/strong><br \/>\nBase : vert, gris clair-gris fonc\u00e9<br \/>\nPlante : vert clair-vert fonc\u00e9<\/p>\n<p><strong>Contenu :<\/strong> 1 pc.<\/p>\n<p><strong>Description :<\/strong> Ces plantes sont fabriqu\u00e9es en plastique robuste et ont une base en r\u00e9sine synth\u00e9tique \u00e0 l'aspect de pierre. Elles sont donc tr\u00e8s r\u00e9sistantes et ne peuvent pas \u00eatre endommag\u00e9es par les fourmis. Elles ont n\u00e9anmoins un aspect tr\u00e8s naturel et attrayant et s'int\u00e8grent facilement dans un formicarium.<\/p>\n<p><strong>Note :<\/strong> Nettoyer \u00e0 l'eau courante avant utilisation !<\/p>","protected":false},"excerpt":{"rendered":"<p>Dimensions : environ 9 x 3 x 12,5 cm<\/p>","protected":false},"featured_media":9362,"comment_status":"open","ping_status":"closed","template":"","meta":{"_acf_changed":false,"content-type":"","_monsterinsights_skip_tracking":false,"_monsterinsights_sitenote_active":false,"_monsterinsights_sitenote_note":"","_monsterinsights_sitenote_category":0},"product_brand":[],"product_cat":[98,100],"product_tag":[],"class_list":{"0":"post-9209","1":"product","2":"type-product","3":"status-publish","4":"has-post-thumbnail","6":"product_cat-decoration","7":"product_cat-rainforest","9":"first","10":"instock","11":"taxable","12":"shipping-taxable","13":"purchasable","14":"product-type-simple"},"acf":[],"aioseo_notices":[],"jetpack_sharing_enabled":true,"_links":{"self":[{"href":"https:\/\/antcube.shop\/fr\/wp-json\/wp\/v2\/product\/9209","targetHints":{"allow":["GET"]}}],"collection":[{"href":"https:\/\/antcube.shop\/fr\/wp-json\/wp\/v2\/product"}],"about":[{"href":"https:\/\/antcube.shop\/fr\/wp-json\/wp\/v2\/types\/product"}],"replies":[{"embeddable":true,"href":"https:\/\/antcube.shop\/fr\/wp-json\/wp\/v2\/comments?post=9209"}],"wp:featuredmedia":[{"embeddable":true,"href":"https:\/\/antcube.shop\/fr\/wp-json\/wp\/v2\/media\/9362"}],"wp:attachment":[{"href":"https:\/\/antcube.shop\/fr\/wp-json\/wp\/v2\/media?parent=9209"}],"wp:term":[{"taxonomy":"product_brand","embeddable":true,"href":"https:\/\/antcube.shop\/fr\/wp-json\/wp\/v2\/product_brand?post=9209"},{"taxonomy":"product_cat","embeddable":true,"href":"https:\/\/antcube.shop\/fr\/wp-json\/wp\/v2\/product_cat?post=9209"},{"taxonomy":"product_tag","embeddable":true,"href":"https:\/\/antcube.shop\/fr\/wp-json\/wp\/v2\/product_tag?post=9209"}],"curies":[{"name":"wp","href":"https:\/\/api.w.org\/{rel}","templated":true}]}}